{"id":4542,"date":"2021-12-29T13:34:25","date_gmt":"2021-12-29T11:34:25","guid":{"rendered":"https:\/\/findvit.com\/?post_type=product&#038;p=4542"},"modified":"2026-03-02T15:49:47","modified_gmt":"2026-03-02T13:49:47","slug":"vitamin-code-raw-vitaminas-c-vitamino-c-kompleksas-60","status":"publish","type":"product","link":"https:\/\/findvit.com\/lv\/produktas\/vitamin-code-raw-vitaminas-c-vitamino-c-kompleksas-60\/","title":{"rendered":"Garden of life Vitamin Code RAW VITAMINAS C &#8211;  Vitaminas C  visavertis kompleksas su antioksidantais, probiotikais ir fermentais, 60 vegankapsuli\u0173"},"content":{"rendered":"<div data-elementor-type=\"product-post\" data-elementor-id=\"4542\" class=\"elementor elementor-4542\" data-elementor-post-type=\"product\">\n\t\t\t\t\t\t<section class=\"elementor-section elementor-top-section elementor-element elementor-element-befc80d elementor-section-boxed elementor-section-height-default elementor-section-height-default\" data-id=\"befc80d\" data-element_type=\"section\">\n\t\t\t\t\t\t<div class=\"elementor-container elementor-column-gap-default\">\n\t\t\t\t\t<div class=\"elementor-column elementor-col-100 elementor-top-column elementor-element elementor-element-11194a8\" data-id=\"11194a8\" data-element_type=\"column\">\n\t\t\t<div class=\"elementor-widget-wrap elementor-element-populated\">\n\t\t\t\t\t\t<div class=\"elementor-element elementor-element-0d003b4 elementor-absolute elementor-hidden-mobile elementor-invisible elementor-widget elementor-widget-image\" data-id=\"0d003b4\" data-element_type=\"widget\" data-settings=\"{&quot;motion_fx_motion_fx_scrolling&quot;:&quot;yes&quot;,&quot;motion_fx_rotateZ_effect&quot;:&quot;yes&quot;,&quot;motion_fx_rotateZ_speed&quot;:{&quot;unit&quot;:&quot;px&quot;,&quot;size&quot;:5,&quot;sizes&quot;:[]},&quot;motion_fx_range&quot;:&quot;viewport&quot;,&quot;_animation&quot;:&quot;fadeIn&quot;,&quot;_position&quot;:&quot;absolute&quot;,&quot;motion_fx_rotateZ_affectedRange&quot;:{&quot;unit&quot;:&quot;%&quot;,&quot;size&quot;:&quot;&quot;,&quot;sizes&quot;:{&quot;start&quot;:0,&quot;end&quot;:100}},&quot;motion_fx_devices&quot;:[&quot;desktop&quot;,&quot;tablet&quot;,&quot;mobile&quot;]}\" data-widget_type=\"image.default\">\n\t\t\t\t<div class=\"elementor-widget-container\">\n\t\t\t\t\t\t\t\t\t\t\t\t\t\t\t<img loading=\"lazy\" decoding=\"async\" width=\"200\" height=\"200\" src=\"https:\/\/findvit.com\/wp-content\/uploads\/2021\/09\/ratukas.svg\" class=\"attachment-full size-full wp-image-1777\" alt=\"Ritenis no anketas l\u012bdz vitam\u012bnam\" \/>\t\t\t\t\t\t\t\t\t\t\t\t\t\t\t<\/div>\n\t\t\t\t<\/div>\n\t\t\t\t\t<\/div>\n\t\t<\/div>\n\t\t\t\t\t<\/div>\n\t\t<\/section>\n\t\t\t\t<section class=\"elementor-section elementor-top-section elementor-element elementor-element-f4a9431 elementor-section-boxed elementor-section-height-default elementor-section-height-default\" data-id=\"f4a9431\" data-element_type=\"section\">\n\t\t\t\t\t\t<div class=\"elementor-container elementor-column-gap-no\">\n\t\t\t\t\t<div class=\"elementor-column elementor-col-50 elementor-top-column elementor-element elementor-element-eeb7dec\" data-id=\"eeb7dec\" data-element_type=\"column\">\n\t\t\t<div class=\"elementor-widget-wrap elementor-element-populated\">\n\t\t\t\t\t\t<div class=\"elementor-element elementor-element-ad26916 elementor-widget elementor-widget-heading\" data-id=\"ad26916\" data-element_type=\"widget\" data-widget_type=\"heading.default\">\n\t\t\t\t<div class=\"elementor-widget-container\">\n\t\t\t\t\t<h2 class=\"elementor-heading-title elementor-size-medium\">Vitamin Code Raw C vitam\u012bns ir dabisks uztura bag\u0101tin\u0101t\u0101js, kas paredz\u0113ts, lai nodro\u0161in\u0101tu 500 mg C vitam\u012bna, 60 kapsulas.<\/h2>\t\t\t\t<\/div>\n\t\t\t\t<\/div>\n\t\t\t\t<div class=\"elementor-element elementor-element-7587da6 elementor-widget elementor-widget-text-editor\" data-id=\"7587da6\" data-element_type=\"widget\" data-widget_type=\"text-editor.default\">\n\t\t\t\t<div class=\"elementor-widget-container\">\n\t\t\t\t\t\t\t\t\t<p>Ja j\u016bs mekl\u0113jat <strong>dabisks<\/strong> un <strong>kvalit\u0101ti<\/strong> C vitam\u012bna avots, Vitam\u012bna kods Neapstr\u0101d\u0101ts C vitam\u012bns ir <strong>lieliska izv\u0113le<\/strong>.<\/p><p>\u0160is dabiskais C vitam\u012bns ir izgatavots no p\u0101rtikas produktiem, kas nodro\u0161ina vienm\u0113r\u012bgu <strong>500 mg<\/strong> C vitam\u012bns un <strong>vair\u0101k nek\u0101 20<\/strong> biolo\u0123iski audz\u0113ti aug\u013ci un d\u0101rze\u0146i.<\/p><p>Vitam\u012bna kods Raw C vitam\u012bns ir \u013coti <strong>nov\u0113rt\u0113ts<\/strong> un <strong>atz\u012bts<\/strong> daudzi t\u0101p\u0113c, ka:<\/p><ul><li>C vitam\u012bns ir svar\u012bgs norm\u0101lai darb\u012bbai <strong>im\u016bnsist\u0113mas darb\u012bba<\/strong> <br \/>lai uztur\u0113tu intens\u012bvu fizisko aktivit\u0101ti <br \/>treni\u0146a laik\u0101 un p\u0113c t\u0101<\/li><li>C vitam\u012bns ir svar\u012bgs norm\u0101lai darb\u012bbai <strong>nervi<\/strong> sist\u0113mas <strong>aktivit\u0101t\u0113m<\/strong><\/li><li>C vitam\u012bns <strong>pal\u012bdz samazin\u0101t <\/strong><br \/><strong>noguruma saj\u016bta<\/strong> un <br \/>nogurums<\/li><li>C vitam\u012bns <strong>uzlabo dzelzi <\/strong><br \/><strong>absorbcija<\/strong><\/li><\/ul><p>\u0160is sp\u0113c\u012bgais papildin\u0101jums ar\u012b <strong>ir<\/strong> dz\u012bvs <strong>probiotikas<\/strong> un <strong>fermenti<\/strong>, kas v\u0113l vair\u0101k bag\u0101tina un sniedz to, ko m\u0113s mekl\u0113jam.<\/p><p>Vitam\u012bna kods Neapstr\u0101d\u0101ts C vitam\u012bns nav tikai vienk\u0101r\u0161s C vitam\u012bns. Tam ir virkne priek\u0161roc\u012bbu. \u012apa\u0161i izstr\u0101d\u0101ts, lai kop\u0101 nodro\u0161in\u0101tu 500 mg C vitam\u012bna <strong>ar<\/strong> dabiski sastopami <strong>bioflavono\u012bdi<\/strong>.<\/p><p>Bioflavono\u012bdi ir augu vielas, kas pal\u012bdz un bag\u0101tina.<\/p><p>Vitam\u012bna kods Raw C vitam\u012bns nav izgatavots no sint\u0113tisk\u0101m vai izol\u0113t\u0101m viel\u0101m. Vi\u0146\u0161 ir <strong>izgatavots no vesel\u012bgas p\u0101rtikas<\/strong>, kas nodro\u0161ina C vitam\u012bnu un citus dabiskos komponentus, kas pal\u012bdz.<\/p><p><strong>Stipri bag\u0101tin\u0101ts<\/strong>. Sast\u0101vda\u013cas kapsul\u0101 <strong>ietver 23 biolo\u0123iski audz\u0113tus aug\u013cus un d\u0101rze\u0146us<\/strong>, kas pievieno atbalsto\u0161us antioksidantus, vitam\u012bnus un bar\u012bbas vielas.<\/p><p>\u0160ie aug\u013ci un d\u0101rze\u0146i ir citrusaug\u013ci, paprika, broko\u013ci, spin\u0101ti, p\u0113ters\u012b\u013ci un daudzi citi augsti nov\u0113rt\u0113ti produkti.<\/p><p>Vitam\u012bna kods Neapstr\u0101d\u0101ts C vitam\u012bns, k\u0101 ar\u012b <strong>ir<\/strong> dz\u012bvs <strong>probiotikas<\/strong> un <strong>fermenti<\/strong>,<\/p><p>Vitam\u012bna kods Raw C vitam\u012bns tiek ra\u017eots, neizmantojot augstu temperat\u016bru vai \u0137\u012bmisku apstr\u0101di, t\u0101p\u0113c tas taj\u0101 paliek <strong>visi dab\u012bgie materi\u0101li<\/strong> un aktivit\u0101te.<\/p><p>Vitamin Code Raw C vitam\u012bns ir lielisks uztura bag\u0101tin\u0101t\u0101js <strong>tiem, kas v\u0113las ieg\u016bt vair\u0101k<\/strong> C vitam\u012bns un citas der\u012bgas vielas no dab\u012bgiem un organiskiem avotiem.<\/p><p>C vitam\u012bns ir labi zin\u0101ms antioksidants, kas mums sniedz nenov\u0113rt\u0113jamu v\u0113rt\u012bbu.<\/p><p>Vitam\u012bna kods Raw C vitam\u012bns ir viegli sagremojams.<\/p><p>\u013boti daudz<strong> \u0113rti lietojams<\/strong>, jo tas ir iepakots optim\u0101la izm\u0113ra kapsul\u0101s.\u00a0<\/p><p>Vi\u0146\u0161 ir <strong>kas nav \u0122MO<\/strong>, <strong>bez lipek\u013ca. <\/strong>Ide\u0101li piem\u0113rots <strong>veg\u0101niem.<\/strong> Tas nesatur m\u0101ksl\u012bg\u0101s piedevas, kr\u0101svielas, saldin\u0101t\u0101jus vai pildvielas, kuras bie\u017ei izmanto tablet\u0113s.<\/p><p>Uzturvielas tiek nodro\u0161in\u0101tas \u0113rt\u0101s augu kapsul\u0101s, kuras var lietot katru dienu vai atv\u0113rt un pievienot \u016bdenim vai sulai.<\/p><p>Ja mekl\u0113jat dabisku un kvalitat\u012bvu C vitam\u012bna avotu, Vitamin Code Raw Vitam\u012bns C ir lieliska izv\u0113le.<\/p><p><strong>Dab\u012bgais C vitam\u012bns un t\u0101 priek\u0161roc\u012bbas<\/strong> ir labi zin\u0101ms un nov\u0113rt\u0113ts vesel\u012bbas speci\u0101listu vid\u016b.\u00a0<\/p><p><strong>Aizsarg\u0101jo\u0161s tum\u0161\u0101 stikla iepakojums.<\/strong><\/p><p><strong>Tas aiz\u0146em l\u012bdz 60 dien\u0101m.\u00a0<\/strong><\/p><p>Ja neesat p\u0101rliecin\u0101ts, k\u0101di vitam\u012bni vai citi uztura bag\u0101tin\u0101t\u0101ji <strong>\u0161obr\u012bd vispiem\u0113rot\u0101kais<\/strong>, veiciet testu <a href=\"https:\/\/findvit.com\/lv\/testas\/\"><strong>&quot;Tava diena&quot;<\/strong><\/a> un uzzini\u00a0 <strong>personisks<\/strong> ieteikums!<\/p><p><a href=\"https:\/\/www.gardenoflife.com\/\" target=\"_blank\" rel=\"noopener\"><strong>&quot;Dz\u012bv\u012bbas d\u0101rzs&quot;<\/strong><\/a> ra\u017eot\u0101js.<\/p>\t\t\t\t\t\t\t\t<\/div>\n\t\t\t\t<\/div>\n\t\t\t\t\t<\/div>\n\t\t<\/div>\n\t\t\t\t<div class=\"elementor-column elementor-col-50 elementor-top-column elementor-element elementor-element-fbc17a4\" data-id=\"fbc17a4\" data-element_type=\"column\">\n\t\t\t<div class=\"elementor-widget-wrap elementor-element-populated\">\n\t\t\t\t\t\t<div class=\"elementor-element elementor-element-c9cdac8 elementor-widget elementor-widget-image\" data-id=\"c9cdac8\" data-element_type=\"widget\" data-widget_type=\"image.default\">\n\t\t\t\t<div class=\"elementor-widget-container\">\n\t\t\t\t\t\t\t\t\t\t\t\t\t\t\t<img loading=\"lazy\" decoding=\"async\" width=\"900\" height=\"900\" src=\"https:\/\/findvit.com\/wp-content\/uploads\/2021\/10\/Ko-13-900x900.jpg\" class=\"attachment-large size-large wp-image-2498\" alt=\"Fermenti sieviet\u0113m. Sieviete veic jogas vingrin\u0101jumus\" srcset=\"https:\/\/findvit.com\/wp-content\/uploads\/2021\/10\/Ko-13-900x900.jpg 900w, https:\/\/findvit.com\/wp-content\/uploads\/2021\/10\/Ko-13-600x600.jpg 600w, https:\/\/findvit.com\/wp-content\/uploads\/2021\/10\/Ko-13-150x150.jpg 150w, https:\/\/findvit.com\/wp-content\/uploads\/2021\/10\/Ko-13-768x768.jpg 768w, https:\/\/findvit.com\/wp-content\/uploads\/2021\/10\/Ko-13-1x1.jpg 1w, https:\/\/findvit.com\/wp-content\/uploads\/2021\/10\/Ko-13-10x10.jpg 10w, https:\/\/findvit.com\/wp-content\/uploads\/2021\/10\/Ko-13-100x100.jpg 100w, https:\/\/findvit.com\/wp-content\/uploads\/2021\/10\/Ko-13.jpg 1000w\" sizes=\"auto, (max-width: 900px) 100vw, 900px\" \/>\t\t\t\t\t\t\t\t\t\t\t\t\t\t\t<\/div>\n\t\t\t\t<\/div>\n\t\t\t\t\t<\/div>\n\t\t<\/div>\n\t\t\t\t\t<\/div>\n\t\t<\/section>\n\t\t\t\t<\/div>","protected":false},"excerpt":{"rendered":"<p>Vitamin Code Raw C vitam\u012bns ir unik\u0101ls uztura bag\u0101tin\u0101t\u0101js, ko raksturo augst\u0101k\u0101 kvalit\u0101te un vispus\u012bba. \u0160is apbr\u012bnojamais produkts ir izgatavots no biolo\u0123iski audz\u0113tiem aug\u013ciem un d\u0101rze\u0146iem, r\u016bp\u012bgi iev\u0113rojot procesu, lai saglab\u0101tu dabiskos koenz\u012bmus. Tas ir bez \u0122MO, bez lipek\u013ca un sertific\u0113ts veg\u0101ns. Pietiek ar 30 l\u012bdz 60 dien\u0101m.<\/p>","protected":false},"featured_media":23328,"comment_status":"open","ping_status":"closed","template":"","meta":{"_acf_changed":false,"inline_featured_image":false},"etheme_brands":[{"term_id":58,"name":"Garden of Life","slug":"garden-of-life","term_group":0,"term_taxonomy_id":58,"taxonomy":"brand","description":"<h2><strong><a href=\"https:\/\/www.gardenoflife.com\/why-gol\" target=\"_blank\" rel=\"noopener\">Garden of Life<\/a><\/strong><\/h2>\r\nJAV \u012fmon\u0117, kuri yra viena i\u0161 nedaugelio, gaminanti savo produktus 100% i\u0161 nat\u016brali\u0173 ingredient\u0173. Puikiai tinka \u017emon\u0117ms, kuriems labai svarbi produkt\u0173 sud\u0117tis. Visi produktai be GMO. Gamintojas apdovanotas daugeliu kokyb\u0117s sertifikat\u0173, toki\u0173 kaip USDA Organic, Certified Vegan, Certified Gluten-Free, U Kosher ir daugelis kit\u0173. Garden of life kompanija dal\u012f pajam\u0173, gaut\u0173 i\u0161 pardavim\u0173, skiria labdarai, pla\u010diau apra\u0161ytoms gamintojo svetain\u0117je.\r\n\"Garden of Life\" tikslas - suteikti \u017emon\u0117ms galimyb\u0119 tur\u0117ti auk\u0161tos kokyb\u0117s papildus, kurie yra reikalingi gerai sveikatai i\u0161laikyti. Sud\u0117tin\u0117s dalys yra organin\u0117s kilm\u0117s, klini\u0161kai i\u0161tirtos ir atsekamos kilm\u0117s. Gompanija savo gaminiuose nenaudoja sintetini\u0173 pried\u0173, dirbtini\u0173 skoni\u0173 ar da\u017eikli\u0173, ri\u0161ikli\u0173 ar u\u017epild\u0173.\r\nhttps:\/\/youtu.be\/2jbU_WkglKA?t=48\r\n<h3><strong>Neapdirbtas maistas<\/strong><\/h3>\r\n\u017dmogaus k\u016bnas buvo sukurtas valgyti, apdoroti ir gauti maistines med\u017eiagas i\u0161 maisto - tikro, sveiko maisto. Taigi, kai kuriami produktai, pradedama nuo \u017evilgnsio \u012f maist\u0105. Kokie yra \"geri dalykai\" auk\u0161\u010diausios kokyb\u0117s maiste, kurio mums tr\u016bksta m\u016bs\u0173 kasdien\u0117je mityboje? Kuris i\u0161 \u0161i\u0173 maisto produkt\u0173 turi did\u017eiausi\u0105 potencial\u0105 paveikti ir \u012fgalinti ger\u0105 sveikat\u0105?\r\n<h3><strong>Atsekamumas<\/strong><\/h3>\r\nAtsekamumas yra labai svarbus veiksnys, d\u0117l kurio \"Garden of Life\" produktai yra tokie ypatingi. Atsekamumas prasideda nuo \u017einojimo, i\u0161 kur kil\u0119s kiekvienas produkt\u0173 ingredientas, ir susipa\u017einimo su kiekviena kilme: kur jis auginamas; \u016bkininkavimo praktika; kaip elgiasi su \u016bkio darbuotojais \u2013 viskuo.\r\n<h3><strong>\u0160varu yra sveika<\/strong><\/h3>\r\nGarden of life stebi, kas yra \u012fdedama \u012f produktus \u2013 tikri, neapdirbti maisto ingredientai. Bet ties tuo nesustojama. Taip pat labai daug d\u0117mesio skiriama tam, kas i\u0161 \u0161i\u0173 produkt\u0173 i\u0161gaunama. Ir dar kart\u0105 renkamasi\u00a0 \u2013 tikras kokybi\u0161kas maistas. Kompanija naudoja tre\u010di\u0173j\u0173 \u0161ali\u0173\u00a0 sertifikatus, kad \u012frodyt\u0173, jog produktai yra \u0161var\u016bs ir kokybi\u0161ki!\r\n<h3><strong>CO2 neutralumas<\/strong><\/h3>\r\nGarden of life nepaprastai did\u017eiuojasi, kad pasiek\u0117 anglies dioksido neutralum\u0105 2021 m. Bir\u017eelio m\u0117n. CarbonFund.org sertifikuotas \"Carbonfree\u00ae\", \"Garden of Life\" nuo pat \u012fk\u016brimo buvo \u012fsipareigojusi tvarumui.","parent":0,"count":12,"filter":"raw"}],"product_brand":[],"product_cat":[646,645,63,15],"product_tag":[660,91,122,93,98],"class_list":{"0":"post-4542","1":"product","2":"type-product","3":"status-publish","4":"has-post-thumbnail","6":"brand-garden-of-life","7":"product_cat-papildai-moterims","8":"product_cat-geriausi-papildai-vyrams","9":"product_cat-mineralai","10":"product_cat-produktai","11":"product_tag-esminiai-vitaminai-moterims","12":"product_tag-imunitetui","13":"product_tag-jaunatviskai-odai","14":"product_tag-sveikai-sirdziai","15":"product_tag-tvirtiems-kaulams","17":"first","18":"instock","19":"sale","20":"taxable","21":"shipping-taxable","22":"purchasable","23":"product-type-simple"},"acf":[],"_links":{"self":[{"href":"https:\/\/findvit.com\/lv\/wp-json\/wp\/v2\/product\/4542","targetHints":{"allow":["GET"]}}],"collection":[{"href":"https:\/\/findvit.com\/lv\/wp-json\/wp\/v2\/product"}],"about":[{"href":"https:\/\/findvit.com\/lv\/wp-json\/wp\/v2\/types\/product"}],"replies":[{"embeddable":true,"href":"https:\/\/findvit.com\/lv\/wp-json\/wp\/v2\/comments?post=4542"}],"version-history":[{"count":31,"href":"https:\/\/findvit.com\/lv\/wp-json\/wp\/v2\/product\/4542\/revisions"}],"predecessor-version":[{"id":21247,"href":"https:\/\/findvit.com\/lv\/wp-json\/wp\/v2\/product\/4542\/revisions\/21247"}],"wp:featuredmedia":[{"embeddable":true,"href":"https:\/\/findvit.com\/lv\/wp-json\/wp\/v2\/media\/23328"}],"wp:attachment":[{"href":"https:\/\/findvit.com\/lv\/wp-json\/wp\/v2\/media?parent=4542"}],"wp:term":[{"taxonomy":"brand","embeddable":true,"href":"https:\/\/findvit.com\/lv\/wp-json\/wp\/v2\/etheme_brands?post=4542"},{"taxonomy":"product_brand","embeddable":true,"href":"https:\/\/findvit.com\/lv\/wp-json\/wp\/v2\/product_brand?post=4542"},{"taxonomy":"product_cat","embeddable":true,"href":"https:\/\/findvit.com\/lv\/wp-json\/wp\/v2\/product_cat?post=4542"},{"taxonomy":"product_tag","embeddable":true,"href":"https:\/\/findvit.com\/lv\/wp-json\/wp\/v2\/product_tag?post=4542"}],"curies":[{"name":"wp","href":"https:\/\/api.w.org\/{rel}","templated":true}]}}