{"id":7956,"date":"2022-06-29T08:38:24","date_gmt":"2022-06-29T05:38:24","guid":{"rendered":"https:\/\/findvit.com\/?post_type=product&#038;p=7956"},"modified":"2026-03-06T17:31:08","modified_gmt":"2026-03-06T15:31:08","slug":"kiki-psyllium-skaidulos-milteliai","status":"publish","type":"product","link":"https:\/\/findvit.com\/lv\/produktas\/kiki-psyllium-skaidulos-milteliai\/","title":{"rendered":"KIKI HEALTH Organic PSYLLIUM HUSKS - bioakt\u012bv\u0101s \u0161\u0137iedras, pulveris 275 gr."},"content":{"rendered":"<div data-elementor-type=\"product-post\" data-elementor-id=\"7956\" class=\"elementor elementor-7956\" data-elementor-post-type=\"product\">\n\t\t\t\t\t\t<section class=\"elementor-section elementor-top-section elementor-element elementor-element-697b9d0e elementor-section-boxed elementor-section-height-default elementor-section-height-default\" data-id=\"697b9d0e\" data-element_type=\"section\">\n\t\t\t\t\t\t<div class=\"elementor-container elementor-column-gap-default\">\n\t\t\t\t\t<div class=\"elementor-column elementor-col-100 elementor-top-column elementor-element elementor-element-20e74427\" data-id=\"20e74427\" data-element_type=\"column\">\n\t\t\t<div class=\"elementor-widget-wrap elementor-element-populated\">\n\t\t\t\t\t\t<div class=\"elementor-element elementor-element-5fb87e4e elementor-absolute elementor-hidden-mobile elementor-invisible elementor-widget elementor-widget-image\" data-id=\"5fb87e4e\" data-element_type=\"widget\" data-settings=\"{&quot;motion_fx_motion_fx_scrolling&quot;:&quot;yes&quot;,&quot;motion_fx_rotateZ_effect&quot;:&quot;yes&quot;,&quot;motion_fx_rotateZ_speed&quot;:{&quot;unit&quot;:&quot;px&quot;,&quot;size&quot;:5,&quot;sizes&quot;:[]},&quot;motion_fx_range&quot;:&quot;viewport&quot;,&quot;_animation&quot;:&quot;fadeIn&quot;,&quot;_position&quot;:&quot;absolute&quot;,&quot;motion_fx_rotateZ_affectedRange&quot;:{&quot;unit&quot;:&quot;%&quot;,&quot;size&quot;:&quot;&quot;,&quot;sizes&quot;:{&quot;start&quot;:0,&quot;end&quot;:100}},&quot;motion_fx_devices&quot;:[&quot;desktop&quot;,&quot;tablet&quot;,&quot;mobile&quot;]}\" data-widget_type=\"image.default\">\n\t\t\t\t<div class=\"elementor-widget-container\">\n\t\t\t\t\t\t\t\t\t\t\t\t\t\t\t<img loading=\"lazy\" decoding=\"async\" width=\"200\" height=\"200\" src=\"https:\/\/findvit.com\/wp-content\/uploads\/2021\/09\/ratukas.svg\" class=\"attachment-full size-full wp-image-1777\" alt=\"Ritenis no anketas l\u012bdz vitam\u012bnam\" \/>\t\t\t\t\t\t\t\t\t\t\t\t\t\t\t<\/div>\n\t\t\t\t<\/div>\n\t\t\t\t\t<\/div>\n\t\t<\/div>\n\t\t\t\t\t<\/div>\n\t\t<\/section>\n\t\t\t\t<section class=\"elementor-section elementor-top-section elementor-element elementor-element-600cef05 elementor-section-boxed elementor-section-height-default elementor-section-height-default\" data-id=\"600cef05\" data-element_type=\"section\">\n\t\t\t\t\t\t<div class=\"elementor-container elementor-column-gap-no\">\n\t\t\t\t\t<div class=\"elementor-column elementor-col-50 elementor-top-column elementor-element elementor-element-48f92489\" data-id=\"48f92489\" data-element_type=\"column\">\n\t\t\t<div class=\"elementor-widget-wrap elementor-element-populated\">\n\t\t\t\t\t\t<div class=\"elementor-element elementor-element-705cac9d elementor-widget elementor-widget-heading\" data-id=\"705cac9d\" data-element_type=\"widget\" data-widget_type=\"heading.default\">\n\t\t\t\t<div class=\"elementor-widget-container\">\n\t\t\t\t\t<h2 class=\"elementor-heading-title elementor-size-default\">KIKI Psyllium \u0161\u0137iedras pulveris 275 g<\/h2>\t\t\t\t<\/div>\n\t\t\t\t<\/div>\n\t\t\t\t<div class=\"elementor-element elementor-element-40981e23 elementor-widget elementor-widget-text-editor\" data-id=\"40981e23\" data-element_type=\"widget\" data-widget_type=\"text-editor.default\">\n\t\t\t\t<div class=\"elementor-widget-container\">\n\t\t\t\t\t\t\t\t\t<p>T\u0101 ir viena no v\u0113rt\u012bg\u0101kaj\u0101m \u0161\u0137iedr\u0101m\u00a0<strong>b\u0101lgans ce\u013cmallapu mizas<\/strong> (lat. Plantago ovata). Pasaul\u0113 atz\u012bti un izpeln\u012bju\u0161ies br\u012bni\u0161\u0137\u012bgu reput\u0101ciju.<\/p><p><strong>Nesatur kalorijas.<\/strong>\u00a0<\/p><p>\u0160\u012b ir lieliska iesp\u0113ja tiem, kas v\u0113las izvair\u012bties no lipek\u013ca un kvie\u0161u lieto\u0161anas, jo Psyllium Husks nesatur lipekli un kvie\u0161us.<\/p><p>\u0160is produkts ir bag\u0101ts ar tiam\u012bnu, \u0161\u0137iedrviel\u0101m, niac\u012bnu, riboflav\u012bnu un B6 vitam\u012bnu. Turkl\u0101t tas nesatur pildvielas, kr\u0101svielas vai piedevas, padarot to par lielisku izv\u0113li tiem, kas mekl\u0113 dabiskus un vesel\u012bgus uztura bag\u0101tin\u0101t\u0101jus.<\/p><p>KIKI HEALTH Organiskie PSYLLIUM MIZUMI ir viegli sagremojami un lielisks \u0161\u0137iedrvielu un miner\u0101lvielu avots. \u0160is produkts ir \u013coti \u0161\u0137\u012bsto\u0161s, t\u0101p\u0113c tas ir <strong>lieliska izv\u0113le<\/strong> tiem, kas v\u0113las bag\u0101tin\u0101t savu uzturu ar \u0161\u0137iedrviel\u0101m un miner\u0101lviel\u0101m.<\/p><p>Ieteicam\u0101 lieto\u0161ana: pieaugu\u0161ajiem ieteicams lietot vienu pilnu t\u0113jkaroti dien\u0101, uzdzerot gl\u0101zi \u016bdens. Psyllium Husks lieto\u0161anas laik\u0101 un visu dienu p\u0113c tam ir svar\u012bgi dzert daudz \u016bdens.<\/p><p>Shell kapsula: hipromeloze, pal\u012bdz\u00a0<strong>lai aizsarg\u0101tu<\/strong>\u00a0produkta sast\u0101vda\u013cas no\u00a0<strong>ku\u0146\u0123a sk\u0101bes kait\u012bg\u0101 ietekme.<\/strong><\/p><p><br \/>Bez s\u0101ls, cukura, rauga,\u00a0<strong>m\u0101ksl\u012bg\u0101s kr\u0101svielas, konservanti, \u0137\u012bmiskie \u0161\u0137\u012bdin\u0101t\u0101ji, m\u0101ksl\u012bg\u0101s piedevas<\/strong>\u00a0vai jebk\u0101das pildvielas.<\/p><p><br \/>Piem\u0113rots ve\u0123et\u0101rie\u0161iem un veg\u0101niem. Dabisks vesel\u012bbas papildin\u0101jums<strong>\u00a0bez glut\u0113na un kvie\u0161iem. Bez \u0122MO, bez toks\u012bniem, bez \u0137\u012bmisk\u0101m viel\u0101m.<\/strong>\u00a0Pietiek l\u012bdz\u00a0<strong>120 dienas.<\/strong>\u00a0<\/p><p><strong>Aizsarg\u0101jo\u0161s tum\u0161\u0101 stikla iepakojums.<\/strong><\/p><p><strong>Ra\u017eot\u0101js KIKI HEALTH<\/strong>\u00a0ir inovat\u012bvs uz\u0146\u0113mums, kas rada tikai vesel\u012bgus produktus, lai koptu skaistumu un stiprin\u0101tu \u0137ermeni. Vi\u0146i tic tikai tam\u00a0<strong>t\u012br\u0101kaj\u0101m sast\u0101vda\u013c\u0101m ir visefekt\u012bv\u0101k\u0101 iedarb\u012bba<\/strong>.<\/p><p>Visas produktu sast\u0101v\u0101 eso\u0161\u0101s sast\u0101vda\u013cas ir r\u016bp\u012bgi atlas\u012btas un \u0113tiski apstr\u0101d\u0101tas, lai saglab\u0101tu un maksim\u0101li palielin\u0101tu efektivit\u0101ti un ieguvumus, k\u0101 ar\u012b nodro\u0161in\u0101tu perfektu biopieejam\u012bbu.<\/p><p><span lang=\"lt\"><strong>KIKI HEALTH sol\u012bjums<\/strong><br \/><\/span><\/p><ul><li><span lang=\"lt\">Augst\u0101k\u0101s kvalit\u0101tes augu izcelsmes organisk\u0101s sast\u0101vda\u013cas<\/span><\/li><li><span lang=\"lt\">\u0112tika, integrit\u0101te un t\u012br\u012bba ra\u017eo\u0161anas proces\u0101<\/span><\/li><li><span lang=\"lt\">Sertific\u0113tas organiskas vai savva\u013cas sast\u0101vda\u013cas<\/span><\/li><li><span lang=\"lt\">Bez kompromisiem ar sint\u0113tisk\u0101m piedev\u0101m, saistviel\u0101m, pildviel\u0101m vai cit\u0101m kait\u012bg\u0101m viel\u0101m.<\/span><\/li><li><span lang=\"lt\">Nesatur \u0122MO, glut\u0113nu, kvie\u0161us.<br \/><\/span><\/li><\/ul><div>Ja neesat p\u0101rliecin\u0101ts, k\u0101di vitam\u012bni vai citi uztura bag\u0101tin\u0101t\u0101ji\u00a0<strong>\u0161obr\u012bd vispiem\u0113rot\u0101kais<\/strong>, veiciet testu\u00a0<a href=\"https:\/\/findvit.com\/lv\/testas\/\"><strong>&quot;Tava diena&quot;<\/strong><\/a>\u00a0un uzzini\u00a0\u00a0<strong>personisks<\/strong>\u00a0ieteikums!<\/div>\t\t\t\t\t\t\t\t<\/div>\n\t\t\t\t<\/div>\n\t\t\t\t\t<\/div>\n\t\t<\/div>\n\t\t\t\t<div class=\"elementor-column elementor-col-50 elementor-top-column elementor-element elementor-element-4dd6c130\" data-id=\"4dd6c130\" data-element_type=\"column\">\n\t\t\t<div class=\"elementor-widget-wrap elementor-element-populated\">\n\t\t\t\t\t\t<div class=\"elementor-element elementor-element-7314983a elementor-widget elementor-widget-image\" data-id=\"7314983a\" data-element_type=\"widget\" data-widget_type=\"image.default\">\n\t\t\t\t<div class=\"elementor-widget-container\">\n\t\t\t\t\t\t\t\t\t\t\t\t\t\t\t<img loading=\"lazy\" decoding=\"async\" width=\"900\" height=\"900\" src=\"https:\/\/findvit.com\/wp-content\/uploads\/2021\/10\/koliazai-15-900x900.jpg\" class=\"attachment-large size-large wp-image-3816\" alt=\"Kol\u0101\u017ea, Skaista sievietes \u0101da\" srcset=\"https:\/\/findvit.com\/wp-content\/uploads\/2021\/10\/koliazai-15-900x900.jpg 900w, https:\/\/findvit.com\/wp-content\/uploads\/2021\/10\/koliazai-15-600x600.jpg 600w, https:\/\/findvit.com\/wp-content\/uploads\/2021\/10\/koliazai-15-150x150.jpg 150w, https:\/\/findvit.com\/wp-content\/uploads\/2021\/10\/koliazai-15-768x768.jpg 768w, https:\/\/findvit.com\/wp-content\/uploads\/2021\/10\/koliazai-15-1x1.jpg 1w, https:\/\/findvit.com\/wp-content\/uploads\/2021\/10\/koliazai-15-10x10.jpg 10w, https:\/\/findvit.com\/wp-content\/uploads\/2021\/10\/koliazai-15-100x100.jpg 100w, https:\/\/findvit.com\/wp-content\/uploads\/2021\/10\/koliazai-15-e1637411871223.jpg 1001w\" sizes=\"auto, (max-width: 900px) 100vw, 900px\" \/>\t\t\t\t\t\t\t\t\t\t\t\t\t\t\t<\/div>\n\t\t\t\t<\/div>\n\t\t\t\t\t<\/div>\n\t\t<\/div>\n\t\t\t\t\t<\/div>\n\t\t<\/section>\n\t\t\t\t<\/div>","protected":false},"excerpt":{"rendered":"<p><strong>Tie ir dabiski 100%<\/strong>, bez \u0122MO <strong>bioakt\u012bv\u0101s \u0161\u0137iedras<\/strong>, pulveris. \u0160is produkts ir izgatavots no Plantago Ovata auga s\u0113kl\u0101m, ko audz\u0113 Indij\u0101. \u0160is produkts nav \u0123en\u0113tiski modific\u0113ts, \u0137\u012bmiski apstr\u0101d\u0101ts vai modific\u0113ts.<\/p>\n<p>&nbsp;<\/p>","protected":false},"featured_media":9358,"comment_status":"open","ping_status":"closed","template":"","meta":{"_acf_changed":false,"inline_featured_image":false},"etheme_brands":[{"term_id":28,"name":"Kiki Health","slug":"kiki-health","term_group":0,"term_taxonomy_id":28,"taxonomy":"brand","description":"<h2><a href=\"https:\/\/kiki-health.com\/about-us\/\" target=\"_blank\" rel=\"noopener\"><strong>KIKI Health<\/strong><\/a><\/h2>\r\nKIKI yra prek\u0117s \u017eenklas, kuriantis novatori\u0161kus maisto papildus.\r\n\r\nKIKI yra pripa\u017eintas ir gerbiamas, kaip sveikos gyvensenos produkt\u0173 ir individualumo bei meistri\u0161kumo standartas.\r\n\r\nKIKI gim\u0117 i\u0161 noro skatinti optimali\u0105 sveikat\u0105 ir gerov\u0119, m\u016bs\u0173 tikslas ir aistra yra \u012fsigyti auk\u0161\u010diausios kokyb\u0117s, grynumo produktus i\u0161 viso pasaulio, kurie pad\u0117t\u0173 gro\u017eiui ir sveikatai.\r\n\r\nNuo pat prad\u017ei\u0173 ir iki \u0161iol KIKI Health niekada nedaro kompromis\u0173 ir nededa pried\u0173 bei naudoja prastesni\u0173 ingredient\u0173 - tik nat\u016bralios 100% veikliosios med\u017eiagos.\r\n\r\nhttps:\/\/youtu.be\/irT0ZUOzBac?t=45\r\n<h3><strong>Nat\u016braliai turtingi <\/strong><strong>vitaminais, mineralais ir b\u016btinomis\u00a0 veikliosiomis med\u017eiagomis<\/strong><\/h3>\r\nDaugelis \"KIKI Health\" produkt\u0173 turintys augalini\u0173 ir maistini\u0173 med\u017eiag\u0173\u00a0 yra sertifikuoti, kaip ekologi\u0161ki.\r\n\r\nI\u0161naudodami stiprias augalin\u0117s kilm\u0117s, nat\u016brali\u0173 ingredient\u0173 galias, kupinas esmini\u0173 augal\u0173 veikli\u0173j\u0173 med\u017eiag\u0173, vitamin\u0173 ir mineral\u0173, kad suteikt\u0173 smegenims, odai ir k\u016bnui neprilygstam\u0105 pagalb\u0105.\r\n\r\nKIKI Health tikslas yra u\u017etikrinti, kad mi\u0161iniuose neb\u016bt\u0173 sintetikos, konservant\u0173, u\u017epild\u0173 ir ri\u0161ikli\u0173, u\u017etikrinant, kad ir toliau gamint\u0173 veiksmingus, \u0161varius ir saugius papildus.\r\n\r\nPagaminta Jungtin\u0117je Karalyst\u0117je i\u0161 \u0161vari\u0173 ir tvari\u0173 ingredient\u0173.\r\n<h3><strong>Atsakingumas<\/strong><\/h3>\r\nU\u017etikrindami, kad produktai b\u016bt\u0173 atsakingai u\u017eauginti, ne tik r\u016bpinamasi aplinka, bet ir garantuojama produkto kokyb\u0119. KIKI Healt specialistai keliauja po pasaul\u012f ie\u0161kodami ekologi\u0161k\u0173, eti\u0161kai gaut\u0173 ingredient\u0173, pasi\u017eymin\u010di\u0173 geresne maistine verte, kartu pad\u0117dami vietos bendruomen\u0117ms klest\u0117ti. Maisto gamybos b\u016bdas yra labai svarbus daugeliui vartotoj\u0173, ir tai kelia susir\u016bpinim\u0105, kur\u012f mes dalijam\u0117s.\r\n<h3><strong>Minimalus apdorojimas<\/strong><\/h3>\r\nNor\u0117dami pasiekti optimal\u0173 biologin\u012f prieinamum\u0105, stengiamasi, kad ingredientai b\u016bt\u0173 kuo ar\u010diau j\u0173 nat\u016bralios b\u016bkl\u0117s. Laikomasi minimalaus perdirbimo ir kontroliuojama temperat\u016bros, i\u0161kart po derliaus nu\u0117mimo, kad b\u016bt\u0173 i\u0161laikoma visa nauda sveikatai ir gyvybi\u0161kai svarbios maistin\u0117s med\u017eiagos.\r\n\r\n<strong>Produktuose n\u0117ra<\/strong>: sintetikos, dirbtini\u0173 da\u017eikli\u0173 ir kvapi\u0173j\u0173 med\u017eiag\u0173, u\u017epild\u0173, ri\u0161ikli\u0173, dengimo med\u017eiag\u0173, lipnum\u0105 reguliuojan\u010di\u0173 med\u017eiag\u0173, cukr\u0173, glitimo, GMO, laktoz\u0117s, konservant\u0173, pagalbini\u0173 med\u017eiag\u0173.\r\n\r\nVisi ingredientai ir galutiniai produktai yra reguliariai tikrinami tre\u010diosios \u0161alies laboratorijoje. U\u017etikrinama, kad kiekviena partija b\u016bt\u0173 i\u0161bandyta d\u0117l sunki\u0173j\u0173 metal\u0173, mikroorganizm\u0173 ir pesticid\u0173 laikantis grie\u017et\u0173 kokyb\u0117s kontrol\u0117s s\u0105lyg\u0173, o rezultatai atitikt\u0173 ES ir JK ribinius reglamentus, \u012fskaitant ekologinio \u016bkininkavimo standartus.","parent":0,"count":28,"filter":"raw"}],"product_brand":[],"product_cat":[115,15,124],"product_tag":[126,95,97],"class_list":{"0":"post-7956","1":"product","2":"type-product","3":"status-publish","4":"has-post-thumbnail","6":"brand-kiki-health","7":"product_cat-skaidulos","8":"product_cat-produktai","9":"product_cat-siamsezonui","10":"product_tag-greitam-virskinimui-ir-salinimui","11":"product_tag-puikiai-isvaizdai","12":"product_tag-svorio-kontrolei","14":"first","15":"instock","16":"taxable","17":"shipping-taxable","18":"purchasable","19":"product-type-simple"},"acf":[],"_links":{"self":[{"href":"https:\/\/findvit.com\/lv\/wp-json\/wp\/v2\/product\/7956","targetHints":{"allow":["GET"]}}],"collection":[{"href":"https:\/\/findvit.com\/lv\/wp-json\/wp\/v2\/product"}],"about":[{"href":"https:\/\/findvit.com\/lv\/wp-json\/wp\/v2\/types\/product"}],"replies":[{"embeddable":true,"href":"https:\/\/findvit.com\/lv\/wp-json\/wp\/v2\/comments?post=7956"}],"version-history":[{"count":16,"href":"https:\/\/findvit.com\/lv\/wp-json\/wp\/v2\/product\/7956\/revisions"}],"predecessor-version":[{"id":15890,"href":"https:\/\/findvit.com\/lv\/wp-json\/wp\/v2\/product\/7956\/revisions\/15890"}],"wp:featuredmedia":[{"embeddable":true,"href":"https:\/\/findvit.com\/lv\/wp-json\/wp\/v2\/media\/9358"}],"wp:attachment":[{"href":"https:\/\/findvit.com\/lv\/wp-json\/wp\/v2\/media?parent=7956"}],"wp:term":[{"taxonomy":"brand","embeddable":true,"href":"https:\/\/findvit.com\/lv\/wp-json\/wp\/v2\/etheme_brands?post=7956"},{"taxonomy":"product_brand","embeddable":true,"href":"https:\/\/findvit.com\/lv\/wp-json\/wp\/v2\/product_brand?post=7956"},{"taxonomy":"product_cat","embeddable":true,"href":"https:\/\/findvit.com\/lv\/wp-json\/wp\/v2\/product_cat?post=7956"},{"taxonomy":"product_tag","embeddable":true,"href":"https:\/\/findvit.com\/lv\/wp-json\/wp\/v2\/product_tag?post=7956"}],"curies":[{"name":"wp","href":"https:\/\/api.w.org\/{rel}","templated":true}]}}