{"id":8912,"date":"2022-07-13T14:53:37","date_gmt":"2022-07-13T11:53:37","guid":{"rendered":"https:\/\/findvit.com\/?post_type=product&#038;p=8912"},"modified":"2026-02-09T15:35:52","modified_gmt":"2026-02-09T13:35:52","slug":"trace-minerals-concentrace-skysti-juros-trace-mineralai-komplekse-237-ml","status":"publish","type":"product","link":"https:\/\/findvit.com\/lv\/produktas\/trace-minerals-concentrace-skysti-juros-trace-mineralai-komplekse-237-ml\/","title":{"rendered":"Trace Minerals Concentrace \u0161\u0137idrais j\u016bras miner\u0101lvielu komplekss, 237 ml"},"content":{"rendered":"<div data-elementor-type=\"product-post\" data-elementor-id=\"8912\" class=\"elementor elementor-8912\" data-elementor-post-type=\"product\">\n\t\t\t\t\t\t<section class=\"elementor-section elementor-top-section elementor-element elementor-element-71038adc elementor-section-boxed elementor-section-height-default elementor-section-height-default\" data-id=\"71038adc\" data-element_type=\"section\">\n\t\t\t\t\t\t<div class=\"elementor-container elementor-column-gap-default\">\n\t\t\t\t\t<div class=\"elementor-column elementor-col-100 elementor-top-column elementor-element elementor-element-427c8b01\" data-id=\"427c8b01\" data-element_type=\"column\">\n\t\t\t<div class=\"elementor-widget-wrap\">\n\t\t\t\t\t\t\t<\/div>\n\t\t<\/div>\n\t\t\t\t\t<\/div>\n\t\t<\/section>\n\t\t\t\t<section class=\"elementor-section elementor-top-section elementor-element elementor-element-299a4da0 elementor-section-boxed elementor-section-height-default elementor-section-height-default\" data-id=\"299a4da0\" data-element_type=\"section\">\n\t\t\t\t\t\t<div class=\"elementor-container elementor-column-gap-default\">\n\t\t\t\t\t<div class=\"elementor-column elementor-col-100 elementor-top-column elementor-element elementor-element-c4df8a9\" data-id=\"c4df8a9\" data-element_type=\"column\">\n\t\t\t<div class=\"elementor-widget-wrap elementor-element-populated\">\n\t\t\t\t\t\t<div class=\"elementor-element elementor-element-33f8c9fc elementor-absolute elementor-hidden-mobile elementor-invisible elementor-widget elementor-widget-image\" data-id=\"33f8c9fc\" data-element_type=\"widget\" data-settings=\"{&quot;motion_fx_motion_fx_scrolling&quot;:&quot;yes&quot;,&quot;motion_fx_rotateZ_effect&quot;:&quot;yes&quot;,&quot;motion_fx_rotateZ_speed&quot;:{&quot;unit&quot;:&quot;px&quot;,&quot;size&quot;:5,&quot;sizes&quot;:[]},&quot;motion_fx_range&quot;:&quot;viewport&quot;,&quot;_animation&quot;:&quot;fadeIn&quot;,&quot;_position&quot;:&quot;absolute&quot;,&quot;motion_fx_rotateZ_affectedRange&quot;:{&quot;unit&quot;:&quot;%&quot;,&quot;size&quot;:&quot;&quot;,&quot;sizes&quot;:{&quot;start&quot;:0,&quot;end&quot;:100}},&quot;motion_fx_devices&quot;:[&quot;desktop&quot;,&quot;tablet&quot;,&quot;mobile&quot;]}\" data-widget_type=\"image.default\">\n\t\t\t\t<div class=\"elementor-widget-container\">\n\t\t\t\t\t\t\t\t\t\t\t\t\t\t\t<img loading=\"lazy\" decoding=\"async\" width=\"200\" height=\"200\" src=\"https:\/\/findvit.com\/wp-content\/uploads\/2021\/09\/ratukas.svg\" class=\"attachment-full size-full wp-image-1777\" alt=\"Ritenis no anketas l\u012bdz vitam\u012bnam\" \/>\t\t\t\t\t\t\t\t\t\t\t\t\t\t\t<\/div>\n\t\t\t\t<\/div>\n\t\t\t\t\t<\/div>\n\t\t<\/div>\n\t\t\t\t\t<\/div>\n\t\t<\/section>\n\t\t\t\t<section class=\"elementor-section elementor-top-section elementor-element elementor-element-2612b812 elementor-section-boxed elementor-section-height-default elementor-section-height-default\" data-id=\"2612b812\" data-element_type=\"section\">\n\t\t\t\t\t\t<div class=\"elementor-container elementor-column-gap-no\">\n\t\t\t\t\t<div class=\"elementor-column elementor-col-50 elementor-top-column elementor-element elementor-element-22786318\" data-id=\"22786318\" data-element_type=\"column\">\n\t\t\t<div class=\"elementor-widget-wrap elementor-element-populated\">\n\t\t\t\t\t\t<div class=\"elementor-element elementor-element-1fb707a9 elementor-widget elementor-widget-heading\" data-id=\"1fb707a9\" data-element_type=\"widget\" data-widget_type=\"heading.default\">\n\t\t\t\t<div class=\"elementor-widget-container\">\n\t\t\t\t\t<h4 class=\"elementor-heading-title elementor-size-default\">Trace Minerals Concentrace \u0161\u0137idrais j\u016bras miner\u0101lvielu komplekss, 237 ml<\/h4>\t\t\t\t<\/div>\n\t\t\t\t<\/div>\n\t\t\t\t<div class=\"elementor-element elementor-element-2921752e elementor-widget elementor-widget-text-editor\" data-id=\"2921752e\" data-element_type=\"widget\" data-widget_type=\"text-editor.default\">\n\t\t\t\t<div class=\"elementor-widget-container\">\n\t\t\t\t\t\t\t\t\t<p>ConcenTrace\u00ae Trace Mineral Drops ir <strong>stiprs<\/strong>, piln\u012bgi dabisks mikroelementu komplekss. \u0160is ir mikroelementu papildin\u0101jums, ko p\u0101rdod ASV #1, kas garant\u0113, ka j\u016bs sajut\u012bsiet at\u0161\u0137ir\u012bbu.<\/p>\n<h3><strong>Unik\u0101la formula<\/strong><\/h3>\n<p><strong>Kompleks\u0101 miner\u0101lvielas ir sabalans\u0113tas, lai apmierin\u0101tu katra \u0123imenes locek\u013ca vajadz\u012bbas.&nbsp;<\/strong><\/p>\n<p><strong> Vi\u0146i<\/strong> <strong>rad\u012bjusi dabisk\u0101 daba<\/strong>, t\u0101p\u0113c ir t\u0101di pa\u0161i k\u0101 un <strong>mikroelementi p\u0101rtik\u0101<\/strong>. Jonu forma v\u0113l vair\u0101k palielina \u0161\u012b kompleksa v\u0113rt\u012bbu.<\/p>\n<p>ConcenTrace Trace Mineral Drops ir izgatavoti no Great Salt Lake \u016bdens, kas ir <strong>dabisks miner\u0101lvielu avots.<\/strong><\/p>\n<p>\u2013 \u0160is produkts tiek filtr\u0113ts un koncentr\u0113ts \u012bpa\u0161\u0101 proces\u0101, kur\u0101 tiek saglab\u0101ti visi dab\u012bgie miner\u0101li un mikroelementi.<\/p>\n<p>\u2013 ConcenTrace Trace Mineral Drops satur <strong>vair\u0101k nek\u0101 72<\/strong> mikroelementi, tostarp magnijs, hlor\u012bds, k\u0101lijs, kalcijs, n\u0101trijs, cinks, sel\u0113ns un daudzi citi.<\/p>\n<p>\u2013 \u0160ie mikroelementi ir nepiecie\u0161ami daudz\u0101m \u0137erme\u0146a funkcij\u0101m:<\/p>\n<p>- ConcenTrace Trace Mineral Drops ir produkts ar zemu n\u0101trija saturu, kam nav <strong>nek\u0101das ekstras<\/strong> cukurs, konservanti vai saldin\u0101t\u0101ji.<\/p>\n<p>\u2013 \u0160is produkts ir draudz\u012bgs veg\u0101niem, jo nesatur nek\u0101das dz\u012bvnieku izcelsmes sast\u0101vda\u013cas.<\/p>\n<p>\u2013 ConcenTrace Trace Mineral Drops ir viegli lietojami un doz\u0113jami. Vienk\u0101r\u0161i pievienojiet da\u017eus pilienus savam dz\u0113rienam vai \u0113dienam un izbaudiet miner\u0101lvielu priek\u0161roc\u012bbas.<\/p>\n<p>\u2013 ConcenTrace Trace Mineral Drops ir uzticams un kvalitat\u012bvs produkts, kas ir <strong>sertific\u0113ts<\/strong> GMP un NSF standarti.<\/p>\n<p>- ConcenTrace Trace Mineral Drops ir lieliska izv\u0113le tiem, kas v\u0113las papildin\u0101t organismu ar bar\u012bbas viel\u0101m un piev\u0113rst uzman\u012bbu sev un saviem m\u012b\u013cajiem.<\/p>\n<h3><strong>Pat\u0113ri\u0146\u0161<\/strong>:&nbsp;<\/h3>\n<p>Dzert 10 pilienus dien\u0101 pirm\u0101s 3 dienas. Palieliniet devu par 10 pilieniem, l\u012bdz sasniedzat dienas devu 40 pilienus, ko varat lietot vienu vai divas reizes dien\u0101. B\u0113rniem no 3 gadu vecuma lietot 1 pilienu uz katriem 2,3 kg \u0137erme\u0146a svara. Produkts ir bez jebk\u0101d\u0101m piedev\u0101m, t\u0101p\u0113c iesak\u0101m to lietot kop\u0101 ar sulu, lai nom\u0101ktu specifisko miner\u0101lvielu gar\u0161u.<\/p>\n<p>Ja ir interese, par \u0161o laiku kl\u0101tien\u0113 <strong>vispiem\u0113rot\u0101kais<\/strong> vitam\u012bnus vai citus stiprino\u0161us l\u012bdzek\u013cus, veiciet testu <a href=\"https:\/\/findvit.com\/lv\/testas\/\"><strong>&quot;Tava diena&quot;<\/strong><\/a> un tu uzzin\u0101si <strong>personisks<\/strong> ieteikums!<\/p>\t\t\t\t\t\t\t\t<\/div>\n\t\t\t\t<\/div>\n\t\t\t\t\t<\/div>\n\t\t<\/div>\n\t\t\t\t<div class=\"elementor-column elementor-col-50 elementor-top-column elementor-element elementor-element-2f38747d\" data-id=\"2f38747d\" data-element_type=\"column\">\n\t\t\t<div class=\"elementor-widget-wrap elementor-element-populated\">\n\t\t\t\t\t\t<div class=\"elementor-element elementor-element-40415755 elementor-widget elementor-widget-image\" data-id=\"40415755\" data-element_type=\"widget\" data-widget_type=\"image.default\">\n\t\t\t\t<div class=\"elementor-widget-container\">\n\t\t\t\t\t\t\t\t\t\t\t\t\t\t\t<img loading=\"lazy\" decoding=\"async\" width=\"900\" height=\"900\" src=\"https:\/\/findvit.com\/wp-content\/uploads\/2021\/08\/Ko-4-900x900.jpg\" class=\"attachment-large size-large wp-image-2473\" alt=\"Laim\u012bga \u0123imene ar \u0161\u0137idriem uztura bag\u0101tin\u0101t\u0101jiem\" srcset=\"https:\/\/findvit.com\/wp-content\/uploads\/2021\/08\/Ko-4-900x900.jpg 900w, https:\/\/findvit.com\/wp-content\/uploads\/2021\/08\/Ko-4-600x600.jpg 600w, https:\/\/findvit.com\/wp-content\/uploads\/2021\/08\/Ko-4-150x150.jpg 150w, https:\/\/findvit.com\/wp-content\/uploads\/2021\/08\/Ko-4-768x768.jpg 768w, https:\/\/findvit.com\/wp-content\/uploads\/2021\/08\/Ko-4-1x1.jpg 1w, https:\/\/findvit.com\/wp-content\/uploads\/2021\/08\/Ko-4-10x10.jpg 10w, https:\/\/findvit.com\/wp-content\/uploads\/2021\/08\/Ko-4-100x100.jpg 100w, https:\/\/findvit.com\/wp-content\/uploads\/2021\/08\/Ko-4.jpg 1000w\" sizes=\"auto, (max-width: 900px) 100vw, 900px\" \/>\t\t\t\t\t\t\t\t\t\t\t\t\t\t\t<\/div>\n\t\t\t\t<\/div>\n\t\t\t\t\t<\/div>\n\t\t<\/div>\n\t\t\t\t\t<\/div>\n\t\t<\/section>\n\t\t\t\t<\/div>","protected":false},"excerpt":{"rendered":"<p>Trace Minerals ConcenTrace Drops ir koncentr\u0113ti j\u016bras pilieni <strong>miner\u0101lu komplekss no 72 mikroelementiem<\/strong>. Izsekot miner\u0101lvielas <strong>nodro\u0161ina uzturu<\/strong> tr\u016bksto\u0161os mikroelementus biolo\u0123iski pieejam\u0101 veid\u0101. Piem\u0113rots visai \u0123imenei. Tas ir lieliski piem\u0113rots dzer\u0161anai, sportojot, str\u0101d\u0101jot, atrodoties dab\u0101 vai ce\u013cojot. <strong>100 % dab\u012bgs<\/strong> p\u0101rtikas un \u016bdens piedeva. Pietiek kursam l\u012bdz 6 m\u0113ne\u0161iem.<\/p>","protected":false},"featured_media":8911,"comment_status":"open","ping_status":"closed","template":"","meta":{"_acf_changed":false,"inline_featured_image":false},"etheme_brands":[{"term_id":38,"name":"Trace Minerals","slug":"trace-minerals","term_group":0,"term_taxonomy_id":38,"taxonomy":"brand","description":"<h2><strong>Trace minerals<\/strong><\/h2>\r\n\"Trace Minerals\" yra \u017einomas jonini\u0173 mineralini\u0173 papild\u0173 prek\u0117s \u017eenklas, kuriuo pasitikima beveik 50 met\u0173.\r\n\r\n<strong>Gamintojo misija<\/strong>\r\n\r\n\"Trace Minerals\" mato pasaul\u012f, kuriame \u017emon\u0117s yra\r\natsakingi u\u017e savo sveikat\u0105. Laikas, kai visi \u017emon\u0117s yra nori ir gali\r\ngyventi sveikiau. Joniniai mineralai yra pasiekiami visiems norintiems. Daugiau nei 50 met\u0173 \"Trace Minerals\" prek\u0117s \u017eenklo\r\nproduktai visame pasaulyje buvo pripa\u017einti jonini\u0173 produkt\u0173 pradininkais.\r\n\r\nVisus 50 met\u0173 Trace Minerals vertyb\u0117s yra:\r\n\r\n1. Bekompromis\u0117 kokyb\u0117, nuo kurios priklauso \u017emoni\u0173 savijauta.\r\n2. Neprilygstama aptarnavimas, kuris leid\u017eia klientams \u0161ypsotis.\r\n3. Nuolatinis pajam\u0173 augimas diegiant inovacijas ir kuriant produktus.\r\n4. Ugdomieji u\u017esi\u0117mimai.\r\n5. Lyderyst\u0117 savo srities pramon\u0117je.\r\n6. Lojalumas ir s\u0105\u017einingumas patikimiems darbuotojams ir verslo partneriams.\r\n<h3><strong>Garantija<\/strong><\/h3>\r\nGamintojas tiki, kad maisto papildai tur\u0117t\u0173 atne\u0161ti pastebimus\r\nrezultatus. Trace minerals \u012fsipareigojimas siekti pastebim\u0173 rezultat\u0173 yra\r\n\"Trace Minerals research\" filosofija.\r\n\r\nBeveik penkis de\u0161imtme\u010dius \"Trace Minerals\" prek\u0117s \u017eenklo produktai pad\u0117jo \u017emon\u0117ms priimti pagr\u012fstus sprendimus pasirenkant tinkamus produktus. Trce Minerals t\u0119stinis \u012fsipareigojimas yra paprastas: gaminti auk\u0161\u010diausios kokyb\u0117s produktus, paremtus moksliniais tyrimais, pagamintus u\u017e teising\u0105 kain\u0105 ir garantuojama, kad bus\r\npagerinti gyvenimai t\u0173, kurie vartoja kokybi\u0161kus produktus. Trace minerals visada tai dar\u0117 ir toliau t\u0105 darys.\r\n\r\nhttps:\/\/youtu.be\/hbeINVcx5FY?t=77\r\n<h3><strong>Mokslas ir tyrimai<\/strong><\/h3>\r\nGamintojas gavo \u0161e\u0161i\u0173 m\u0117nesi\u0173 klinikinio tyrimo \"ConcenTrace\u00ae\" rezultatus. \"Trace Mineral Drops\", jo pavyzdinis jonini\u0173 mineralinis papildas, kuriame yra visas spektras nat\u016braliai atsirandan\u010di\u0173 mikroelement\u0173.\r\n\r\nDalyviams buvo skiriama po 40 la\u0161\u0173 ConcenTrace\u00ae arba placebo per par\u0105\r\n24 savaites. Tyrime teigiama, kad \"veiksmingum\u0105 objektyviai patvirtino\r\n\u012fvertinti s\u0105nari\u0173 kremzl\u0117s storio, s\u0105nario erdv\u0117s plo\u010dio poky\u010dius\r\nir sinovinio skys\u010dio sud\u0117tis\". 24 savai\u010di\u0173 rezultatai rodo, kad \"ultrasonografija ir sinovinio skys\u010dio tyrimas atskleid\u0117 kremzl\u0117s\r\nstrukt\u016bros pager\u0117jim\u0105\".\r\n\r\n\u0160is preliminarus tyrimas parodo, kad ConcenTrace\u00ae pagerina s\u0105nari\u0173 sveikat\u0105.\r\n<h3><strong>Sertifikatai<\/strong><\/h3>\r\nKokyb\u0117 visada buvo svarbiausias <a href=\"https:\/\/www.traceminerals.com\/\" target=\"_blank\" rel=\"noopener\">\"Trace Minerals\"<\/a> prioritetas. Per daugel\u012f met\u0173\u00a0 akylai tobulino gamybos procesus. Tikima, kad geriausi procesai padeda gaminti geriausius ir sveikiausius produktus. Tai yra pagrindin\u0117 prie\u017eastis, kod\u0117l grie\u017etai kontroliuojama produkt\u0173 kokyb\u0117 ir kod\u0117l turima daugyb\u0117 sertifikat\u0173.\r\n<ul>\r\n \t<li><a href=\"https:\/\/grmalliance.org\/\" target=\"_blank\" rel=\"noopener\">GRMA\/UL GMP Certified<\/a><\/li>\r\n \t<li>GRAS Certified<\/li>\r\n \t<li>BPA Free<\/li>\r\n \t<li>Kosher<\/li>\r\n \t<li>Halal<\/li>\r\n \t<li>Non-GMO Verified<\/li>\r\n \t<li>Transparency<\/li>\r\n<\/ul>","parent":0,"count":19,"filter":"raw"}],"product_brand":[],"product_cat":[63,64],"product_tag":[88,125,99,100],"class_list":{"0":"post-8912","1":"product","2":"type-product","3":"status-publish","4":"has-post-thumbnail","6":"brand-trace-minerals","7":"product_cat-mineralai","8":"product_cat-elektrolitai","9":"product_tag-aktyviai-organizmo-apykaitai","10":"product_tag-energijai","11":"product_tag-lankstumui-ir-dregmes-balansui","12":"product_tag-ph-balansui","14":"first","15":"outofstock","16":"taxable","17":"shipping-taxable","18":"purchasable","19":"product-type-simple"},"acf":[],"_links":{"self":[{"href":"https:\/\/findvit.com\/lv\/wp-json\/wp\/v2\/product\/8912","targetHints":{"allow":["GET"]}}],"collection":[{"href":"https:\/\/findvit.com\/lv\/wp-json\/wp\/v2\/product"}],"about":[{"href":"https:\/\/findvit.com\/lv\/wp-json\/wp\/v2\/types\/product"}],"replies":[{"embeddable":true,"href":"https:\/\/findvit.com\/lv\/wp-json\/wp\/v2\/comments?post=8912"}],"version-history":[{"count":22,"href":"https:\/\/findvit.com\/lv\/wp-json\/wp\/v2\/product\/8912\/revisions"}],"predecessor-version":[{"id":18868,"href":"https:\/\/findvit.com\/lv\/wp-json\/wp\/v2\/product\/8912\/revisions\/18868"}],"wp:featuredmedia":[{"embeddable":true,"href":"https:\/\/findvit.com\/lv\/wp-json\/wp\/v2\/media\/8911"}],"wp:attachment":[{"href":"https:\/\/findvit.com\/lv\/wp-json\/wp\/v2\/media?parent=8912"}],"wp:term":[{"taxonomy":"brand","embeddable":true,"href":"https:\/\/findvit.com\/lv\/wp-json\/wp\/v2\/etheme_brands?post=8912"},{"taxonomy":"product_brand","embeddable":true,"href":"https:\/\/findvit.com\/lv\/wp-json\/wp\/v2\/product_brand?post=8912"},{"taxonomy":"product_cat","embeddable":true,"href":"https:\/\/findvit.com\/lv\/wp-json\/wp\/v2\/product_cat?post=8912"},{"taxonomy":"product_tag","embeddable":true,"href":"https:\/\/findvit.com\/lv\/wp-json\/wp\/v2\/product_tag?post=8912"}],"curies":[{"name":"wp","href":"https:\/\/api.w.org\/{rel}","templated":true}]}}