{"id":9953,"date":"2022-10-26T17:33:51","date_gmt":"2022-10-26T14:33:51","guid":{"rendered":"https:\/\/findvit.com\/?post_type=product&#038;p=9953"},"modified":"2026-04-27T15:39:53","modified_gmt":"2026-04-27T12:39:53","slug":"garden-of-life-vitamin-code-raw-b-complex-b-grupes-vitaminai-kompleksas-120-veganisku-kapsuliu","status":"publish","type":"product","link":"https:\/\/findvit.com\/lv\/produktas\/garden-of-life-vitamin-code-raw-b-complex-b-grupes-vitaminai-kompleksas-120-veganisku-kapsuliu\/","title":{"rendered":"Dz\u012bv\u012bbas d\u0101rzs Vitam\u012bnu kods RAW B-COMPLEX \u2013 B grupas vitam\u012bni komplekt\u0101 ar probiotik\u0101m, antioksidantiem un fermentiem. Bioakt\u012bvs komplekss, 120 veg\u0101nu kapsulas"},"content":{"rendered":"\t\t<div data-elementor-type=\"product-post\" data-elementor-id=\"9953\" class=\"elementor elementor-9953\" data-elementor-post-type=\"product\">\n\t\t\t\t\t\t<section class=\"elementor-section elementor-top-section elementor-element elementor-element-05d046e elementor-section-boxed elementor-section-height-default elementor-section-height-default\" data-id=\"05d046e\" data-element_type=\"section\" data-e-type=\"section\">\n\t\t\t\t\t\t<div class=\"elementor-container elementor-column-gap-default\">\n\t\t\t\t\t<div class=\"elementor-column elementor-col-100 elementor-top-column elementor-element elementor-element-61c2920\" data-id=\"61c2920\" data-element_type=\"column\" data-e-type=\"column\">\n\t\t\t<div class=\"elementor-widget-wrap elementor-element-populated\">\n\t\t\t\t\t\t<div class=\"elementor-element elementor-element-6d686c1 elementor-absolute elementor-hidden-mobile elementor-invisible elementor-widget elementor-widget-image\" data-id=\"6d686c1\" data-element_type=\"widget\" data-e-type=\"widget\" data-settings=\"{&quot;motion_fx_motion_fx_scrolling&quot;:&quot;yes&quot;,&quot;motion_fx_rotateZ_effect&quot;:&quot;yes&quot;,&quot;motion_fx_rotateZ_speed&quot;:{&quot;unit&quot;:&quot;px&quot;,&quot;size&quot;:5,&quot;sizes&quot;:[]},&quot;motion_fx_range&quot;:&quot;viewport&quot;,&quot;_animation&quot;:&quot;fadeIn&quot;,&quot;_position&quot;:&quot;absolute&quot;,&quot;motion_fx_rotateZ_affectedRange&quot;:{&quot;unit&quot;:&quot;%&quot;,&quot;size&quot;:&quot;&quot;,&quot;sizes&quot;:{&quot;start&quot;:0,&quot;end&quot;:100}},&quot;motion_fx_devices&quot;:[&quot;desktop&quot;,&quot;tablet&quot;,&quot;mobile&quot;]}\" data-widget_type=\"image.default\">\n\t\t\t\t<div class=\"elementor-widget-container\">\n\t\t\t\t\t\t\t\t\t\t\t\t\t\t\t<img loading=\"lazy\" loading=\"lazy\" decoding=\"async\" width=\"200\" height=\"200\" src=\"https:\/\/findvit.com\/wp-content\/uploads\/2021\/09\/ratukas.svg\" class=\"attachment-full size-full wp-image-1777\" alt=\"Ratukas nuo klausimyno iki vitamino\" \/>\t\t\t\t\t\t\t\t\t\t\t\t\t\t\t<\/div>\n\t\t\t\t<\/div>\n\t\t\t\t\t<\/div>\n\t\t<\/div>\n\t\t\t\t\t<\/div>\n\t\t<\/section>\n\t\t\t\t<section class=\"elementor-section elementor-top-section elementor-element elementor-element-95568a0 elementor-section-boxed elementor-section-height-default elementor-section-height-default\" data-id=\"95568a0\" data-element_type=\"section\" data-e-type=\"section\">\n\t\t\t\t\t\t<div class=\"elementor-container elementor-column-gap-no\">\n\t\t\t\t\t<div class=\"elementor-column elementor-col-50 elementor-top-column elementor-element elementor-element-2b1f868\" data-id=\"2b1f868\" data-element_type=\"column\" data-e-type=\"column\">\n\t\t\t<div class=\"elementor-widget-wrap elementor-element-populated\">\n\t\t\t\t\t\t<div class=\"elementor-element elementor-element-1f81dd4 elementor-widget elementor-widget-heading\" data-id=\"1f81dd4\" data-element_type=\"widget\" data-e-type=\"widget\" data-widget_type=\"heading.default\">\n\t\t\t\t<div class=\"elementor-widget-container\">\n\t\t\t\t\t<h2 class=\"elementor-heading-title elementor-size-medium\">Vitamin Code Raw B-Complext - B grup\u0117s vitamin\u0173 komleksas 120 kaps.<\/h2>\t\t\t\t<\/div>\n\t\t\t\t<\/div>\n\t\t\t\t<div class=\"elementor-element elementor-element-5e6d22d elementor-widget elementor-widget-text-editor\" data-id=\"5e6d22d\" data-element_type=\"widget\" data-e-type=\"widget\" data-widget_type=\"text-editor.default\">\n\t\t\t\t<div class=\"elementor-widget-container\">\n\t\t\t\t\t\t\t\t\t<p>Labai <strong>vertinamas<\/strong> ir <strong>i\u0161skirtinis<\/strong> maisto papildas, sukurtas siekiant u\u017etikrinti optimali\u0105 b grup\u0117s vitamin\u0173 papildymo galimyb\u0119.<\/p><p>\u0160is vitamin\u0173 kompleksas yra galingas \u0161altinis, kuriame esantys vitaminai padeda:\u00a0<\/p><ul><li>Riboflavinas svarbus normaliai <strong>nerv\u0173 sistemos veiklai<\/strong>.<\/li><li>Vitaminas B6 svarbus <br \/>normaliai energini\u0173<br \/>med\u017eiag\u0173 <strong>apykaitai<\/strong><\/li><li>Vitaminas B6 padeda <br \/>ma\u017einti pavargimo jausm\u0105<br \/>ir nuovarg\u012f<\/li><li>Vitaminas B12 svarbus <br \/><strong>normaliai psichologinei <\/strong><br \/><strong>b\u016bklei<\/strong> palaikyti<\/li><\/ul><p>\u00a0<\/p><p>Daugelis \u017emoni\u0173, ypa\u010d veganai ir vegetarai, negauna pakankamai B vitamin\u0173 i\u0161 maisto, tod\u0117l \u201eGarden of Life\u201c suk\u016br\u0117 \u0161\u012f papild\u0105, kuris tiekia<strong> daugiau nei 100%<\/strong> rekomenduojamos paros doz\u0117s a\u0161tuoni\u0173 B vitamin\u0173.<\/p><p>Svarbiausia, kad \u0161is produktas yra pagamintas i\u0161 nat\u016brali\u0173 ingridient\u0173, o tai rei\u0161kia, kad jame yra <strong>nat\u016brali\u0173 koferment\u0173<\/strong>, <strong>gyv\u0173j\u0173 probiotik\u0173<\/strong> ir <strong>ferment\u0173<\/strong>, kaip ir nat\u016braliuose produktuose.<\/p><p>\u0160is vitamin\u0173 kompleksas yra pristatomas kapsul\u0117se be joki\u0173 ri\u0161ikli\u0173, pildikli\u0173, dirbtini\u0173 skoni\u0173, saldikli\u0173 ar pried\u0173 &#8211; tik tai, ko norite, ir ko ie\u0161kote.<\/p><p>\u201eVitamin Code Raw B-Complex\u201c funkcijos yra tikrai unikalios. Be didel\u0117s B vitamin\u0173 koncentracijos, \u0161is produktas taip pat si\u016blo miltelius, kurie sudaryti <strong>net i\u0161 23 vaisi\u0173 ir dar\u017eovi\u0173<\/strong>, kurie teikia antioksidantus, vitaminus ir maitinimo kofermentus.<\/p><p>Tai rei\u0161kia, kad j\u016bs gaunate daugiau nei tik B grup\u0117s vitamin\u0173 \u2013 j\u016bs gaunate vis\u0105 maistini\u0173 med\u017eiag\u0173 spektr\u0105, kuris papildo J\u016bs\u0173 ie\u0161komomis maistin\u0117mis med\u017eiagomis.\u00a0<\/p><p>Be to, \u0161is produktas yra sertifikuotas kaip <strong>veganams<\/strong> tinkamas, <strong>n\u0117ra geneti\u0161kai<\/strong> modifikuotas (<strong>Be-GMO<\/strong>) ir yra<strong> glitimo neturintis produktas<\/strong>.<\/p><p>Tai rei\u0161kia, kad jis yra saugus vartoti \u017emon\u0117ms, kurie laikosi vegan\u0173 mitybos, vengia geneti\u0161kai modifikuot\u0173 produkt\u0173 ar yra alergi\u0161ki glitimui.<\/p><p>\u201eGarden of Life Vitamin Code Raw B-Complex\u201c yra \u012fsipareigojimas sveikatai. Tai yra b\u016bdas papildyti organizm\u0105 ir jo atsargas, vartojant \u0161\u012f papild\u0105, kuris yra galingas ir nat\u016bralus.<\/p><p>Tai yra \u201eVitamin Code\u201c skirtumas &#8211; tai yra produkto, kuris yra tiek <strong>galingas<\/strong>, kiek <strong>nat\u016bralus<\/strong> sprendimas.<\/p><p>Tod\u0117l, jei norite sau ar savo artimiesiems\u00a0 suteikti tai, ko i\u0161ties\u0173 tikrai reikia, pasirinkite \u201eGarden of Life Vitamin Code Raw B-Complex\u201c<\/p><p>Jei nesi tikra\/s kurie dar\u00a0 vitaminai ar kiti papildai\u00a0<strong>tinkamiausi \u0161iuo metu<\/strong>, atlik test\u0105\u00a0<a style=\"background-color: #ffffff; color: #25bf4e;\" href=\"https:\/\/findvit.com\/testas\/\"><strong>\u201cTavo diena\u201d<\/strong><\/a>\u00a0ir su\u017einok\u00a0\u00a0<strong>asmenin\u0119<\/strong>\u00a0rekomendacij\u0105!<\/p><p>Daugiau apie gamintoj\u0105 skaityti \u2013\u00a0<a style=\"background-color: #ffffff; color: #25bf4e;\" href=\"https:\/\/findvit.com\/gamintojas\/garden-of-life\/\" target=\"_blank\" rel=\"noopener\"><span style=\"font-weight: bold;\">Garden of life<\/span><\/a><\/p>\t\t\t\t\t\t\t\t<\/div>\n\t\t\t\t<\/div>\n\t\t\t\t\t<\/div>\n\t\t<\/div>\n\t\t\t\t<div class=\"elementor-column elementor-col-50 elementor-top-column elementor-element elementor-element-fbd1cb7\" data-id=\"fbd1cb7\" data-element_type=\"column\" data-e-type=\"column\">\n\t\t\t<div class=\"elementor-widget-wrap elementor-element-populated\">\n\t\t\t\t\t\t<div class=\"elementor-element elementor-element-3975653 elementor-widget elementor-widget-image\" data-id=\"3975653\" data-element_type=\"widget\" data-e-type=\"widget\" data-widget_type=\"image.default\">\n\t\t\t\t<div class=\"elementor-widget-container\">\n\t\t\t\t\t\t\t\t\t\t\t\t\t\t\t<img loading=\"lazy\" loading=\"lazy\" decoding=\"async\" width=\"900\" height=\"900\" src=\"https:\/\/findvit.com\/wp-content\/uploads\/2021\/10\/Ko-9-900x900.jpg\" class=\"attachment-large size-large wp-image-2465\" alt=\"vyras vartojantis mineralus koliazas\" srcset=\"https:\/\/findvit.com\/wp-content\/uploads\/2021\/10\/Ko-9-900x900.jpg 900w, https:\/\/findvit.com\/wp-content\/uploads\/2021\/10\/Ko-9-600x600.jpg 600w, https:\/\/findvit.com\/wp-content\/uploads\/2021\/10\/Ko-9-150x150.jpg 150w, https:\/\/findvit.com\/wp-content\/uploads\/2021\/10\/Ko-9-768x768.jpg 768w, https:\/\/findvit.com\/wp-content\/uploads\/2021\/10\/Ko-9-1x1.jpg 1w, https:\/\/findvit.com\/wp-content\/uploads\/2021\/10\/Ko-9-10x10.jpg 10w, https:\/\/findvit.com\/wp-content\/uploads\/2021\/10\/Ko-9-100x100.jpg 100w, https:\/\/findvit.com\/wp-content\/uploads\/2021\/10\/Ko-9.jpg 1000w\" sizes=\"auto, (max-width: 900px) 100vw, 900px\" \/>\t\t\t\t\t\t\t\t\t\t\t\t\t\t\t<\/div>\n\t\t\t\t<\/div>\n\t\t\t\t\t<\/div>\n\t\t<\/div>\n\t\t\t\t\t<\/div>\n\t\t<\/section>\n\t\t\t\t<\/div>\n\t\t","protected":false},"excerpt":{"rendered":"<p>B vitam\u012bni no Garden of life Vitamin Code Raw B-Complex ir vair\u0101k nek\u0101 tikai vitam\u012bnu komplekss. Tas ir dabisks uztura bag\u0101tin\u0101t\u0101js, kas satur visus B vitam\u012bnus. Kop\u0101 ar kofaktoriem, kas veicina labu vitam\u012bnu uzs\u016bk\u0161anos no 23 aug\u013ciem un d\u0101rze\u0146iem un dz\u012bv\u0101m probiotik\u0101m un fermentiem. Iepakojum\u0101 ir pat 120 veg\u0101nu kapsulas. Pietiks pat 4 m\u0113ne\u0161iem.<\/p>","protected":false},"featured_media":2720,"comment_status":"open","ping_status":"closed","template":"","meta":{"_acf_changed":false,"inline_featured_image":false},"etheme_brands":[{"term_id":58,"name":"Garden of Life","slug":"garden-of-life","term_group":0,"term_taxonomy_id":58,"taxonomy":"brand","description":"<h2><strong><a href=\"https:\/\/www.gardenoflife.com\/why-gol\" target=\"_blank\" rel=\"noopener\">Garden of Life<\/a><\/strong><\/h2>\r\nJAV \u012fmon\u0117, kuri yra viena i\u0161 nedaugelio, gaminanti savo produktus 100% i\u0161 nat\u016brali\u0173 ingredient\u0173. Puikiai tinka \u017emon\u0117ms, kuriems labai svarbi produkt\u0173 sud\u0117tis. Visi produktai be GMO. Gamintojas apdovanotas daugeliu kokyb\u0117s sertifikat\u0173, toki\u0173 kaip USDA Organic, Certified Vegan, Certified Gluten-Free, U Kosher ir daugelis kit\u0173. Garden of life kompanija dal\u012f pajam\u0173, gaut\u0173 i\u0161 pardavim\u0173, skiria labdarai, pla\u010diau apra\u0161ytoms gamintojo svetain\u0117je.\r\n\"Garden of Life\" tikslas - suteikti \u017emon\u0117ms galimyb\u0119 tur\u0117ti auk\u0161tos kokyb\u0117s papildus, kurie yra reikalingi gerai sveikatai i\u0161laikyti. Sud\u0117tin\u0117s dalys yra organin\u0117s kilm\u0117s, klini\u0161kai i\u0161tirtos ir atsekamos kilm\u0117s. Gompanija savo gaminiuose nenaudoja sintetini\u0173 pried\u0173, dirbtini\u0173 skoni\u0173 ar da\u017eikli\u0173, ri\u0161ikli\u0173 ar u\u017epild\u0173.\r\nhttps:\/\/youtu.be\/2jbU_WkglKA?t=48\r\n<h3><strong>Neapdirbtas maistas<\/strong><\/h3>\r\n\u017dmogaus k\u016bnas buvo sukurtas valgyti, apdoroti ir gauti maistines med\u017eiagas i\u0161 maisto - tikro, sveiko maisto. Taigi, kai kuriami produktai, pradedama nuo \u017evilgnsio \u012f maist\u0105. Kokie yra \"geri dalykai\" auk\u0161\u010diausios kokyb\u0117s maiste, kurio mums tr\u016bksta m\u016bs\u0173 kasdien\u0117je mityboje? Kuris i\u0161 \u0161i\u0173 maisto produkt\u0173 turi did\u017eiausi\u0105 potencial\u0105 paveikti ir \u012fgalinti ger\u0105 sveikat\u0105?\r\n<h3><strong>Atsekamumas<\/strong><\/h3>\r\nAtsekamumas yra labai svarbus veiksnys, d\u0117l kurio \"Garden of Life\" produktai yra tokie ypatingi. Atsekamumas prasideda nuo \u017einojimo, i\u0161 kur kil\u0119s kiekvienas produkt\u0173 ingredientas, ir susipa\u017einimo su kiekviena kilme: kur jis auginamas; \u016bkininkavimo praktika; kaip elgiasi su \u016bkio darbuotojais \u2013 viskuo.\r\n<h3><strong>\u0160varu yra sveika<\/strong><\/h3>\r\nGarden of life stebi, kas yra \u012fdedama \u012f produktus \u2013 tikri, neapdirbti maisto ingredientai. Bet ties tuo nesustojama. Taip pat labai daug d\u0117mesio skiriama tam, kas i\u0161 \u0161i\u0173 produkt\u0173 i\u0161gaunama. Ir dar kart\u0105 renkamasi\u00a0 \u2013 tikras kokybi\u0161kas maistas. Kompanija naudoja tre\u010di\u0173j\u0173 \u0161ali\u0173\u00a0 sertifikatus, kad \u012frodyt\u0173, jog produktai yra \u0161var\u016bs ir kokybi\u0161ki!\r\n<h3><strong>CO2 neutralumas<\/strong><\/h3>\r\nGarden of life nepaprastai did\u017eiuojasi, kad pasiek\u0117 anglies dioksido neutralum\u0105 2021 m. Bir\u017eelio m\u0117n. CarbonFund.org sertifikuotas \"Carbonfree\u00ae\", \"Garden of Life\" nuo pat \u012fk\u016brimo buvo \u012fsipareigojusi tvarumui.","parent":0,"count":12,"filter":"raw"}],"product_brand":[],"product_cat":[63,645,124],"product_tag":[89,127,122,181,121],"class_list":{"0":"post-9953","1":"product","2":"type-product","3":"status-publish","4":"has-post-thumbnail","6":"brand-garden-of-life","7":"product_cat-mineralai","8":"product_cat-geriausi-papildai-vyrams","9":"product_cat-siamsezonui","10":"product_tag-atminciai-ir-koncentracijai","11":"product_tag-atsipalaidavimui-ir-ramybei","12":"product_tag-jaunatviskai-odai","13":"product_tag-keto","14":"product_tag-zvilgantiems-plaukams","16":"first","17":"instock","18":"sale","19":"taxable","20":"shipping-taxable","21":"purchasable","22":"product-type-simple"},"acf":[],"_links":{"self":[{"href":"https:\/\/findvit.com\/lv\/wp-json\/wp\/v2\/product\/9953","targetHints":{"allow":["GET"]}}],"collection":[{"href":"https:\/\/findvit.com\/lv\/wp-json\/wp\/v2\/product"}],"about":[{"href":"https:\/\/findvit.com\/lv\/wp-json\/wp\/v2\/types\/product"}],"replies":[{"embeddable":true,"href":"https:\/\/findvit.com\/lv\/wp-json\/wp\/v2\/comments?post=9953"}],"version-history":[{"count":21,"href":"https:\/\/findvit.com\/lv\/wp-json\/wp\/v2\/product\/9953\/revisions"}],"predecessor-version":[{"id":18966,"href":"https:\/\/findvit.com\/lv\/wp-json\/wp\/v2\/product\/9953\/revisions\/18966"}],"wp:featuredmedia":[{"embeddable":true,"href":"https:\/\/findvit.com\/lv\/wp-json\/wp\/v2\/media\/2720"}],"wp:attachment":[{"href":"https:\/\/findvit.com\/lv\/wp-json\/wp\/v2\/media?parent=9953"}],"wp:term":[{"taxonomy":"brand","embeddable":true,"href":"https:\/\/findvit.com\/lv\/wp-json\/wp\/v2\/etheme_brands?post=9953"},{"taxonomy":"product_brand","embeddable":true,"href":"https:\/\/findvit.com\/lv\/wp-json\/wp\/v2\/product_brand?post=9953"},{"taxonomy":"product_cat","embeddable":true,"href":"https:\/\/findvit.com\/lv\/wp-json\/wp\/v2\/product_cat?post=9953"},{"taxonomy":"product_tag","embeddable":true,"href":"https:\/\/findvit.com\/lv\/wp-json\/wp\/v2\/product_tag?post=9953"}],"curies":[{"name":"wp","href":"https:\/\/api.w.org\/{rel}","templated":true}]}}