{"id":1141,"date":"2021-10-08T14:29:39","date_gmt":"2021-10-08T11:29:39","guid":{"rendered":"https:\/\/findvit.com\/?post_type=product&#038;p=1141"},"modified":"2024-01-02T15:32:41","modified_gmt":"2024-01-02T13:32:41","slug":"fermentu-kompleksas-su-probiotikais-digestprobiotics","status":"publish","type":"product","link":"https:\/\/findvit.com\/ru\/produktas\/fermentu-kompleksas-su-probiotikais-digestprobiotics\/","title":{"rendered":"Enzymedica Digest\u2122 + \u041f\u0420\u041e\u0411\u0418\u041e\u0422\u0418\u041a\u0418-\u043a\u043e\u043c\u043f\u043b\u0435\u043a\u0441 \u043f\u0438\u0449\u0435\u0432\u0430\u0440\u0438\u0442\u0435\u043b\u044c\u043d\u044b\u0445 \u0444\u0435\u0440\u043c\u0435\u043d\u0442\u043e\u0432 \u0438 \u043f\u0440\u043e\u0431\u0438\u043e\u0442\u0438\u043a\u043e\u0432, 30 \u0432\u0435\u0433\u0435\u0442\u0430\u0440\u0438\u0430\u043d\u0441\u043a\u0438\u0445 \u043a\u0430\u043f\u0441\u0443\u043b"},"content":{"rendered":"<div data-elementor-type=\"product-post\" data-elementor-id=\"1141\" class=\"elementor elementor-1141\" data-elementor-post-type=\"product\">\n\t\t\t\t\t\t<section class=\"elementor-section elementor-top-section elementor-element elementor-element-450e271 elementor-section-boxed elementor-section-height-default elementor-section-height-default\" data-id=\"450e271\" data-element_type=\"section\">\n\t\t\t\t\t\t<div class=\"elementor-container elementor-column-gap-default\">\n\t\t\t\t\t<div class=\"elementor-column elementor-col-100 elementor-top-column elementor-element elementor-element-51c6855\" data-id=\"51c6855\" data-element_type=\"column\">\n\t\t\t<div class=\"elementor-widget-wrap elementor-element-populated\">\n\t\t\t\t\t\t<div class=\"elementor-element elementor-element-da4ccd9 elementor-absolute elementor-hidden-mobile elementor-invisible elementor-widget elementor-widget-image\" data-id=\"da4ccd9\" data-element_type=\"widget\" data-settings=\"{&quot;motion_fx_motion_fx_scrolling&quot;:&quot;yes&quot;,&quot;motion_fx_rotateZ_effect&quot;:&quot;yes&quot;,&quot;motion_fx_rotateZ_speed&quot;:{&quot;unit&quot;:&quot;px&quot;,&quot;size&quot;:5,&quot;sizes&quot;:[]},&quot;motion_fx_range&quot;:&quot;viewport&quot;,&quot;_animation&quot;:&quot;fadeIn&quot;,&quot;_position&quot;:&quot;absolute&quot;,&quot;motion_fx_rotateZ_affectedRange&quot;:{&quot;unit&quot;:&quot;%&quot;,&quot;size&quot;:&quot;&quot;,&quot;sizes&quot;:{&quot;start&quot;:0,&quot;end&quot;:100}},&quot;motion_fx_devices&quot;:[&quot;desktop&quot;,&quot;tablet&quot;,&quot;mobile&quot;]}\" data-widget_type=\"image.default\">\n\t\t\t\t<div class=\"elementor-widget-container\">\n\t\t\t\t\t\t\t\t\t\t\t\t\t\t\t<img loading=\"lazy\" decoding=\"async\" width=\"200\" height=\"200\" src=\"https:\/\/findvit.com\/wp-content\/uploads\/2021\/09\/ratukas.svg\" class=\"attachment-full size-full wp-image-1777\" alt=\"\u041a\u043e\u043b\u0435\u0441\u043e \u043e\u0442 \u0430\u043d\u043a\u0435\u0442\u044b \u043a \u0432\u0438\u0442\u0430\u043c\u0438\u043d\u0443\" \/>\t\t\t\t\t\t\t\t\t\t\t\t\t\t\t<\/div>\n\t\t\t\t<\/div>\n\t\t\t\t\t<\/div>\n\t\t<\/div>\n\t\t\t\t\t<\/div>\n\t\t<\/section>\n\t\t\t\t<section class=\"elementor-section elementor-top-section elementor-element elementor-element-b9f63d6 elementor-section-boxed elementor-section-height-default elementor-section-height-default\" data-id=\"b9f63d6\" data-element_type=\"section\">\n\t\t\t\t\t\t<div class=\"elementor-container elementor-column-gap-no\">\n\t\t\t\t\t<div class=\"elementor-column elementor-col-50 elementor-top-column elementor-element elementor-element-4475b85\" data-id=\"4475b85\" data-element_type=\"column\">\n\t\t\t<div class=\"elementor-widget-wrap elementor-element-populated\">\n\t\t\t\t\t\t<div class=\"elementor-element elementor-element-195ab3c elementor-widget elementor-widget-heading\" data-id=\"195ab3c\" data-element_type=\"widget\" data-widget_type=\"heading.default\">\n\t\t\t\t<div class=\"elementor-widget-container\">\n\t\t\t\t\t<h2 class=\"elementor-heading-title elementor-size-medium\">Enzymedica Digest\u2122 + \u041f\u0420\u041e\u0411\u0418\u041e\u0422\u0418\u041a\u0418-\u043a\u043e\u043c\u043f\u043b\u0435\u043a\u0441 \u043f\u0438\u0449\u0435\u0432\u0430\u0440\u0438\u0442\u0435\u043b\u044c\u043d\u044b\u0445 \u0444\u0435\u0440\u043c\u0435\u043d\u0442\u043e\u0432 \u0438 \u043f\u0440\u043e\u0431\u0438\u043e\u0442\u0438\u043a\u043e\u0432, 30 \u0432\u0435\u0433\u0435\u0442\u0430\u0440\u0438\u0430\u043d\u0441\u043a\u0438\u0445 \u043a\u0430\u043f\u0441\u0443\u043b<\/h2>\t\t\t\t<\/div>\n\t\t\t\t<\/div>\n\t\t\t\t<div class=\"elementor-element elementor-element-33a838d elementor-widget elementor-widget-text-editor\" data-id=\"33a838d\" data-element_type=\"widget\" data-widget_type=\"text-editor.default\">\n\t\t\t\t<div class=\"elementor-widget-container\">\n\t\t\t\t\t\t\t\t\t<p><strong>Digest +Probiotics \u0441\u043e\u0434\u0435\u0440\u0436\u0438\u0442 \u0443\u043d\u0438\u043a\u0430\u043b\u044c\u043d\u0443\u044e \u0441\u043c\u0435\u0441\u044c Thera-Blend.<\/strong><\/p>\n<p><strong> \u041e\u043d \u0431\u0430\u043b\u0430\u043d\u0441\u0438\u0440\u0443\u0435\u0442 \u0434\u043e 12 \u0440\u0430\u0437\u043b\u0438\u0447\u043d\u044b\u0445 \u0444\u0435\u0440\u043c\u0435\u043d\u0442\u043e\u0432 \u0438 \u043f\u043e\u043b\u0435\u0437\u043d\u044b\u0435 \u0431\u0430\u043a\u0442\u0435\u0440\u0438\u0438, \u043a\u043e\u0442\u043e\u0440\u044b\u0435 \u043f\u043e\u0434\u0434\u0435\u0440\u0436\u0438\u0432\u0430\u044e\u0442 \u0437\u0434\u043e\u0440\u043e\u0432\u043e\u0435 \u043f\u0438\u0449\u0435\u0432\u0430\u0440\u0435\u043d\u0438\u0435.<\/strong><\/p>\n<p><strong> \u041f\u0440\u043e\u0431\u0438\u043e\u0442\u0438\u043a\u0438 \u0434\u043e\u043f\u043e\u043b\u043d\u044f\u044e\u0442 \u0435\u0436\u0435\u0434\u043d\u0435\u0432\u043d\u044b\u0439 \u0440\u0430\u0446\u0438\u043e\u043d \u0436\u0438\u0437\u043d\u0435\u0441\u043f\u043e\u0441\u043e\u0431\u043d\u044b\u043c\u0438 \u0431\u0430\u043a\u0442\u0435\u0440\u0438\u044f\u043c\u0438. <\/strong><\/p>\n<p>\u0414\u0435\u0444\u0438\u0446\u0438\u0442 \u0444\u0435\u0440\u043c\u0435\u043d\u0442\u0430 \u043c\u043e\u0436\u0435\u0442 \u0431\u044b\u0442\u044c \u0432\u044b\u0437\u0432\u0430\u043d \u0432\u043e\u0437\u0440\u0430\u0441\u0442\u043e\u043c, \u0434\u0438\u0435\u0442\u043e\u0439 \u0438 \u043e\u0431\u0440\u0430\u0437\u043e\u043c \u0436\u0438\u0437\u043d\u0438.<\/p>\n<p>\u042d\u0442\u043e\u0442 \u0434\u0435\u0444\u0438\u0446\u0438\u0442 \u043c\u043e\u0436\u0435\u0442 \u043f\u0440\u0438\u0432\u0435\u0441\u0442\u0438 \u043a\u043e \u0432\u0441\u0435\u043c \u0432\u0438\u0434\u0430\u043c \u043f\u0440\u043e\u0431\u043b\u0435\u043c \u0441 \u043f\u0438\u0449\u0435\u0432\u0430\u0440\u0435\u043d\u0438\u0435\u043c, \u0432\u043a\u043b\u044e\u0447\u0430\u044f \u0433\u0430\u0437\u044b, \u0432\u0437\u0434\u0443\u0442\u0438\u0435 \u0436\u0438\u0432\u043e\u0442\u0430 \u0438 \u0440\u0430\u0441\u0441\u0442\u0440\u043e\u0439\u0441\u0442\u0432\u043e \u0436\u0435\u043b\u0443\u0434\u043a\u0430.<\/p>\n<p><strong>\u0422\u0435\u0440\u0430-\u0411\u043b\u0435\u043d\u0434<\/strong> \u0441\u043e\u0434\u0435\u0440\u0436\u0438\u0442 \u044d\u0444\u0444\u0435\u043a\u0442\u0438\u0432\u043d\u044b\u0435 \u0444\u0435\u0440\u043c\u0435\u043d\u0442\u044b, \u0442\u0430\u043a\u0438\u0435 \u043a\u0430\u043a <strong>\u0430\u043c\u0438\u043b\u0430\u0437\u0430, \u043b\u0438\u043f\u0430\u0437\u0430, \u0446\u0435\u043b\u043b\u044e\u043b\u0430\u0437\u0430 \u0438 \u043f\u0440\u043e\u0442\u0435\u0430\u0437\u0430<\/strong>.<\/p>\n<p>\u042d\u0442\u0438 \u0444\u0435\u0440\u043c\u0435\u043d\u0442\u044b <strong>\u0440\u0430\u0441\u0449\u0435\u043f\u043b\u044f\u0435\u0442 \u0442\u0440\u0443\u0434\u043d\u043e\u043f\u0435\u0440\u0435\u0432\u0430\u0440\u0438\u0432\u0430\u0435\u043c\u044b\u0435 \u0432\u0435\u0449\u0435\u0441\u0442\u0432\u0430, \u0442\u0430\u043a\u0438\u0435 \u043a\u0430\u043a \u0443\u0433\u043b\u0435\u0432\u043e\u0434\u044b, \u0436\u0438\u0440\u044b, \u0436\u0435\u043b\u0435\u0437\u043e \u0438 \u0431\u0435\u043b\u043a\u0438.*<\/strong><\/p>\n<p>Enzymedica \u0437\u0430\u043f\u0430\u0442\u0435\u043d\u0442\u043e\u0432\u0430\u043d\u0430. <strong>\u0422\u0435\u0440\u0430-\u0431\u043b\u0435\u043d\u0434\u2122<\/strong>&nbsp;\u0422\u0435\u0445\u043d\u043e\u043b\u043e\u0433\u0438\u044f \u043e\u0437\u043d\u0430\u0447\u0430\u0435\u0442, \u0447\u0442\u043e \u0444\u0435\u0440\u043c\u0435\u043d\u0442\u044b \u0432 \u0441\u043e\u0441\u0442\u0430\u0432\u0435 Digest +PROBIOITICS \u044d\u0444\u0444\u0435\u043a\u0442\u0438\u0432\u043d\u044b \u0432\u043e \u0432\u0441\u0435\u043c \u043e\u0440\u0433\u0430\u043d\u0438\u0437\u043c\u0435. <strong>\u0432 \u0440\u041d-\u0441\u043f\u0435\u043a\u0442\u0440\u0435 \u0436\u0435\u043b\u0443\u0434\u043e\u0447\u043d\u043e-\u043a\u0438\u0448\u0435\u0447\u043d\u043e\u0433\u043e \u0442\u0440\u0430\u043a\u0442\u0430.<\/strong><\/p>\n<h5><strong>*\u0423\u043b\u0443\u0447\u0448\u0430\u0435\u0442 \u043f\u0438\u0449\u0435\u0432\u0430\u0440\u0435\u043d\u0438\u0435 *\u0420\u0430\u0441\u0449\u0435\u043f\u043b\u044f\u0435\u0442 \u0436\u0438\u0440\u044b, \u0431\u0435\u043b\u043a\u0438 \u0438 \u0443\u0433\u043b\u0435\u0432\u043e\u0434\u044b *\u0414\u043e\u043f\u043e\u043b\u043d\u044f\u0435\u0442 \u043f\u0438\u0442\u0430\u043d\u0438\u0435 \u043f\u043e\u043b\u0435\u0437\u043d\u044b\u043c\u0438 \u0431\u0435\u043b\u043a\u0430\u043c\u0438&nbsp;<\/strong><\/h5>\n<p><strong>\u0427\u0442\u043e \u0442\u0430\u043a\u043e\u0435 \u0444\u0435\u0440\u043c\u0435\u043d\u0442\u044b \u0438 \u043a\u0430\u043a \u043e\u043d\u0438 \u0440\u0430\u0431\u043e\u0442\u0430\u044e\u0442?<\/strong><br>\u0424\u0435\u0440\u043c\u0435\u043d\u0442\u044b \u043e\u0442\u0432\u0435\u0447\u0430\u044e\u0442 \u0437\u0430 \u043f\u0438\u0449\u0435\u0432\u0430\u0440\u0435\u043d\u0438\u0435. \u042d\u0442\u043e \u0435\u0441\u0442\u0435\u0441\u0442\u0432\u0435\u043d\u043d\u043e\u0435 \u044f\u0432\u043b\u0435\u043d\u0438\u0435 <strong>\u0431\u0435\u043b\u043a\u0438, \u0443\u0441\u043a\u043e\u0440\u044f\u044e\u0449\u0438\u0435 \u0440\u0435\u0430\u043a\u0446\u0438\u0438.<\/strong><\/p>\n<p><strong>\u0444\u0435\u0440\u043c\u0435\u043d\u0442\u0430\u0446\u0438\u044f<\/strong>\u044f \u043f\u043e\u0445\u043e\u0436 \u043d\u0430 \u043c\u0430\u043b\u0435\u043d\u044c\u043a\u0438\u0435 \u043d\u043e\u0436\u043d\u0438\u0446\u044b, \u043a\u043e\u0442\u043e\u0440\u044b\u0435 \u043d\u0430\u0441 \u0435\u0434\u044f\u0442 <strong>\u00ab\u0440\u0430\u0437\u0440\u0435\u0437\u0430\u0442\u044c\u00bb \u0435\u0434\u0443 \u043d\u0430 \u0431\u043e\u043b\u0435\u0435 \u043c\u0435\u043b\u043a\u0438\u0435 \u043a\u0443\u0441\u043e\u0447\u043a\u0438.<\/strong> \u0414\u0430<strong> \u0431\u043e\u043b\u0435\u0435 \u043b\u0435\u0433\u043a\u043e\u0435 \u0438 \u043b\u0443\u0447\u0448\u0435\u0435 \u0443\u0441\u0432\u043e\u0435\u043d\u0438\u0435 \u043f\u0438\u0442\u0430\u0442\u0435\u043b\u044c\u043d\u044b\u0445 \u0432\u0435\u0449\u0435\u0441\u0442\u0432.<\/strong><\/p>\n<p><strong>\u0415\u0441\u043b\u0438 \u0432 \u043e\u0440\u0433\u0430\u043d\u0438\u0437\u043c\u0435 \u043d\u0435 \u0445\u0432\u0430\u0442\u0430\u0435\u0442 \u0444\u0435\u0440\u043c\u0435\u043d\u0442\u043e\u0432, \u043c\u043e\u0436\u0435\u0442 \u0431\u044b\u0442\u044c \u0442\u0440\u0443\u0434\u043d\u043e \u0440\u0430\u0441\u0449\u0435\u043f\u043b\u044f\u0442\u044c \u0431\u043e\u043b\u0435\u0435 \u0442\u044f\u0436\u0435\u043b\u0443\u044e \u043f\u0438\u0449\u0443, \u0432\u043e\u0442 \u043a\u0430\u043a \u044d\u0442\u043e \u0440\u0430\u0431\u043e\u0442\u0430\u0435\u0442. <span style=\"text-decoration: underline;\">\u0441\u043a\u043e\u043f\u043b\u0435\u043d\u0438\u0435 \u0433\u0430\u0437\u0430<\/span>, <span style=\"text-decoration: underline;\">\u0432\u0437\u0434\u0443\u0432\u0430\u0435\u0442\u0441\u044f \u0436\u0435\u043b\u0443\u0434\u043e\u043a, \u0432\u043e\u0437\u043d\u0438\u043a\u0430\u044e\u0442 \u0441\u0431\u043e\u0438 \u0432 \u0440\u0430\u0431\u043e\u0442\u0435 \u0436\u0435\u043b\u0443\u0434\u043a\u0430 \u0438 \u0432\u0441\u044f \u043f\u0438\u0449\u0435\u0432\u0430\u0440\u0438\u0442\u0435\u043b\u044c\u043d\u0430\u044f \u0441\u0438\u0441\u0442\u0435\u043c\u0430 \u0440\u0430\u0431\u043e\u0442\u0430\u0435\u0442 \u0441 \u043f\u0435\u0440\u0435\u0431\u043e\u044f\u043c\u0438<\/span>.<\/strong><\/p>\n<p>\u041f\u0440\u0438 \u0438\u0441\u043f\u043e\u043b\u044c\u0437\u043e\u0432\u0430\u043d\u0438\u0438 \u044d\u0442\u043e\u0439 \u043f\u0438\u0449\u0435\u0432\u043e\u0439 \u0434\u043e\u0431\u0430\u0432\u043a\u0438 \u0441 \u0444\u0435\u0440\u043c\u0435\u043d\u0442\u0430\u043c\u0438 \u0438 \u043f\u0440\u043e\u0431\u0438\u043e\u0442\u0438\u043a\u0430\u043c\u0438 \u043f\u0440\u043e\u0446\u0435\u0441\u0441 \u043f\u0438\u0449\u0435\u0432\u0430\u0440\u0435\u043d\u0438\u044f \u0431\u0443\u0434\u0435\u0442 \u0443\u043b\u0443\u0447\u0448\u0435\u043d.<\/p>\n<p>\u0414\u0435\u0444\u0438\u0446\u0438\u0442 \u0444\u0435\u0440\u043c\u0435\u043d\u0442\u043e\u0432 \u043c\u043e\u0436\u0435\u0442 \u0431\u044b\u0442\u044c \u0432\u044b\u0437\u0432\u0430\u043d \u043d\u0435 \u0442\u043e\u043b\u044c\u043a\u043e \u0434\u0438\u0435\u0442\u043e\u0439 \u0438\u043b\u0438 \u043e\u0431\u0440\u0430\u0437\u043e\u043c \u0436\u0438\u0437\u043d\u0438.<\/p>\n<p><strong>\u0421 \u0432\u043e\u0437\u0440\u0430\u0441\u0442\u043e\u043c \u043e\u0440\u0433\u0430\u043d\u0438\u0437\u043c \u0435\u0441\u0442\u0435\u0441\u0442\u0432\u0435\u043d\u043d\u044b\u043c \u043e\u0431\u0440\u0430\u0437\u043e\u043c \u043d\u0430\u0447\u0438\u043d\u0430\u0435\u0442 \u043f\u0440\u043e\u0438\u0437\u0432\u043e\u0434\u0438\u0442\u044c \u043c\u0435\u043d\u044c\u0448\u0435 \u0444\u0435\u0440\u043c\u0435\u043d\u0442\u043e\u0432.<\/strong><\/p>\n<p>\u041f\u043e\u043b\u0443\u0447\u0438\u0442\u044c \u0432\u0441\u0435 \u043d\u0435\u043e\u0431\u0445\u043e\u0434\u0438\u043c\u044b\u0435 \u043f\u0438\u0442\u0430\u0442\u0435\u043b\u044c\u043d\u044b\u0435 \u0432\u0435\u0449\u0435\u0441\u0442\u0432\u0430 \u0442\u043e\u043b\u044c\u043a\u043e \u0438\u0437 \u043f\u0438\u0449\u0438 \u043c\u043e\u0436\u0435\u0442 \u0431\u044b\u0442\u044c \u0441\u043b\u043e\u0436\u043d\u043e, \u043f\u043e\u0441\u043a\u043e\u043b\u044c\u043a\u0443 \u0444\u0435\u0440\u043c\u0435\u043d\u0442\u044b \u0432 \u043f\u0438\u0449\u0435 \u043f\u043e\u0433\u0438\u0431\u0430\u044e\u0442 \u0432\u043e \u0432\u0440\u0435\u043c\u044f \u043f\u0440\u0438\u0433\u043e\u0442\u043e\u0432\u043b\u0435\u043d\u0438\u044f \u0438 \u0432\u044b\u043f\u0435\u0447\u043a\u0438.<\/p>\n<p><strong>\u0423\u0441\u0442\u0440\u0430\u043d\u0438\u0442\u044c \u044d\u0442\u043e\u0442 \u043d\u0435\u0434\u043e\u0441\u0442\u0430\u0442\u043e\u043a \u043f\u043e\u043c\u043e\u0436\u0435\u0442 \u043f\u0440\u0438\u0435\u043c \u043f\u0438\u0449\u0435\u0432\u044b\u0445 \u0434\u043e\u0431\u0430\u0432\u043e\u043a \u0441 \u0444\u0435\u0440\u043c\u0435\u043d\u0442\u0430\u043c\u0438.<\/strong><\/p>\n<p><strong>\u0410\u043c\u0438\u043b\u0430\u0437\u0430<\/strong> - \u0440\u0430\u0441\u0449\u0435\u043f\u043b\u044f\u0435\u0442 \u0443\u0433\u043b\u0435\u0432\u043e\u0434\u044b, \u043a\u0440\u0430\u0445\u043c\u0430\u043b\u044b \u0438 \u0441\u0430\u0445\u0430\u0440\u0430, \u043a\u043e\u0442\u043e\u0440\u044b\u0435 \u043f\u0440\u0435\u043e\u0431\u043b\u0430\u0434\u0430\u044e\u0442 \u0432\u043e \u0432\u0441\u0435\u0445 \u0440\u0430\u0441\u0442\u0438\u0442\u0435\u043b\u044c\u043d\u044b\u0445 \u043f\u0440\u043e\u0434\u0443\u043a\u0442\u0430\u0445 (\u043a\u0430\u0440\u0442\u043e\u0444\u0435\u043b\u0435, \u0444\u0440\u0443\u043a\u0442\u0430\u0445, \u043e\u0432\u043e\u0449\u0430\u0445, \u0437\u0435\u0440\u043d\u043e\u0432\u044b\u0445).<\/p>\n<p><strong>\u041b\u0438\u043f\u0430\u0437\u0430<\/strong> \u2013 \u043f\u043e\u043c\u043e\u0433\u0430\u0435\u0442 \u043f\u0435\u0440\u0435\u0432\u0430\u0440\u0438\u0432\u0430\u0442\u044c \u0436\u0438\u0440\u043d\u0443\u044e \u043f\u0438\u0449\u0443, \u0442\u0430\u043a\u0443\u044e \u043a\u0430\u043a \u043c\u043e\u043b\u043e\u0447\u043d\u044b\u0435 \u043f\u0440\u043e\u0434\u0443\u043a\u0442\u044b, \u043e\u0440\u0435\u0445\u0438, \u043c\u0430\u0441\u043b\u0430, \u044f\u0439\u0446\u0430 \u0438 \u043c\u044f\u0441\u043e.<\/p>\n<p><strong>\u0426\u0435\u043b\u043b\u044e\u043b\u0430\u0437\u0430<\/strong> \u2013 \u043f\u043e\u043c\u043e\u0433\u0430\u0435\u0442 \u043f\u0435\u0440\u0435\u0432\u0430\u0440\u0438\u0432\u0430\u0442\u044c \u043f\u0440\u043e\u0434\u0443\u043a\u0442\u044b \u0441 \u0432\u044b\u0441\u043e\u043a\u0438\u043c \u0441\u043e\u0434\u0435\u0440\u0436\u0430\u043d\u0438\u0435\u043c \u043a\u043b\u0435\u0442\u0447\u0430\u0442\u043a\u0438, \u0442\u0430\u043a\u0438\u0435 \u043a\u0430\u043a \u0431\u0440\u043e\u043a\u043a\u043e\u043b\u0438, \u0441\u043f\u0430\u0440\u0436\u0430 \u0438 \u0444\u0430\u0441\u043e\u043b\u044c, \u043a\u043e\u0442\u043e\u0440\u044b\u0435 \u043c\u043e\u0433\u0443\u0442 \u0432\u044b\u0437\u0432\u0430\u0442\u044c \u0433\u0430\u0437\u043e\u043e\u0431\u0440\u0430\u0437\u043e\u0432\u0430\u043d\u0438\u0435.<\/p>\n<p><strong>\u041b\u0430\u043a\u0442\u0430\u0437\u0430<\/strong> - \u0440\u0430\u0441\u0449\u0435\u043f\u043b\u044f\u0435\u0442 \u0441\u0430\u0445\u0430\u0440 \u043b\u0430\u043a\u0442\u043e\u0437\u0443 \u043d\u0430 \u0433\u043b\u044e\u043a\u043e\u0437\u0443 \u0438 \u0433\u0430\u043b\u0430\u043a\u0442\u043e\u0437\u0443.<\/p>\n<p><strong>\u041c\u0430\u043b\u044c\u0442\u0430\u0437\u0430<\/strong> - \u0440\u0430\u0441\u0449\u0435\u043f\u043b\u044f\u0435\u0442 \u043c\u0430\u043b\u044c\u0442\u043e\u0437\u043d\u044b\u0439 \u0441\u0430\u0445\u0430\u0440 \u043d\u0430 \u0431\u043e\u043b\u0435\u0435 \u043c\u0435\u043b\u043a\u0438\u0435 \u043c\u043e\u043b\u0435\u043a\u0443\u043b\u044b \u0433\u043b\u044e\u043a\u043e\u0437\u044b.<\/p>\n<p>\u0411\u043e\u043b\u0435\u0435 \u043f\u043e\u043b\u0435\u0437\u043d\u0443\u044e \u0438\u043d\u0444\u043e\u0440\u043c\u0430\u0446\u0438\u044e \u043c\u043e\u0436\u043d\u043e \u043d\u0430\u0439\u0442\u0438 \u043f\u043e \u0430\u0434\u0440\u0435\u0441\u0443:<\/p>\n<p><strong><a href=\"https:\/\/findvit.com\/ru\/paslaptingasis-sveikatos-raktas-fermentai\/\" target=\"_blank\" rel=\"noopener\">\u0424\u0435\u0440\u043c\u0435\u043d\u0442\u044b \u2013 \u0441\u0435\u043a\u0440\u0435\u0442\u043d\u044b\u0439 \u043a\u043b\u044e\u0447 \u043a \u0437\u0434\u043e\u0440\u043e\u0432\u044c\u044e<\/a><\/strong><\/p>\n<p>\u041f\u0440\u043e\u0438\u0437\u0432\u043e\u0434\u0438\u0442\u0435\u043b\u044c - <strong><a href=\"https:\/\/findvit.com\/ru\/gamintojas\/enzymedica\/\" target=\"_blank\" rel=\"noopener\">\u042d\u043d\u0437\u0438\u043c\u0435\u0434\u0438\u043a\u0430<\/a><\/strong><\/p><p><span style=\"color: inherit; font-family: inherit; font-size: inherit; font-weight: var( --e-global-typography-text-font-weight ); background-color: var(--et_container-bg-color, transparent);\">\u0415\u0441\u043b\u0438 \u0432\u044b \u043d\u0435 \u0443\u0432\u0435\u0440\u0435\u043d\u044b, \u043a\u0430\u043a\u0438\u0435 \u0434\u0440\u0443\u0433\u0438\u0435 \u0432\u0438\u0442\u0430\u043c\u0438\u043d\u044b \u0438\u043b\u0438 \u0434\u0440\u0443\u0433\u0438\u0435 \u0434\u043e\u0431\u0430\u0432\u043a\u0438 \u043d\u0430\u0438\u0431\u043e\u043b\u0435\u0435 \u043f\u043e\u0434\u0445\u043e\u0434\u044f\u0442 \u0432 \u0434\u0430\u043d\u043d\u044b\u0439 \u043c\u043e\u043c\u0435\u043d\u0442, \u043f\u0440\u043e\u0439\u0434\u0438\u0442\u0435 \u0442\u0435\u0441\u0442. <\/span><strong style=\"color: inherit; font-family: inherit; font-size: inherit; background-color: var(--et_container-bg-color, transparent);\"><a href=\"https:\/\/findvit.com\/ru\/testas\/\">\u00ab\u0422\u0432\u043e\u0439 \u0434\u0435\u043d\u044c\u00bb<\/a> <\/strong><span style=\"color: inherit; font-family: inherit; font-size: inherit; font-weight: var( --e-global-typography-text-font-weight ); background-color: var(--et_container-bg-color, transparent);\">\u0438 \u043f\u043e\u043b\u0443\u0447\u0438\u0442\u0435 \u043f\u0435\u0440\u0441\u043e\u043d\u0430\u043b\u044c\u043d\u0443\u044e \u0440\u0435\u043a\u043e\u043c\u0435\u043d\u0434\u0430\u0446\u0438\u044e!<\/span><\/p>\t\t\t\t\t\t\t\t<\/div>\n\t\t\t\t<\/div>\n\t\t\t\t\t<\/div>\n\t\t<\/div>\n\t\t\t\t<div class=\"elementor-column elementor-col-50 elementor-top-column elementor-element elementor-element-4cd8d4c\" data-id=\"4cd8d4c\" data-element_type=\"column\">\n\t\t\t<div class=\"elementor-widget-wrap elementor-element-populated\">\n\t\t\t\t\t\t<div class=\"elementor-element elementor-element-126df0d elementor-widget elementor-widget-image\" data-id=\"126df0d\" data-element_type=\"widget\" data-widget_type=\"image.default\">\n\t\t\t\t<div class=\"elementor-widget-container\">\n\t\t\t\t\t\t\t\t\t\t\t\t\t\t\t<img loading=\"lazy\" decoding=\"async\" width=\"900\" height=\"900\" src=\"https:\/\/findvit.com\/wp-content\/uploads\/2021\/10\/Ko-13-900x900.jpg\" class=\"attachment-large size-large wp-image-2498\" alt=\"\u0424\u0435\u0440\u043c\u0435\u043d\u0442\u044b \u0434\u043b\u044f \u0436\u0435\u043d\u0449\u0438\u043d. \u0416\u0435\u043d\u0449\u0438\u043d\u0430 \u0437\u0430\u043d\u0438\u043c\u0430\u0435\u0442\u0441\u044f \u0439\u043e\u0433\u043e\u0439\" srcset=\"https:\/\/findvit.com\/wp-content\/uploads\/2021\/10\/Ko-13-900x900.jpg 900w, https:\/\/findvit.com\/wp-content\/uploads\/2021\/10\/Ko-13-600x600.jpg 600w, https:\/\/findvit.com\/wp-content\/uploads\/2021\/10\/Ko-13-150x150.jpg 150w, https:\/\/findvit.com\/wp-content\/uploads\/2021\/10\/Ko-13-768x768.jpg 768w, https:\/\/findvit.com\/wp-content\/uploads\/2021\/10\/Ko-13-1x1.jpg 1w, https:\/\/findvit.com\/wp-content\/uploads\/2021\/10\/Ko-13-10x10.jpg 10w, https:\/\/findvit.com\/wp-content\/uploads\/2021\/10\/Ko-13-100x100.jpg 100w, https:\/\/findvit.com\/wp-content\/uploads\/2021\/10\/Ko-13.jpg 1000w\" sizes=\"auto, (max-width: 900px) 100vw, 900px\" \/>\t\t\t\t\t\t\t\t\t\t\t\t\t\t\t<\/div>\n\t\t\t\t<\/div>\n\t\t\t\t\t<\/div>\n\t\t<\/div>\n\t\t\t\t\t<\/div>\n\t\t<\/section>\n\t\t\t\t<\/div>","protected":false},"excerpt":{"rendered":"<p>\u0423\u043d\u0438\u043a\u0430\u043b\u044c\u043d\u0430\u044f \u0444\u043e\u0440\u043c\u0443\u043b\u0430 Thera-blend, \u043a\u043e\u043c\u043f\u043b\u0435\u043a\u0441 \u0444\u0435\u0440\u043c\u0435\u043d\u0442\u043e\u0432 \u0438 \u043f\u0440\u043e\u0431\u0438\u043e\u0442\u0438\u043a\u043e\u0432. \u0424\u0435\u0440\u043c\u0435\u043d\u0442\u044b \u043e\u0441\u0442\u0430\u044e\u0442\u0441\u044f \u044d\u0444\u0444\u0435\u043a\u0442\u0438\u0432\u043d\u044b\u043c\u0438 \u0432\u043e \u0432\u0441\u0435\u043c \u043f\u0438\u0449\u0435\u0432\u0430\u0440\u0438\u0442\u0435\u043b\u044c\u043d\u043e\u043c \u0442\u0440\u0430\u043a\u0442\u0435 \u0438 \u0432\u043e \u0432\u0441\u0435\u043c \u0435\u0433\u043e \u0441\u043f\u0435\u043a\u0442\u0440\u0435 pH. \u0421\u043e\u0434\u0435\u0440\u0436\u0438\u0442 12 \u0440\u0430\u0437\u043b\u0438\u0447\u043d\u044b\u0445 \u0444\u0435\u0440\u043c\u0435\u043d\u0442\u043e\u0432 \u0438 \u043f\u043e\u043b\u0435\u0437\u043d\u044b\u0435 \u0431\u0430\u043a\u0442\u0435\u0440\u0438\u0438. \u041f\u043e\u043c\u043e\u0433\u0430\u0435\u0442 \u043f\u0435\u0440\u0435\u0432\u0430\u0440\u0438\u0432\u0430\u0442\u044c \u043f\u0438\u0449\u0443, \u043d\u0435 \u043d\u0430\u043a\u0430\u043f\u043b\u0438\u0432\u0430\u0435\u0442 \u0433\u0430\u0437\u044b, \u043b\u0435\u0433\u043a\u043e \u0438\u0441\u043f\u0440\u0430\u0436\u043d\u044f\u0435\u0442\u0441\u044f.<\/p>","protected":false},"featured_media":2698,"comment_status":"open","ping_status":"closed","template":"","meta":{"_acf_changed":false,"inline_featured_image":false},"etheme_brands":[{"term_id":57,"name":"Enzymedica","slug":"enzymedica","term_group":0,"term_taxonomy_id":57,"taxonomy":"brand","description":"<h2><a href=\"https:\/\/enzymedica.com\/pages\/explore-our-mission\" target=\"_blank\" rel=\"noopener\">Kiekvienas Enzymedica<\/a> produktas:<\/h2>\r\nhttps:\/\/youtu.be\/3ntanNxUev8?t=2\r\n<h3><strong>\u0160varus<\/strong><\/h3>\r\n\"Enzymedica\" nadoja tik gryniausius nat\u016bralius ingredientus ir siekia, kad produktuose neb\u016bt\u0173 dirbtini\u0173 priemai\u0161\u0173. Gamintojas did\u017eiuojasi, kad yra pirmasis \"Clean Label Project\" sertifikuotas papild\u0173 prek\u0117s \u017eenklas, kurio produktuose n\u0117ra daugiau nei 130 ter\u0161al\u0173. Enzymedica saugo visus gerus ingridientus ir niekada nenaudoja dirbtini\u0173 pried\u0173.\r\n<h3><strong>Nepriklausomai sertifikuotas<\/strong><\/h3>\r\nEnzymedica \u012fsipareigojusi laikytis geros gamybos praktikos. \"Enzymedica\" nepriklausomai audituojama \"NSF International\" kompanijos.\r\n<h3><strong>Tyras<\/strong><\/h3>\r\nKiekviena gamybos partija yra kruop\u0161\u010diai i\u0161testuojama vertinant produkt\u0173 grynum\u0105, tod\u0117l u\u017etikrinama, kad tai, kas yra etiket\u0117je, visada yra buteliuke.\r\n<h3><strong>Orentuotas \u012f gyvenimo b\u016bd\u0105<\/strong><\/h3>\r\nKur tik \u012fmanoma \"Enzymedica\" produktai yra sertifikuojami \"Kosher\" \u017eenklu. Kai tik \u012fmanoma naudojami vegetari\u0161ki ir vegani\u0161ki ingredientai.\r\n<h3><strong>Tvarus<\/strong><\/h3>\r\nPlanetos gerov\u0117 yra tokia pat svarbi kaip ir m\u016bs\u0173, tod\u0117l \"Enzymedica\" mano, kad ekologijos svarba yra neatsiejama verslo dalis ir gyvenimo b\u016bdas. \"LEED-Gold Certified\" b\u016bstin\u0117je yra naudojama saul\u0117s energija, u\u017etikrinant geresn\u0119 ateit\u012f planetai.\r\n<h3><strong>Efektyvus<\/strong><\/h3>\r\nGeriausi papildai n\u0117ra kuriami atsitiktinai. \"Enzymedica\" savaranki\u0161kai tikrina, ar visi j\u0173 produktai atitinka grie\u017etus standartus, ir siekdama pagerinti ingridient\u0173 efektyvum\u0105 suk\u016br\u0117 naujas technologijas, tokias kaip \"Therablend\".\r\n<h3><strong>Socialiai s\u0105moningas<\/strong><\/h3>\r\n\"Enzymedica\" tiki \u017emon\u0117mis ir planeta, ir kiekvianam darbuotojui tai svarbu. Filantropija yra \u012fmon\u0117s pagrindas ir remdami \"People &amp; Planet\" iniciatyvas tai tik patvirtina.","parent":0,"count":8,"filter":"raw"}],"product_brand":[],"product_cat":[118,15],"product_tag":[88,125,126,97],"class_list":{"0":"post-1141","1":"product","2":"type-product","3":"status-publish","4":"has-post-thumbnail","6":"brand-enzymedica","7":"product_cat-fermentai","8":"product_cat-produktai","9":"product_tag-aktyviai-organizmo-apykaitai","10":"product_tag-energijai","11":"product_tag-greitam-virskinimui-ir-salinimui","12":"product_tag-svorio-kontrolei","14":"first","15":"outofstock","16":"taxable","17":"shipping-taxable","18":"purchasable","19":"product-type-simple"},"acf":[],"_links":{"self":[{"href":"https:\/\/findvit.com\/ru\/wp-json\/wp\/v2\/product\/1141","targetHints":{"allow":["GET"]}}],"collection":[{"href":"https:\/\/findvit.com\/ru\/wp-json\/wp\/v2\/product"}],"about":[{"href":"https:\/\/findvit.com\/ru\/wp-json\/wp\/v2\/types\/product"}],"replies":[{"embeddable":true,"href":"https:\/\/findvit.com\/ru\/wp-json\/wp\/v2\/comments?post=1141"}],"version-history":[{"count":17,"href":"https:\/\/findvit.com\/ru\/wp-json\/wp\/v2\/product\/1141\/revisions"}],"predecessor-version":[{"id":9377,"href":"https:\/\/findvit.com\/ru\/wp-json\/wp\/v2\/product\/1141\/revisions\/9377"}],"wp:featuredmedia":[{"embeddable":true,"href":"https:\/\/findvit.com\/ru\/wp-json\/wp\/v2\/media\/2698"}],"wp:attachment":[{"href":"https:\/\/findvit.com\/ru\/wp-json\/wp\/v2\/media?parent=1141"}],"wp:term":[{"taxonomy":"brand","embeddable":true,"href":"https:\/\/findvit.com\/ru\/wp-json\/wp\/v2\/etheme_brands?post=1141"},{"taxonomy":"product_brand","embeddable":true,"href":"https:\/\/findvit.com\/ru\/wp-json\/wp\/v2\/product_brand?post=1141"},{"taxonomy":"product_cat","embeddable":true,"href":"https:\/\/findvit.com\/ru\/wp-json\/wp\/v2\/product_cat?post=1141"},{"taxonomy":"product_tag","embeddable":true,"href":"https:\/\/findvit.com\/ru\/wp-json\/wp\/v2\/product_tag?post=1141"}],"curies":[{"name":"wp","href":"https:\/\/api.w.org\/{rel}","templated":true}]}}