{"id":14244,"date":"2023-06-29T18:13:56","date_gmt":"2023-06-29T15:13:56","guid":{"rendered":"https:\/\/findvit.com\/?post_type=product&#038;p=14244"},"modified":"2026-04-27T15:37:58","modified_gmt":"2026-04-27T12:37:58","slug":"kikihealth-zeolitasaktyvuotaanglimimilteliai","status":"publish","type":"product","link":"https:\/\/findvit.com\/ru\/produktas\/kikihealth-zeolitasaktyvuotaanglimimilteliai\/","title":{"rendered":"KIKI Health Zeolitas &#8211; Ceolitas su aktyvuota anglimi, milteliai 60 g."},"content":{"rendered":"\t\t<div data-elementor-type=\"product-post\" data-elementor-id=\"14244\" class=\"elementor elementor-14244\" data-elementor-post-type=\"product\">\n\t\t\t\t\t\t<section class=\"elementor-section elementor-top-section elementor-element elementor-element-697b9d0e elementor-section-boxed elementor-section-height-default elementor-section-height-default\" data-id=\"697b9d0e\" data-element_type=\"section\" data-e-type=\"section\">\n\t\t\t\t\t\t<div class=\"elementor-container elementor-column-gap-default\">\n\t\t\t\t\t<div class=\"elementor-column elementor-col-100 elementor-top-column elementor-element elementor-element-20e74427\" data-id=\"20e74427\" data-element_type=\"column\" data-e-type=\"column\">\n\t\t\t<div class=\"elementor-widget-wrap elementor-element-populated\">\n\t\t\t\t\t\t<div class=\"elementor-element elementor-element-5fb87e4e elementor-absolute elementor-hidden-mobile elementor-invisible elementor-widget elementor-widget-image\" data-id=\"5fb87e4e\" data-element_type=\"widget\" data-e-type=\"widget\" data-settings=\"{&quot;motion_fx_motion_fx_scrolling&quot;:&quot;yes&quot;,&quot;motion_fx_rotateZ_effect&quot;:&quot;yes&quot;,&quot;motion_fx_rotateZ_speed&quot;:{&quot;unit&quot;:&quot;px&quot;,&quot;size&quot;:5,&quot;sizes&quot;:[]},&quot;motion_fx_range&quot;:&quot;viewport&quot;,&quot;_animation&quot;:&quot;fadeIn&quot;,&quot;_position&quot;:&quot;absolute&quot;,&quot;motion_fx_rotateZ_affectedRange&quot;:{&quot;unit&quot;:&quot;%&quot;,&quot;size&quot;:&quot;&quot;,&quot;sizes&quot;:{&quot;start&quot;:0,&quot;end&quot;:100}},&quot;motion_fx_devices&quot;:[&quot;desktop&quot;,&quot;tablet&quot;,&quot;mobile&quot;]}\" data-widget_type=\"image.default\">\n\t\t\t\t<div class=\"elementor-widget-container\">\n\t\t\t\t\t\t\t\t\t\t\t\t\t\t\t<img loading=\"lazy\" loading=\"lazy\" decoding=\"async\" width=\"200\" height=\"200\" src=\"https:\/\/findvit.com\/wp-content\/uploads\/xstore\/xstore-placeholder-1x1.png\" class=\"attachment-full size-full wp-image-1777 lazyload lazyload-simple et-lazyload-fadeIn\" alt=\"Ratukas nuo klausimyno iki vitamino\" data-src=\"https:\/\/findvit.com\/wp-content\/uploads\/2021\/09\/ratukas.svg\" \/>\t\t\t\t\t\t\t\t\t\t\t\t\t\t\t<\/div>\n\t\t\t\t<\/div>\n\t\t\t\t\t<\/div>\n\t\t<\/div>\n\t\t\t\t\t<\/div>\n\t\t<\/section>\n\t\t\t\t<section class=\"elementor-section elementor-top-section elementor-element elementor-element-600cef05 elementor-section-boxed elementor-section-height-default elementor-section-height-default\" data-id=\"600cef05\" data-element_type=\"section\" data-e-type=\"section\">\n\t\t\t\t\t\t<div class=\"elementor-container elementor-column-gap-no\">\n\t\t\t\t\t<div class=\"elementor-column elementor-col-50 elementor-top-column elementor-element elementor-element-48f92489\" data-id=\"48f92489\" data-element_type=\"column\" data-e-type=\"column\">\n\t\t\t<div class=\"elementor-widget-wrap elementor-element-populated\">\n\t\t\t\t\t\t<div class=\"elementor-element elementor-element-705cac9d elementor-widget elementor-widget-heading\" data-id=\"705cac9d\" data-element_type=\"widget\" data-e-type=\"widget\" data-widget_type=\"heading.default\">\n\t\t\t\t<div class=\"elementor-widget-container\">\n\t\t\t\t\t<h2 class=\"elementor-heading-title elementor-size-default\">Zeolitas su aktyvuota anglimi milteliais - 60g<\/h2>\t\t\t\t<\/div>\n\t\t\t\t<\/div>\n\t\t\t\t<div class=\"elementor-element elementor-element-40981e23 elementor-widget elementor-widget-text-editor\" data-id=\"40981e23\" data-element_type=\"widget\" data-e-type=\"widget\" data-widget_type=\"text-editor.default\">\n\t\t\t\t<div class=\"elementor-widget-container\">\n\t\t\t\t\t\t\t\t\t<p>Unikalus sprendimas Jums\u00a0 &#8211; ceolitas su aktyvuota anglimi\u00a0<\/p><h3><strong>Puikus derinys<\/strong><\/h3><p>Kartu \u0161ie ingredientai veikia sinergi\u0161kai ir u\u017etikrina veiksming\u0105 ir nat\u016bral\u0173 b\u016bd\u0105 reguliuoti.\u00a0<\/p><p>Ar pavargote nuo nemalonaus jausmo?<\/p><h3><strong>Nat\u016bralu ir veiksminga<\/strong><\/h3><p>Ceolitas \u017emogui atrastas jau seniai. Ceolitas yra nat\u016braliai vulkanin\u0117s kilm\u0117s mineralas, susidar\u0119s Piet\u0173 Eg\u0117jo j\u016bros vulkaninio lanko regione Turkijoje &#8211; jis susiformavo prie\u0161 milijonus met\u0173, kai i\u0161siver\u017e\u0117 stipr\u016bs ugnikalniai ir i\u0161skyr\u0117 daug \u0161armin\u0117s \u017eem\u0117s vulkanini\u0173 pelen\u0173.<\/p><p>Dalis pelen\u0173 nus\u0117do ir suformavo storus pelen\u0173 klodus, ta\u010diau da\u017eniausiai pelenai patekdavo \u012f j\u016br\u0105 ir e\u017eerus.<\/p><p>Jei e\u017eero chemin\u0117 sud\u0117tis yra tinkama, vykstant cheminei vulkanini\u0173 dulki\u0173 (pelen\u0173) ir vandens reakcijai susidaro nat\u016bral\u016bs ceolitai &#8211; mink\u0161tos, tvarkingos vidin\u0117s strukt\u016bros uolienos.<\/p><h3><strong>Galingas sorbentas<\/strong><\/h3><p>Ceolitas yra mineralas, kurio strukt\u016bra pana\u0161i \u012f narvel\u012f, kuris galintis sulaikyti jame esan\u010dias molekules d\u0117l to, kad jo dalel\u0117s yra labai mikroninio dyd\u017eio (ma\u017eiau nei 25 mikronai).<\/p><p>KIKI Health ceolitas yra nat\u016bralus produktas i\u0161 nat\u016bralaus mineralo ceolito. Jis gali kaip kempin\u0117 \u012fg\u0119rti esan\u010dius ter\u0161alus ir toksinus ir nat\u016braliai juos i\u0161traukti.<\/p><h3><strong>Patogu naudoti<\/strong><\/h3><p>Ceolitas ir aktyvintoji med\u017eio anglis puikiai veikia sinergi\u0161kai, kai sumai\u0161yti su ekologi\u0161ku kokos\u0173 aliejumi naudojami kaip veido ir k\u016bno kauk\u0117. Taip pat galima mai\u0161yti su vandeniu.<\/p><h3><strong>U\u017etikrinta kokyb\u0117<\/strong><\/h3><p>\u0160is produktas yra <strong>saugus ir lengvai naudojamas<\/strong>. Jis neturi kvapo, skonio ar spalvos ir yra tinkamas veganams ir vegetarams. Jis yra pagamintas i\u0161 nat\u016bralaus ir gryno zeolito ir aktyvuotos anglies milteli\u0173, kurie yra <strong>atid\u017eiai atrinkti ir patikrinti<\/strong>.<\/p><p>Jis neturi joki\u0173 prid\u0117t\u0173 da\u017eikli\u0173, konservant\u0173, saldikli\u0173 ar kit\u0173 chemini\u0173 med\u017eiag\u0173..<\/p><h3><strong>\u012evertinta kokyb\u0117<\/strong><\/h3><p>Ceolitas klinoptilolitas yra nat\u016bralus vulkanin\u0117s kilm\u0117s mineralas i\u0161 Turkijos Piet\u0173 Eg\u0117jo j\u016bros vulkaninio lanko regiono. Jis susidar\u0117 prie\u0161 milijonus met\u0173 ir buvo naudojamas nuo seniausi\u0173 laik\u0173.<\/p><p>Auk\u0161tos kokyb\u0117s ktyvinta med\u017eio anglis gaminama i\u0161 kokos\u0173 rie\u0161ut\u0173, kurie buvo labai gerai i\u0161valyti garais, kad b\u016bt\u0173 pa\u0161alinti visi ter\u0161alai. Po to jie sumai\u0161omi, kad susidaryt\u0173 1\/3 aktyvuotos med\u017eio anglies ir 2\/3 ceolito milteli\u0173.<\/p><h3><strong>STOP nemalonumams<\/strong><\/h3><p>Neleiskite,kad Jus kankint\u0173 nemalonus jausmas.<\/p><p>KIKI Health Zeolite su aktyvuota anglimi yra ne tik efektyvus, bet ir patogus naudoti.<\/p><h3><strong>Precizi\u0161kas gamintojas<\/strong><\/h3><p>Gamintojas KIKI Health yra gerai \u017einomas d\u0117l savo auk\u0161tos kokyb\u0117s supermaisto ir papild\u0173, o \u0161is produktas yra vienas i\u0161 j\u0173 geriausi\u0173 pavyzd\u017ei\u0173. Su KIKI Health Zeolite su aktyvuota anglimi galite pasitik\u0117ti, kad gaunate auk\u0161\u010diausios<\/p><p>I\u0161bandykite &#8222;Zeolite with Activated Charcoalmiltelius\u00a0 jau \u0161iandien ir patirkite poveik\u012f.<\/p>\t\t\t\t\t\t\t\t<\/div>\n\t\t\t\t<\/div>\n\t\t\t\t\t<\/div>\n\t\t<\/div>\n\t\t\t\t<div class=\"elementor-column elementor-col-50 elementor-top-column elementor-element elementor-element-4dd6c130\" data-id=\"4dd6c130\" data-element_type=\"column\" data-e-type=\"column\">\n\t\t\t<div class=\"elementor-widget-wrap elementor-element-populated\">\n\t\t\t\t\t\t<div class=\"elementor-element elementor-element-7314983a elementor-widget elementor-widget-image\" data-id=\"7314983a\" data-element_type=\"widget\" data-e-type=\"widget\" data-widget_type=\"image.default\">\n\t\t\t\t<div class=\"elementor-widget-container\">\n\t\t\t\t\t\t\t\t\t\t\t\t\t\t\t<img loading=\"lazy\" loading=\"lazy\" decoding=\"async\" width=\"900\" height=\"900\" src=\"https:\/\/findvit.com\/wp-content\/uploads\/xstore\/xstore-placeholder-1x1.png\" class=\"attachment-large size-large wp-image-12813 lazyload lazyload-simple et-lazyload-fadeIn\" alt=\"zeolitas gamtoje\" sizes=\"auto, (max-width: 900px) 100vw, 900px\" data-src=\"https:\/\/findvit.com\/wp-content\/uploads\/2023\/04\/zeolite-900x900.jpg\" data-srcset=\"https:\/\/findvit.com\/wp-content\/uploads\/2023\/04\/zeolite-900x900.jpg 900w, https:\/\/findvit.com\/wp-content\/uploads\/2023\/04\/zeolite-600x600.jpg 600w, https:\/\/findvit.com\/wp-content\/uploads\/2023\/04\/zeolite-150x150.jpg 150w, https:\/\/findvit.com\/wp-content\/uploads\/2023\/04\/zeolite-768x768.jpg 768w, https:\/\/findvit.com\/wp-content\/uploads\/2023\/04\/zeolite-400x400.jpg 400w, https:\/\/findvit.com\/wp-content\/uploads\/2023\/04\/zeolite-100x100.jpg 100w, https:\/\/findvit.com\/wp-content\/uploads\/2023\/04\/zeolite-1x1.jpg 1w, https:\/\/findvit.com\/wp-content\/uploads\/2023\/04\/zeolite-10x10.jpg 10w, https:\/\/findvit.com\/wp-content\/uploads\/2023\/04\/zeolite.jpg 1000w\" \/>\t\t\t\t\t\t\t\t\t\t\t\t\t\t\t<\/div>\n\t\t\t\t<\/div>\n\t\t\t\t\t<\/div>\n\t\t<\/div>\n\t\t\t\t\t<\/div>\n\t\t<\/section>\n\t\t\t\t<\/div>\n\t\t","protected":false},"excerpt":{"rendered":"<p>\u042d\u0442\u0430 \u0441\u043c\u0435\u0441\u044c \u0438\u043c\u0435\u0435\u0442 \u0432\u0441\u0435 \u0441\u0432\u043e\u0439\u0441\u0442\u0432\u0430 \u0447\u0438\u0441\u0442\u043e\u0433\u043e \u043f\u043e\u0440\u043e\u0448\u043a\u0430 \u0446\u0435\u043e\u043b\u0438\u0442\u0430, \u043d\u043e \u0441\u043c\u0435\u0448\u0438\u0432\u0430\u0435\u0442\u0441\u044f \u0441 <strong>\u043f\u043e\u0440\u043e\u0448\u043e\u043a \u0430\u043a\u0442\u0438\u0432\u0438\u0440\u043e\u0432\u0430\u043d\u043d\u043e\u0433\u043e \u0443\u0433\u043b\u044f<\/strong>, \u0438\u0437\u0433\u043e\u0442\u043e\u0432\u043b\u0435\u043d\u043d\u044b\u0439 \u0438\u0437 \u0441\u043a\u043e\u0440\u043b\u0443\u043f\u044b \u043a\u043e\u043a\u043e\u0441\u043e\u0432\u044b\u0445 \u043e\u0440\u0435\u0445\u043e\u0432.<\/p>\n<p>\u041e\u0431\u0430 \u0438\u043d\u0433\u0440\u0435\u0434\u0438\u0435\u043d\u0442\u0430 \u043e\u0447\u0435\u043d\u044c <strong>\u044d\u0444\u0444\u0435\u043a\u0442\u0438\u0432\u043d\u043e \u0432\u043f\u0438\u0442\u044b\u0432\u0430\u0435\u0442<\/strong> \u0438 \u0440\u0435\u0433\u0443\u043b\u0438\u0440\u0443\u0435\u0442 \u0442\u043e\u043a\u0441\u0438\u043d\u044b \u0438 \u0437\u0430\u0433\u0440\u044f\u0437\u043d\u044f\u044e\u0449\u0438\u0435 \u0432\u0435\u0449\u0435\u0441\u0442\u0432\u0430.<\/p>","protected":false},"featured_media":23321,"comment_status":"open","ping_status":"closed","template":"","meta":{"_acf_changed":false,"inline_featured_image":false},"etheme_brands":[{"term_id":28,"name":"Kiki Health","slug":"kiki-health","term_group":0,"term_taxonomy_id":28,"taxonomy":"brand","description":"<h2><a href=\"https:\/\/kiki-health.com\/about-us\/\" target=\"_blank\" rel=\"noopener\"><strong>KIKI Health<\/strong><\/a><\/h2>\r\nKIKI yra prek\u0117s \u017eenklas, kuriantis novatori\u0161kus maisto papildus.\r\n\r\nKIKI yra pripa\u017eintas ir gerbiamas, kaip sveikos gyvensenos produkt\u0173 ir individualumo bei meistri\u0161kumo standartas.\r\n\r\nKIKI gim\u0117 i\u0161 noro skatinti optimali\u0105 sveikat\u0105 ir gerov\u0119, m\u016bs\u0173 tikslas ir aistra yra \u012fsigyti auk\u0161\u010diausios kokyb\u0117s, grynumo produktus i\u0161 viso pasaulio, kurie pad\u0117t\u0173 gro\u017eiui ir sveikatai.\r\n\r\nNuo pat prad\u017ei\u0173 ir iki \u0161iol KIKI Health niekada nedaro kompromis\u0173 ir nededa pried\u0173 bei naudoja prastesni\u0173 ingredient\u0173 - tik nat\u016bralios 100% veikliosios med\u017eiagos.\r\n\r\nhttps:\/\/youtu.be\/irT0ZUOzBac?t=45\r\n<h3><strong>Nat\u016braliai turtingi <\/strong><strong>vitaminais, mineralais ir b\u016btinomis\u00a0 veikliosiomis med\u017eiagomis<\/strong><\/h3>\r\nDaugelis \"KIKI Health\" produkt\u0173 turintys augalini\u0173 ir maistini\u0173 med\u017eiag\u0173\u00a0 yra sertifikuoti, kaip ekologi\u0161ki.\r\n\r\nI\u0161naudodami stiprias augalin\u0117s kilm\u0117s, nat\u016brali\u0173 ingredient\u0173 galias, kupinas esmini\u0173 augal\u0173 veikli\u0173j\u0173 med\u017eiag\u0173, vitamin\u0173 ir mineral\u0173, kad suteikt\u0173 smegenims, odai ir k\u016bnui neprilygstam\u0105 pagalb\u0105.\r\n\r\nKIKI Health tikslas yra u\u017etikrinti, kad mi\u0161iniuose neb\u016bt\u0173 sintetikos, konservant\u0173, u\u017epild\u0173 ir ri\u0161ikli\u0173, u\u017etikrinant, kad ir toliau gamint\u0173 veiksmingus, \u0161varius ir saugius papildus.\r\n\r\nPagaminta Jungtin\u0117je Karalyst\u0117je i\u0161 \u0161vari\u0173 ir tvari\u0173 ingredient\u0173.\r\n<h3><strong>Atsakingumas<\/strong><\/h3>\r\nU\u017etikrindami, kad produktai b\u016bt\u0173 atsakingai u\u017eauginti, ne tik r\u016bpinamasi aplinka, bet ir garantuojama produkto kokyb\u0119. KIKI Healt specialistai keliauja po pasaul\u012f ie\u0161kodami ekologi\u0161k\u0173, eti\u0161kai gaut\u0173 ingredient\u0173, pasi\u017eymin\u010di\u0173 geresne maistine verte, kartu pad\u0117dami vietos bendruomen\u0117ms klest\u0117ti. Maisto gamybos b\u016bdas yra labai svarbus daugeliui vartotoj\u0173, ir tai kelia susir\u016bpinim\u0105, kur\u012f mes dalijam\u0117s.\r\n<h3><strong>Minimalus apdorojimas<\/strong><\/h3>\r\nNor\u0117dami pasiekti optimal\u0173 biologin\u012f prieinamum\u0105, stengiamasi, kad ingredientai b\u016bt\u0173 kuo ar\u010diau j\u0173 nat\u016bralios b\u016bkl\u0117s. Laikomasi minimalaus perdirbimo ir kontroliuojama temperat\u016bros, i\u0161kart po derliaus nu\u0117mimo, kad b\u016bt\u0173 i\u0161laikoma visa nauda sveikatai ir gyvybi\u0161kai svarbios maistin\u0117s med\u017eiagos.\r\n\r\n<strong>Produktuose n\u0117ra<\/strong>: sintetikos, dirbtini\u0173 da\u017eikli\u0173 ir kvapi\u0173j\u0173 med\u017eiag\u0173, u\u017epild\u0173, ri\u0161ikli\u0173, dengimo med\u017eiag\u0173, lipnum\u0105 reguliuojan\u010di\u0173 med\u017eiag\u0173, cukr\u0173, glitimo, GMO, laktoz\u0117s, konservant\u0173, pagalbini\u0173 med\u017eiag\u0173.\r\n\r\nVisi ingredientai ir galutiniai produktai yra reguliariai tikrinami tre\u010diosios \u0161alies laboratorijoje. U\u017etikrinama, kad kiekviena partija b\u016bt\u0173 i\u0161bandyta d\u0117l sunki\u0173j\u0173 metal\u0173, mikroorganizm\u0173 ir pesticid\u0173 laikantis grie\u017et\u0173 kokyb\u0117s kontrol\u0117s s\u0105lyg\u0173, o rezultatai atitikt\u0173 ES ir JK ribinius reglamentus, \u012fskaitant ekologinio \u016bkininkavimo standartus.","parent":0,"count":28,"filter":"raw"}],"product_brand":[],"product_cat":[646,653,15],"product_tag":[656,659],"class_list":{"0":"post-14244","1":"product","2":"type-product","3":"status-publish","4":"has-post-thumbnail","6":"brand-kiki-health","7":"product_cat-papildai-moterims","8":"product_cat-papildai-detoksikacijai","9":"product_cat-produktai","10":"product_tag-moterims-detoksikacija","11":"product_tag-istvermei-groziui-is-vidaus-moterims","13":"first","14":"instock","15":"sale","16":"taxable","17":"shipping-taxable","18":"purchasable","19":"product-type-simple"},"acf":[],"_links":{"self":[{"href":"https:\/\/findvit.com\/ru\/wp-json\/wp\/v2\/product\/14244","targetHints":{"allow":["GET"]}}],"collection":[{"href":"https:\/\/findvit.com\/ru\/wp-json\/wp\/v2\/product"}],"about":[{"href":"https:\/\/findvit.com\/ru\/wp-json\/wp\/v2\/types\/product"}],"replies":[{"embeddable":true,"href":"https:\/\/findvit.com\/ru\/wp-json\/wp\/v2\/comments?post=14244"}],"version-history":[{"count":39,"href":"https:\/\/findvit.com\/ru\/wp-json\/wp\/v2\/product\/14244\/revisions"}],"predecessor-version":[{"id":23027,"href":"https:\/\/findvit.com\/ru\/wp-json\/wp\/v2\/product\/14244\/revisions\/23027"}],"wp:featuredmedia":[{"embeddable":true,"href":"https:\/\/findvit.com\/ru\/wp-json\/wp\/v2\/media\/23321"}],"wp:attachment":[{"href":"https:\/\/findvit.com\/ru\/wp-json\/wp\/v2\/media?parent=14244"}],"wp:term":[{"taxonomy":"brand","embeddable":true,"href":"https:\/\/findvit.com\/ru\/wp-json\/wp\/v2\/etheme_brands?post=14244"},{"taxonomy":"product_brand","embeddable":true,"href":"https:\/\/findvit.com\/ru\/wp-json\/wp\/v2\/product_brand?post=14244"},{"taxonomy":"product_cat","embeddable":true,"href":"https:\/\/findvit.com\/ru\/wp-json\/wp\/v2\/product_cat?post=14244"},{"taxonomy":"product_tag","embeddable":true,"href":"https:\/\/findvit.com\/ru\/wp-json\/wp\/v2\/product_tag?post=14244"}],"curies":[{"name":"wp","href":"https:\/\/api.w.org\/{rel}","templated":true}]}}