{"id":14600,"date":"2023-08-24T13:55:00","date_gmt":"2023-08-24T10:55:00","guid":{"rendered":"https:\/\/findvit.com\/?post_type=product&#038;p=14600"},"modified":"2024-12-17T17:31:06","modified_gmt":"2024-12-17T15:31:06","slug":"skystas-magnis-kalcis-su-cinkas-ir-vitaminu-d3-473-ml","status":"publish","type":"product","link":"https:\/\/findvit.com\/ru\/produktas\/skystas-magnis-kalcis-su-cinkas-ir-vitaminu-d3-473-ml\/","title":{"rendered":"\u0416\u0438\u0434\u043a\u0438\u0439 \u043c\u0430\u0433\u043d\u0438\u0439, \u043a\u0430\u043b\u044c\u0446\u0438\u0439 \u0441 \u0446\u0438\u043d\u043a\u043e\u043c \u0438 \u0432\u0438\u0442\u0430\u043c\u0438\u043d\u043e\u043c D3, 473 \u043c\u043b"},"content":{"rendered":"\t\t<div data-elementor-type=\"product-post\" data-elementor-id=\"14600\" class=\"elementor elementor-14600\" data-elementor-post-type=\"product\">\n\t\t\t\t\t\t<section class=\"elementor-section elementor-top-section elementor-element elementor-element-1d76dfe elementor-section-boxed elementor-section-height-default elementor-section-height-default\" data-id=\"1d76dfe\" data-element_type=\"section\" data-e-type=\"section\">\n\t\t\t\t\t\t<div class=\"elementor-container elementor-column-gap-default\">\n\t\t\t\t\t<div class=\"elementor-column elementor-col-100 elementor-top-column elementor-element elementor-element-3e522f6\" data-id=\"3e522f6\" data-element_type=\"column\" data-e-type=\"column\">\n\t\t\t<div class=\"elementor-widget-wrap elementor-element-populated\">\n\t\t\t\t\t\t<div class=\"elementor-element elementor-element-e03cb18 elementor-absolute elementor-hidden-mobile elementor-invisible elementor-widget elementor-widget-image\" data-id=\"e03cb18\" data-element_type=\"widget\" data-e-type=\"widget\" data-settings=\"{&quot;motion_fx_motion_fx_scrolling&quot;:&quot;yes&quot;,&quot;motion_fx_rotateZ_effect&quot;:&quot;yes&quot;,&quot;motion_fx_rotateZ_speed&quot;:{&quot;unit&quot;:&quot;px&quot;,&quot;size&quot;:5,&quot;sizes&quot;:[]},&quot;motion_fx_range&quot;:&quot;viewport&quot;,&quot;_animation&quot;:&quot;fadeIn&quot;,&quot;_position&quot;:&quot;absolute&quot;,&quot;motion_fx_rotateZ_affectedRange&quot;:{&quot;unit&quot;:&quot;%&quot;,&quot;size&quot;:&quot;&quot;,&quot;sizes&quot;:{&quot;start&quot;:0,&quot;end&quot;:100}},&quot;motion_fx_devices&quot;:[&quot;desktop&quot;,&quot;tablet&quot;,&quot;mobile&quot;]}\" data-widget_type=\"image.default\">\n\t\t\t\t<div class=\"elementor-widget-container\">\n\t\t\t\t\t\t\t\t\t\t\t\t\t\t\t<img loading=\"lazy\" loading=\"lazy\" decoding=\"async\" width=\"200\" height=\"200\" src=\"https:\/\/findvit.com\/wp-content\/uploads\/2021\/09\/ratukas.svg\" class=\"attachment-full size-full wp-image-1777\" alt=\"Ratukas nuo klausimyno iki vitamino\" \/>\t\t\t\t\t\t\t\t\t\t\t\t\t\t\t<\/div>\n\t\t\t\t<\/div>\n\t\t\t\t\t<\/div>\n\t\t<\/div>\n\t\t\t\t\t<\/div>\n\t\t<\/section>\n\t\t\t\t<section class=\"elementor-section elementor-top-section elementor-element elementor-element-52bf8f0 elementor-section-boxed elementor-section-height-default elementor-section-height-default\" data-id=\"52bf8f0\" data-element_type=\"section\" data-e-type=\"section\">\n\t\t\t\t\t\t<div class=\"elementor-container elementor-column-gap-no\">\n\t\t\t\t\t<div class=\"elementor-column elementor-col-50 elementor-top-column elementor-element elementor-element-3868bba\" data-id=\"3868bba\" data-element_type=\"column\" data-e-type=\"column\">\n\t\t\t<div class=\"elementor-widget-wrap elementor-element-populated\">\n\t\t\t\t\t\t<div class=\"elementor-element elementor-element-76de2e3 elementor-widget elementor-widget-heading\" data-id=\"76de2e3\" data-element_type=\"widget\" data-e-type=\"widget\" data-widget_type=\"heading.default\">\n\t\t\t\t<div class=\"elementor-widget-container\">\n\t\t\t\t\t<h2 class=\"elementor-heading-title elementor-size-default\">Kalcio \/ Magnio \/ Cinko komplesas<\/h2>\t\t\t\t<\/div>\n\t\t\t\t<\/div>\n\t\t\t\t<div class=\"elementor-element elementor-element-506b823 elementor-widget elementor-widget-text-editor\" data-id=\"506b823\" data-element_type=\"widget\" data-e-type=\"widget\" data-widget_type=\"text-editor.default\">\n\t\t\t\t<div class=\"elementor-widget-container\">\n\t\t\t\t\t\t\t\t\t<p>\u0160is papildas yra unikalus, nes jis yra skystoje formoje\u00a0 ir sudarytas i\u0161 trij\u0173 svarbi\u0173 mineral\u0173 &#8211; kalcio, magnio ir cinko.<\/p><p>\u0160ie mineralai yra b\u016btini <strong>kaul\u0173<\/strong>, <strong>raumen\u0173<\/strong>, <strong>nerv\u0173<\/strong> ir <strong>imunin\u0117s sistemos<\/strong> sveikatai. Be to, \u0161is papildas yra praturtintas 72 mikroelementais, kurie padeda pagerinti mineral\u0173 absorbcij\u0105 ir organizmo balans\u0105.<\/p><h3><strong>Kod\u0117l \u0161is papildas yra geresnis u\u017e kitus?<\/strong><\/h3><p>Pirmiausia, jis yra lengvai vir\u0161kinamas ir pasisavinamas, nes jis yra skystoje formoje.<\/p><p>Antra, jis yra nat\u016bralus ir nekenksmingas, nes jis yra pagamintas i\u0161 mineral\u0173 koncentrat\u0173, gaut\u0173 i\u0161 Did\u017eiojo Druskos e\u017eero JAV.<\/p><p>Tre\u010dia, jis yra patogus ir ekonomi\u0161kas, nes jis turi ilg\u0105 galiojimo laik\u0105 ir reikia tik 1-2 \u0161auk\u0161teli\u0173 per dien\u0105.<\/p><h3><b>Kaip vartoti \u0161\u012f papild\u0105?\u00a0<\/b><\/h3><p>Labai paprasta &#8211; tiesiog sumai\u0161ykite 1-2 \u0161auk\u0161telius su vandeniu ar kitu skys\u010diu ir i\u0161gerkite. Geriausia vartoti \u0161\u012f papild\u0105 kartu su maistu arba po jo. \u0160is papildas tinka tiek vyrams, tiek moterims, tiek vaikams nuo 4 met\u0173 am\u017eiaus.<\/p><h3><strong>\u012evertinta nauda<\/strong><\/h3><p><strong>Kalcis<\/strong> yra b\u016btinas kaul\u0173 ir dant\u0173 stiprumui ir sveikatai. Taip pat padeda reguliuoti kraujosp\u016bd\u012f ir raumen\u0173 susitraukim\u0105.<\/p><p><strong> Magnis<\/strong> prisideda prie nerv\u0173 ir raumen\u0173 veiklos, padeda ma\u017einti stres\u0105 ir nuovarg\u012f, taip pat skatina energijos gamyb\u0105.<\/p><p><strong>Cinkas<\/strong> yra svarbus imunin\u0117s sistemos stiprinimui, \u017eaizd\u0173 gijimui ir odos b\u016bklei, taip pat dalyvauja daugelyje ferment\u0173 reakcij\u0173.<\/p><p>\u0160is papildas yra pagamintas i\u0161 nat\u016brali\u0173 mineral\u0173 \u0161altini\u0173, kurie yra lengvai \u012fsisavinami ir neturi \u0161alutinio poveikio. Be to, jis turi malon\u0173 skon\u012f, kuris patiks tiek suaugusiems, tiek vaikams.<\/p><h3><strong>Veiksminga<\/strong><\/h3><p>Liquid Cal\/Mag\/Zinc yra puikus pasirinkimas tiems, kurie nori pagerinti savo sveikat\u0105 ir gro\u017e\u012f i\u0161 vidaus.\u00a0<\/p>\t\t\t\t\t\t\t\t<\/div>\n\t\t\t\t<\/div>\n\t\t\t\t\t<\/div>\n\t\t<\/div>\n\t\t\t\t<div class=\"elementor-column elementor-col-50 elementor-top-column elementor-element elementor-element-47a042c\" data-id=\"47a042c\" data-element_type=\"column\" data-e-type=\"column\">\n\t\t\t<div class=\"elementor-widget-wrap elementor-element-populated\">\n\t\t\t\t\t\t<div class=\"elementor-element elementor-element-7c5f4cd elementor-widget elementor-widget-image\" data-id=\"7c5f4cd\" data-element_type=\"widget\" data-e-type=\"widget\" data-widget_type=\"image.default\">\n\t\t\t\t<div class=\"elementor-widget-container\">\n\t\t\t\t\t\t\t\t\t\t\t\t\t\t\t<img loading=\"lazy\" loading=\"lazy\" decoding=\"async\" width=\"900\" height=\"900\" src=\"https:\/\/findvit.com\/wp-content\/uploads\/2021\/10\/Ko-3-900x900.jpg\" class=\"attachment-large size-large wp-image-2469\" alt=\"sportas sveikata koliazas\" srcset=\"https:\/\/findvit.com\/wp-content\/uploads\/2021\/10\/Ko-3-900x900.jpg 900w, https:\/\/findvit.com\/wp-content\/uploads\/2021\/10\/Ko-3-600x600.jpg 600w, https:\/\/findvit.com\/wp-content\/uploads\/2021\/10\/Ko-3-150x150.jpg 150w, https:\/\/findvit.com\/wp-content\/uploads\/2021\/10\/Ko-3-768x768.jpg 768w, https:\/\/findvit.com\/wp-content\/uploads\/2021\/10\/Ko-3-1x1.jpg 1w, https:\/\/findvit.com\/wp-content\/uploads\/2021\/10\/Ko-3-10x10.jpg 10w, https:\/\/findvit.com\/wp-content\/uploads\/2021\/10\/Ko-3-100x100.jpg 100w, https:\/\/findvit.com\/wp-content\/uploads\/2021\/10\/Ko-3.jpg 1000w\" sizes=\"auto, (max-width: 900px) 100vw, 900px\" \/>\t\t\t\t\t\t\t\t\t\t\t\t\t\t\t<\/div>\n\t\t\t\t<\/div>\n\t\t\t\t\t<\/div>\n\t\t<\/div>\n\t\t\t\t\t<\/div>\n\t\t<\/section>\n\t\t\t\t<\/div>\n\t\t","protected":false},"excerpt":{"rendered":"<p>\u041c\u0430\u0433\u043d\u0438\u0439, \u043a\u0430\u043b\u044c\u0446\u0438\u0439, \u0446\u0438\u043d\u043a \u0441 \u043c\u0438\u043a\u0440\u043e\u044d\u043b\u0435\u043c\u0435\u043d\u0442\u0430\u043c\u0438 \u0432\u0438\u0442\u0430\u043c\u0438\u043d\u0430 D3. \u0416\u0438\u0434\u043a\u0438\u0439 \u0432\u0430\u0436\u043d\u0435\u0439\u0448\u0438\u0439 \u043c\u0438\u043d\u0435\u0440\u0430\u043b\u044c\u043d\u044b\u0439 \u043a\u043e\u043c\u043f\u043b\u0435\u043a\u0441. \u0412 \u043d\u0435\u043c \u0435\u0441\u0442\u044c \u0434\u0430\u0436\u0435 1200 \u043c\u0433 \u043a\u0430\u043b\u044c\u0446\u0438\u044f. 600 \u043c\u0433. \u041c\u0430\u0433\u043d\u0438\u0439 \u0438 15 \u043c\u0433 \u0446\u0438\u043d\u043a\u0430. \u0422\u0430\u043a\u0430\u044f \u043a\u043e\u043d\u0446\u0435\u043d\u0442\u0440\u0430\u0446\u0438\u044f \u043f\u043e\u043c\u043e\u0433\u0430\u0435\u0442 \u0441\u043e\u0445\u0440\u0430\u043d\u0438\u0442\u044c \u043a\u0440\u0435\u043f\u043a\u0438\u0435 \u043a\u043e\u0441\u0442\u0438 \u0438 \u043c\u044b\u0448\u0446\u044b. \u0421\u043e\u0445\u0440\u0430\u043d\u044f\u0435\u0442 \u0437\u0443\u0431\u044b \u0437\u0434\u043e\u0440\u043e\u0432\u044b\u043c\u0438. \u0423\u043b\u0443\u0447\u0448\u0430\u0435\u0442 \u043a\u0430\u0447\u0435\u0441\u0442\u0432\u043e \u0432\u043e\u043b\u043e\u0441, \u043d\u043e\u0433\u0442\u0435\u0439 \u0438 \u043a\u043e\u0436\u0438. \u041f\u043e\u043c\u043e\u0433\u0430\u0435\u0442 \u0440\u0430\u0441\u0441\u043b\u0430\u0431\u0438\u0442\u044c\u0441\u044f. \u0423\u043a\u0440\u0435\u043f\u043b\u044f\u0435\u0442 \u0438\u043c\u043c\u0443\u043d\u0438\u0442\u0435\u0442. \u0420\u0435\u043a\u043e\u043c\u0435\u043d\u0434\u0443\u0435\u0442\u0441\u044f \u0434\u043b\u044f \u0440\u0430\u0441\u0442\u0443\u0449\u0435\u0433\u043e \u043e\u0440\u0433\u0430\u043d\u0438\u0437\u043c\u0430, \u043c\u043e\u043b\u043e\u0434\u0435\u0436\u0438, \u0441\u043f\u043e\u0440\u0442\u0441\u043c\u0435\u043d\u043e\u0432 \u0438 \u043f\u043e\u0436\u0438\u043b\u044b\u0445 \u043b\u044e\u0434\u0435\u0439. \u041f\u0440\u0438\u044f\u0442\u043d\u044b\u0439 \u0432\u043a\u0443\u0441 \u041f\u0438\u043d\u0430 \u041a\u043e\u043b\u0430\u0434\u0430. 473 \u043c\u043b.<\/p>","protected":false},"featured_media":2714,"comment_status":"open","ping_status":"closed","template":"","meta":{"_acf_changed":false,"inline_featured_image":false},"etheme_brands":[],"product_brand":[],"product_cat":[63],"product_tag":[90,96,98,121],"class_list":{"0":"post-14600","1":"product","2":"type-product","3":"status-publish","4":"has-post-thumbnail","6":"product_cat-mineralai","7":"product_tag-fizinei-istvermei","8":"product_tag-raumenims","9":"product_tag-tvirtiems-kaulams","10":"product_tag-zvilgantiems-plaukams","12":"first","13":"outofstock","14":"taxable","15":"shipping-taxable","16":"purchasable","17":"product-type-simple"},"acf":[],"_links":{"self":[{"href":"https:\/\/findvit.com\/ru\/wp-json\/wp\/v2\/product\/14600","targetHints":{"allow":["GET"]}}],"collection":[{"href":"https:\/\/findvit.com\/ru\/wp-json\/wp\/v2\/product"}],"about":[{"href":"https:\/\/findvit.com\/ru\/wp-json\/wp\/v2\/types\/product"}],"replies":[{"embeddable":true,"href":"https:\/\/findvit.com\/ru\/wp-json\/wp\/v2\/comments?post=14600"}],"version-history":[{"count":6,"href":"https:\/\/findvit.com\/ru\/wp-json\/wp\/v2\/product\/14600\/revisions"}],"predecessor-version":[{"id":16123,"href":"https:\/\/findvit.com\/ru\/wp-json\/wp\/v2\/product\/14600\/revisions\/16123"}],"wp:featuredmedia":[{"embeddable":true,"href":"https:\/\/findvit.com\/ru\/wp-json\/wp\/v2\/media\/2714"}],"wp:attachment":[{"href":"https:\/\/findvit.com\/ru\/wp-json\/wp\/v2\/media?parent=14600"}],"wp:term":[{"taxonomy":"brand","embeddable":true,"href":"https:\/\/findvit.com\/ru\/wp-json\/wp\/v2\/etheme_brands?post=14600"},{"taxonomy":"product_brand","embeddable":true,"href":"https:\/\/findvit.com\/ru\/wp-json\/wp\/v2\/product_brand?post=14600"},{"taxonomy":"product_cat","embeddable":true,"href":"https:\/\/findvit.com\/ru\/wp-json\/wp\/v2\/product_cat?post=14600"},{"taxonomy":"product_tag","embeddable":true,"href":"https:\/\/findvit.com\/ru\/wp-json\/wp\/v2\/product_tag?post=14600"}],"curies":[{"name":"wp","href":"https:\/\/api.w.org\/{rel}","templated":true}]}}