{"id":15415,"date":"2023-11-29T18:46:54","date_gmt":"2023-11-29T16:46:54","guid":{"rendered":"https:\/\/findvit.com\/?post_type=product&#038;p=15415"},"modified":"2026-03-04T17:49:51","modified_gmt":"2026-03-04T15:49:51","slug":"kiki-health-collagen-peptides-kolageno-peptidai-150-kapsuliu","status":"publish","type":"product","link":"https:\/\/findvit.com\/ru\/produktas\/kiki-health-collagen-peptides-kolageno-peptidai-150-kapsuliu\/","title":{"rendered":"KIKI Health Collagen Peptides - \u041a\u043e\u043b\u043b\u0430\u0433\u0435\u043d\u043e\u0432\u044b\u0435 \u043f\u0435\u043f\u0442\u0438\u0434\u044b \u0441 \u0430\u043c\u0438\u043d\u043e\u043a\u0438\u0441\u043b\u043e\u0442\u0430\u043c\u0438, \u0431\u0438\u043e\u0430\u043a\u0442\u0438\u0432\u043d\u044b\u0439 \u043a\u043e\u043c\u043f\u043b\u0435\u043a\u0441, 150 \u043a\u0430\u043f\u0441\u0443\u043b"},"content":{"rendered":"\t\t<div data-elementor-type=\"product-post\" data-elementor-id=\"15415\" class=\"elementor elementor-15415\" data-elementor-post-type=\"product\">\n\t\t\t\t\t\t<section class=\"elementor-section elementor-top-section elementor-element elementor-element-ced0503 elementor-section-boxed elementor-section-height-default elementor-section-height-default\" data-id=\"ced0503\" data-element_type=\"section\" data-e-type=\"section\">\n\t\t\t\t\t\t<div class=\"elementor-container elementor-column-gap-default\">\n\t\t\t\t\t<div class=\"elementor-column elementor-col-100 elementor-top-column elementor-element elementor-element-7dd31e46\" data-id=\"7dd31e46\" data-element_type=\"column\" data-e-type=\"column\">\n\t\t\t<div class=\"elementor-widget-wrap elementor-element-populated\">\n\t\t\t\t\t\t<div class=\"elementor-element elementor-element-4247ac42 elementor-absolute elementor-hidden-mobile elementor-invisible elementor-widget elementor-widget-image\" data-id=\"4247ac42\" data-element_type=\"widget\" data-e-type=\"widget\" data-settings=\"{&quot;motion_fx_motion_fx_scrolling&quot;:&quot;yes&quot;,&quot;motion_fx_rotateZ_effect&quot;:&quot;yes&quot;,&quot;motion_fx_rotateZ_speed&quot;:{&quot;unit&quot;:&quot;px&quot;,&quot;size&quot;:5,&quot;sizes&quot;:[]},&quot;motion_fx_range&quot;:&quot;viewport&quot;,&quot;_animation&quot;:&quot;fadeIn&quot;,&quot;_position&quot;:&quot;absolute&quot;,&quot;motion_fx_rotateZ_affectedRange&quot;:{&quot;unit&quot;:&quot;%&quot;,&quot;size&quot;:&quot;&quot;,&quot;sizes&quot;:{&quot;start&quot;:0,&quot;end&quot;:100}},&quot;motion_fx_devices&quot;:[&quot;desktop&quot;,&quot;tablet&quot;,&quot;mobile&quot;]}\" data-widget_type=\"image.default\">\n\t\t\t\t<div class=\"elementor-widget-container\">\n\t\t\t\t\t\t\t\t\t\t\t\t\t\t\t<img loading=\"lazy\" loading=\"lazy\" decoding=\"async\" width=\"200\" height=\"200\" src=\"https:\/\/findvit.com\/wp-content\/uploads\/2021\/09\/ratukas.svg\" class=\"attachment-full size-full wp-image-1777\" alt=\"Ratukas nuo klausimyno iki vitamino\" \/>\t\t\t\t\t\t\t\t\t\t\t\t\t\t\t<\/div>\n\t\t\t\t<\/div>\n\t\t\t\t\t<\/div>\n\t\t<\/div>\n\t\t\t\t\t<\/div>\n\t\t<\/section>\n\t\t\t\t<section class=\"elementor-section elementor-top-section elementor-element elementor-element-4a54bd22 elementor-section-boxed elementor-section-height-default elementor-section-height-default\" data-id=\"4a54bd22\" data-element_type=\"section\" data-e-type=\"section\">\n\t\t\t\t\t\t<div class=\"elementor-container elementor-column-gap-no\">\n\t\t\t\t\t<div class=\"elementor-column elementor-col-50 elementor-top-column elementor-element elementor-element-6f6c23e0\" data-id=\"6f6c23e0\" data-element_type=\"column\" data-e-type=\"column\">\n\t\t\t<div class=\"elementor-widget-wrap elementor-element-populated\">\n\t\t\t\t\t\t<div class=\"elementor-element elementor-element-17f35b6f elementor-widget elementor-widget-heading\" data-id=\"17f35b6f\" data-element_type=\"widget\" data-e-type=\"widget\" data-widget_type=\"heading.default\">\n\t\t\t\t<div class=\"elementor-widget-container\">\n\t\t\t\t\t<h2 class=\"elementor-heading-title elementor-size-medium\">KIKI HEALTH Collagen PEPTIDES- Kolageno peptidai, 150 kapsuli\u0173<\/h2>\t\t\t\t<\/div>\n\t\t\t\t<\/div>\n\t\t\t\t<div class=\"elementor-element elementor-element-66bc320c elementor-widget elementor-widget-text-editor\" data-id=\"66bc320c\" data-element_type=\"widget\" data-e-type=\"widget\" data-widget_type=\"text-editor.default\">\n\t\t\t\t<div class=\"elementor-widget-container\">\n\t\t\t\t\t\t\t\t\t<p>Tai ne tik papildas, bet ir j\u016bs\u0173 kasdien\u0117s prie\u017ei\u016bros ritualo dalis, leid\u017eianti<strong> atkurti ir i\u0161saugoti jaunyst\u0119!<\/strong><\/p><p><strong>Kolagenas<\/strong> yra gausiausias baltymas \u017emogaus organizme. Jo gausu odoje, kauluose, raumenyse, kremzl\u0117se, rai\u0161\u010diuose ir jungiamuosiuose audiniuose.<br \/>Kolagenas yra baltymas, kuris formuoja <strong>ry\u0161ius organizme, kad u\u017etikrint\u0173 stiprum\u0105, elastingum\u0105 ir strukt\u016br\u0105.<\/strong><\/p><p>Deja, kolageno gamyba nat\u016braliai <strong>ma\u017e\u0117ja senstant.<\/strong><\/p><h3><strong>AUK\u0160\u010cIAUSIOS KOKYB\u0116S SUD\u0116TIS<\/strong><\/h3><p><strong>I ir III tipo kolageno peptid\u0173<\/strong> gausu Kiki Health peptiduose. Tai \u017eole \u0161ertuose, laisv\u0117je ir ganyklose auginamuose galvij\u0173 kolageno peptid\u0173 produktuose.<\/p><p>\u0160io kolageno gamybos procese naudojamos pa\u017eangiausios technologijos. Leid\u017eian\u010dios gaminti <strong>ma\u017eos molekulin\u0117s mas\u0117s baltym\u0105<\/strong>, kad b\u016bt\u0173 padidintas biologinis prieinamumas ir vir\u0161kinimas.<\/p><p>Kiekviena kapsul\u0117 yra pagaminta su did\u017eiausiu r\u016bpestingumu ir d\u0117mesiu, u\u017etikrinant, kad gautum\u0117te tik auk\u0161\u010diausios kokyb\u0117s produkt\u0105.<\/p><h3><strong>PLATUS POVEIKIO SPEKTRAS<\/strong><\/h3><p>Tai ne tik estetikai ir gro\u017eiui, ta\u010diau suteikiama dar daug daugiau:<\/p><p><strong>Normaliam kolageno formavimui ir<\/strong><\/p><ul><li><strong>normaliai kraujagysli\u0173 funkcijai<\/strong><\/li><li><strong>normaliai kaul\u0173 funkcijai<\/strong><\/li><li><strong>normaliai kremzli\u0173 funkcijai<\/strong><\/li><li><strong>normaliai odos funkcijai<\/strong><\/li><\/ul><p><strong>Gamintojas KIKI HEALTH<\/strong> yra novatori\u0161ka kompanija, kurianti tik sveikus produktus gro\u017eiui puosel\u0117ti ir organizmui stiprinti.<\/p><h3><strong>VISI ATSAKYMAI KOD\u0116L RINKTIS<\/strong><\/h3><p>Jie tiki, kad <strong>tik patys gryniausi ingredientai turi pat\u012f efektyviausi\u0105 poveik\u012f.<\/strong><\/p><p>Visi ingredientai, \u012feinantys \u012f produkt\u0173 sud\u0117t\u012f, yra kruop\u0161\u010diai parinkti ir eti\u0161kai apdoroti, siekiant i\u0161saugoti ir maksimaliai padidinti efektyvum\u0105 ir naud\u0105, taip pat u\u017etikrinant ir <strong>nepriekai\u0161ting\u0105 kokyb\u0119.<\/strong><\/p><p><strong>Lankstus dozavimas<\/strong>: Galimyb\u0117 prisitaikyti prie individuali\u0173 poreiki\u0173.<\/p><p><strong>Auk\u0161\u010diausios kokyb\u0117s<\/strong>: Gaminami i\u0161 \u017eol\u0117mis \u0161eriam\u0173, laisvai ganom\u0173 gyv\u016bn\u0173 kolageno.<\/p><h3><span lang=\"lt\"><strong>KIKI HEALTH PA\u017dADAS<\/strong><br \/><\/span><\/h3><ul><li><span lang=\"lt\">Auk\u0161\u010diausios kokyb\u0117s augaliniai organiniai ingredientai<\/span><\/li><li><span lang=\"lt\">Etika, vientisumas ir grynumas gamybos procese<\/span><\/li><li><span lang=\"lt\">Sertifikuoti organiniai ar i\u0161 laukin\u0117s gamtos ingredientai<\/span><\/li><li><span lang=\"lt\">Joki\u0173 kompromis\u0173 d\u0117l sintetini\u0173 pried\u0173, ri\u0161ikli\u0173, u\u017epild\u0173 ar kit\u0173 kenksming\u0173 med\u017eiag\u0173.<\/span><\/li><li><span lang=\"lt\">Be GMO, glitimo, kvie\u010di\u0173.<\/span><\/li><\/ul><div><span style=\"font-size: 15.96px;\">Su\u017einok asmeninius vitaminus ir kitus papildus, <\/span>\u00a0<strong>tinkamiausius \u0161iuo metu<\/strong>, atlik test\u0105\u00a0<a style=\"background-color: #ffffff; color: #25bf4e;\" href=\"https:\/\/findvit.com\/testas\/\"><strong>\u201cTavo diena\u201d<\/strong><\/a>\u00a0<span style=\"font-size: 15.96px;\"><br \/><\/span><\/div><p id=\"tw-target-text\" class=\"tw-data-text tw-text-large XcVN5d tw-ta\" dir=\"ltr\" data-placeholder=\"Translation\">\u00a0<\/p>\t\t\t\t\t\t\t\t<\/div>\n\t\t\t\t<\/div>\n\t\t\t\t\t<\/div>\n\t\t<\/div>\n\t\t\t\t<div class=\"elementor-column elementor-col-50 elementor-top-column elementor-element elementor-element-537c4e55\" data-id=\"537c4e55\" data-element_type=\"column\" data-e-type=\"column\">\n\t\t\t<div class=\"elementor-widget-wrap elementor-element-populated\">\n\t\t\t\t\t\t<div class=\"elementor-element elementor-element-4dc42886 elementor-widget elementor-widget-image\" data-id=\"4dc42886\" data-element_type=\"widget\" data-e-type=\"widget\" data-widget_type=\"image.default\">\n\t\t\t\t<div class=\"elementor-widget-container\">\n\t\t\t\t\t\t\t\t\t\t\t\t\t\t\t<img loading=\"lazy\" loading=\"lazy\" decoding=\"async\" width=\"900\" height=\"900\" src=\"https:\/\/findvit.com\/wp-content\/uploads\/2021\/11\/koliazai-15-900x900.jpg\" class=\"attachment-large size-large wp-image-3823\" alt=\"Gra\u017ei moters oda naudojant papildus\" srcset=\"https:\/\/findvit.com\/wp-content\/uploads\/2021\/11\/koliazai-15-900x900.jpg 900w, https:\/\/findvit.com\/wp-content\/uploads\/2021\/11\/koliazai-15-600x600.jpg 600w, https:\/\/findvit.com\/wp-content\/uploads\/2021\/11\/koliazai-15-150x150.jpg 150w, https:\/\/findvit.com\/wp-content\/uploads\/2021\/11\/koliazai-15-768x768.jpg 768w, https:\/\/findvit.com\/wp-content\/uploads\/2021\/11\/koliazai-15-1x1.jpg 1w, https:\/\/findvit.com\/wp-content\/uploads\/2021\/11\/koliazai-15-10x10.jpg 10w, https:\/\/findvit.com\/wp-content\/uploads\/2021\/11\/koliazai-15-100x100.jpg 100w, https:\/\/findvit.com\/wp-content\/uploads\/2021\/11\/koliazai-15-e1637516776328.jpg 1001w\" sizes=\"auto, (max-width: 900px) 100vw, 900px\" \/>\t\t\t\t\t\t\t\t\t\t\t\t\t\t\t<\/div>\n\t\t\t\t<\/div>\n\t\t\t\t\t<\/div>\n\t\t<\/div>\n\t\t\t\t\t<\/div>\n\t\t<\/section>\n\t\t\t\t<\/div>\n\t\t","protected":false},"excerpt":{"rendered":"<p>\u041a\u043e\u043b\u043b\u0430\u0433\u0435\u043d\u043e\u0432\u044b\u0435 \u043f\u0435\u043f\u0442\u0438\u0434\u044b- <strong>\u0413\u0438\u0434\u0440\u043e\u043b\u0438\u0437\u043e\u0432\u0430\u043d\u043d\u044b\u0439 \u043a\u043e\u043b\u043b\u0430\u0433\u0435\u043d I \u0438 III \u0442\u0438\u043f\u0430 \u0436\u0438\u0432\u043e\u0442\u043d\u043e\u0433\u043e \u043f\u0440\u043e\u0438\u0441\u0445\u043e\u0436\u0434\u0435\u043d\u0438\u044f \u0441 \u0430\u043c\u0438\u043d\u043e\u043a\u0438\u0441\u043b\u043e\u0442\u0430\u043c\u0438.<\/strong>. \u041d\u0435\u043e\u0431\u0445\u043e\u0434\u0438\u043c \u0434\u043b\u044f \u044d\u043b\u0430\u0441\u0442\u0438\u0447\u043d\u043e\u0441\u0442\u0438 \u043a\u043e\u0436\u0438, \u0441\u0432\u044f\u0437\u043e\u043a \u0438 \u0441\u043e\u0435\u0434\u0438\u043d\u0438\u0442\u0435\u043b\u044c\u043d\u044b\u0445 \u0442\u043a\u0430\u043d\u0435\u0439, \u043f\u0440\u043e\u0447\u043d\u043e\u0441\u0442\u0438 \u0438 \u0441\u0442\u0440\u0443\u043a\u0442\u0443\u0440\u044b \u043a\u043e\u0441\u0442\u0435\u0439 \u0438 \u043c\u044b\u0448\u0446. \u0414\u0430\u0436\u0435 \u0432 \u043a\u043e\u043c\u043f\u043b\u0435\u043a\u0441\u0435 <strong>9500 \u043c\u0433 \u0435\u0441\u0442\u0435\u0441\u0442\u0432\u0435\u043d\u043d\u043e \u0432\u044b\u0440\u0430\u0449\u0435\u043d\u043d\u043e\u0433\u043e \u043a\u043e\u043b\u043b\u0430\u0433\u0435\u043d\u0430 \u0436\u0438\u0432\u043e\u0442\u043d\u043e\u0433\u043e \u043f\u0440\u043e\u0438\u0441\u0445\u043e\u0436\u0434\u0435\u043d\u0438\u044f \u0438 18 \u0430\u043c\u0438\u043d\u043e\u043a\u0438\u0441\u043b\u043e\u0442. <\/strong>100 % \u041e\u0440\u0433\u0430\u043d\u0438\u043a. \u0411\u0435\u0437 \u043a\u0430\u043a\u0438\u0445-\u043b\u0438\u0431\u043e \u0441\u0438\u043d\u0442\u0435\u0442\u0438\u0447\u0435\u0441\u043a\u0438\u0445 \u0434\u043e\u0431\u0430\u0432\u043e\u043a. 150 \u0448\u0442. \u043a\u0430\u043f\u0441\u0443\u043b\u044b \u0432 \u0443\u043f\u0430\u043a\u043e\u0432\u043a\u0435 \u0438\u0437 \u044d\u043a\u043e\u043b\u043e\u0433\u0438\u0447\u0435\u0441\u043a\u0438 \u0447\u0438\u0441\u0442\u043e\u0433\u043e \u044f\u043d\u0442\u0430\u0440\u043d\u043e\u0433\u043e \u0441\u0442\u0435\u043a\u043b\u0430.<\/p>","protected":false},"featured_media":23164,"comment_status":"open","ping_status":"closed","template":"","meta":{"_acf_changed":false,"inline_featured_image":false},"etheme_brands":[{"term_id":28,"name":"Kiki Health","slug":"kiki-health","term_group":0,"term_taxonomy_id":28,"taxonomy":"brand","description":"<h2><a href=\"https:\/\/kiki-health.com\/about-us\/\" target=\"_blank\" rel=\"noopener\"><strong>KIKI Health<\/strong><\/a><\/h2>\r\nKIKI yra prek\u0117s \u017eenklas, kuriantis novatori\u0161kus maisto papildus.\r\n\r\nKIKI yra pripa\u017eintas ir gerbiamas, kaip sveikos gyvensenos produkt\u0173 ir individualumo bei meistri\u0161kumo standartas.\r\n\r\nKIKI gim\u0117 i\u0161 noro skatinti optimali\u0105 sveikat\u0105 ir gerov\u0119, m\u016bs\u0173 tikslas ir aistra yra \u012fsigyti auk\u0161\u010diausios kokyb\u0117s, grynumo produktus i\u0161 viso pasaulio, kurie pad\u0117t\u0173 gro\u017eiui ir sveikatai.\r\n\r\nNuo pat prad\u017ei\u0173 ir iki \u0161iol KIKI Health niekada nedaro kompromis\u0173 ir nededa pried\u0173 bei naudoja prastesni\u0173 ingredient\u0173 - tik nat\u016bralios 100% veikliosios med\u017eiagos.\r\n\r\nhttps:\/\/youtu.be\/irT0ZUOzBac?t=45\r\n<h3><strong>Nat\u016braliai turtingi <\/strong><strong>vitaminais, mineralais ir b\u016btinomis\u00a0 veikliosiomis med\u017eiagomis<\/strong><\/h3>\r\nDaugelis \"KIKI Health\" produkt\u0173 turintys augalini\u0173 ir maistini\u0173 med\u017eiag\u0173\u00a0 yra sertifikuoti, kaip ekologi\u0161ki.\r\n\r\nI\u0161naudodami stiprias augalin\u0117s kilm\u0117s, nat\u016brali\u0173 ingredient\u0173 galias, kupinas esmini\u0173 augal\u0173 veikli\u0173j\u0173 med\u017eiag\u0173, vitamin\u0173 ir mineral\u0173, kad suteikt\u0173 smegenims, odai ir k\u016bnui neprilygstam\u0105 pagalb\u0105.\r\n\r\nKIKI Health tikslas yra u\u017etikrinti, kad mi\u0161iniuose neb\u016bt\u0173 sintetikos, konservant\u0173, u\u017epild\u0173 ir ri\u0161ikli\u0173, u\u017etikrinant, kad ir toliau gamint\u0173 veiksmingus, \u0161varius ir saugius papildus.\r\n\r\nPagaminta Jungtin\u0117je Karalyst\u0117je i\u0161 \u0161vari\u0173 ir tvari\u0173 ingredient\u0173.\r\n<h3><strong>Atsakingumas<\/strong><\/h3>\r\nU\u017etikrindami, kad produktai b\u016bt\u0173 atsakingai u\u017eauginti, ne tik r\u016bpinamasi aplinka, bet ir garantuojama produkto kokyb\u0119. KIKI Healt specialistai keliauja po pasaul\u012f ie\u0161kodami ekologi\u0161k\u0173, eti\u0161kai gaut\u0173 ingredient\u0173, pasi\u017eymin\u010di\u0173 geresne maistine verte, kartu pad\u0117dami vietos bendruomen\u0117ms klest\u0117ti. Maisto gamybos b\u016bdas yra labai svarbus daugeliui vartotoj\u0173, ir tai kelia susir\u016bpinim\u0105, kur\u012f mes dalijam\u0117s.\r\n<h3><strong>Minimalus apdorojimas<\/strong><\/h3>\r\nNor\u0117dami pasiekti optimal\u0173 biologin\u012f prieinamum\u0105, stengiamasi, kad ingredientai b\u016bt\u0173 kuo ar\u010diau j\u0173 nat\u016bralios b\u016bkl\u0117s. Laikomasi minimalaus perdirbimo ir kontroliuojama temperat\u016bros, i\u0161kart po derliaus nu\u0117mimo, kad b\u016bt\u0173 i\u0161laikoma visa nauda sveikatai ir gyvybi\u0161kai svarbios maistin\u0117s med\u017eiagos.\r\n\r\n<strong>Produktuose n\u0117ra<\/strong>: sintetikos, dirbtini\u0173 da\u017eikli\u0173 ir kvapi\u0173j\u0173 med\u017eiag\u0173, u\u017epild\u0173, ri\u0161ikli\u0173, dengimo med\u017eiag\u0173, lipnum\u0105 reguliuojan\u010di\u0173 med\u017eiag\u0173, cukr\u0173, glitimo, GMO, laktoz\u0117s, konservant\u0173, pagalbini\u0173 med\u017eiag\u0173.\r\n\r\nVisi ingredientai ir galutiniai produktai yra reguliariai tikrinami tre\u010diosios \u0161alies laboratorijoje. U\u017etikrinama, kad kiekviena partija b\u016bt\u0173 i\u0161bandyta d\u0117l sunki\u0173j\u0173 metal\u0173, mikroorganizm\u0173 ir pesticid\u0173 laikantis grie\u017et\u0173 kokyb\u0117s kontrol\u0117s s\u0105lyg\u0173, o rezultatai atitikt\u0173 ES ir JK ribinius reglamentus, \u012fskaitant ekologinio \u016bkininkavimo standartus.","parent":0,"count":28,"filter":"raw"}],"product_brand":[],"product_cat":[646,119,645,15],"product_tag":[659],"class_list":{"0":"post-15415","1":"product","2":"type-product","3":"status-publish","4":"has-post-thumbnail","6":"brand-kiki-health","7":"product_cat-papildai-moterims","8":"product_cat-kolagenas","9":"product_cat-geriausi-papildai-vyrams","10":"product_cat-produktai","11":"product_tag-istvermei-groziui-is-vidaus-moterims","13":"first","14":"instock","15":"featured","16":"taxable","17":"shipping-taxable","18":"purchasable","19":"product-type-simple"},"acf":[],"_links":{"self":[{"href":"https:\/\/findvit.com\/ru\/wp-json\/wp\/v2\/product\/15415","targetHints":{"allow":["GET"]}}],"collection":[{"href":"https:\/\/findvit.com\/ru\/wp-json\/wp\/v2\/product"}],"about":[{"href":"https:\/\/findvit.com\/ru\/wp-json\/wp\/v2\/types\/product"}],"replies":[{"embeddable":true,"href":"https:\/\/findvit.com\/ru\/wp-json\/wp\/v2\/comments?post=15415"}],"version-history":[{"count":21,"href":"https:\/\/findvit.com\/ru\/wp-json\/wp\/v2\/product\/15415\/revisions"}],"predecessor-version":[{"id":18764,"href":"https:\/\/findvit.com\/ru\/wp-json\/wp\/v2\/product\/15415\/revisions\/18764"}],"wp:featuredmedia":[{"embeddable":true,"href":"https:\/\/findvit.com\/ru\/wp-json\/wp\/v2\/media\/23164"}],"wp:attachment":[{"href":"https:\/\/findvit.com\/ru\/wp-json\/wp\/v2\/media?parent=15415"}],"wp:term":[{"taxonomy":"brand","embeddable":true,"href":"https:\/\/findvit.com\/ru\/wp-json\/wp\/v2\/etheme_brands?post=15415"},{"taxonomy":"product_brand","embeddable":true,"href":"https:\/\/findvit.com\/ru\/wp-json\/wp\/v2\/product_brand?post=15415"},{"taxonomy":"product_cat","embeddable":true,"href":"https:\/\/findvit.com\/ru\/wp-json\/wp\/v2\/product_cat?post=15415"},{"taxonomy":"product_tag","embeddable":true,"href":"https:\/\/findvit.com\/ru\/wp-json\/wp\/v2\/product_tag?post=15415"}],"curies":[{"name":"wp","href":"https:\/\/api.w.org\/{rel}","templated":true}]}}