{"id":1706,"date":"2021-10-08T11:10:09","date_gmt":"2021-10-08T08:10:09","guid":{"rendered":"https:\/\/findvit.com\/?post_type=product&#038;p=1706"},"modified":"2024-12-17T17:43:21","modified_gmt":"2024-12-17T15:43:21","slug":"trace-minerals-kalcis-magnis-cinkas-ir-vitaminas-d3-komplekse-su-mineralais-946-ml","status":"publish","type":"product","link":"https:\/\/findvit.com\/ru\/produktas\/trace-minerals-kalcis-magnis-cinkas-ir-vitaminas-d3-komplekse-su-mineralais-946-ml\/","title":{"rendered":"\u041c\u0438\u043a\u0440\u043e\u043c\u0438\u043d\u0435\u0440\u0430\u043b\u044b \u041a\u0430\u043b\u044c\u0446\u0438\u0439 \u041c\u0430\u0433\u043d\u0438\u0439 \u0426\u0438\u043d\u043a \u0438 \u0412\u0438\u0442\u0430\u043c\u0438\u043d D3 \u0432 \u043a\u043e\u043c\u043f\u043b\u0435\u043a\u0441\u0435 \u0441 \u043c\u0438\u043d\u0435\u0440\u0430\u043b\u0430\u043c\u0438, 946 \u043c\u043b"},"content":{"rendered":"\t\t<div data-elementor-type=\"product-post\" data-elementor-id=\"1706\" class=\"elementor elementor-1706\" data-elementor-post-type=\"product\">\n\t\t\t\t\t\t<section class=\"elementor-section elementor-top-section elementor-element elementor-element-1d76dfe elementor-section-boxed elementor-section-height-default elementor-section-height-default\" data-id=\"1d76dfe\" data-element_type=\"section\" data-e-type=\"section\">\n\t\t\t\t\t\t<div class=\"elementor-container elementor-column-gap-default\">\n\t\t\t\t\t<div class=\"elementor-column elementor-col-100 elementor-top-column elementor-element elementor-element-3e522f6\" data-id=\"3e522f6\" data-element_type=\"column\" data-e-type=\"column\">\n\t\t\t<div class=\"elementor-widget-wrap elementor-element-populated\">\n\t\t\t\t\t\t<div class=\"elementor-element elementor-element-e03cb18 elementor-absolute elementor-hidden-mobile elementor-invisible elementor-widget elementor-widget-image\" data-id=\"e03cb18\" data-element_type=\"widget\" data-e-type=\"widget\" data-settings=\"{&quot;motion_fx_motion_fx_scrolling&quot;:&quot;yes&quot;,&quot;motion_fx_rotateZ_effect&quot;:&quot;yes&quot;,&quot;motion_fx_rotateZ_speed&quot;:{&quot;unit&quot;:&quot;px&quot;,&quot;size&quot;:5,&quot;sizes&quot;:[]},&quot;motion_fx_range&quot;:&quot;viewport&quot;,&quot;_animation&quot;:&quot;fadeIn&quot;,&quot;_position&quot;:&quot;absolute&quot;,&quot;motion_fx_rotateZ_affectedRange&quot;:{&quot;unit&quot;:&quot;%&quot;,&quot;size&quot;:&quot;&quot;,&quot;sizes&quot;:{&quot;start&quot;:0,&quot;end&quot;:100}},&quot;motion_fx_devices&quot;:[&quot;desktop&quot;,&quot;tablet&quot;,&quot;mobile&quot;]}\" data-widget_type=\"image.default\">\n\t\t\t\t<div class=\"elementor-widget-container\">\n\t\t\t\t\t\t\t\t\t\t\t\t\t\t\t<img loading=\"lazy\" loading=\"lazy\" decoding=\"async\" width=\"200\" height=\"200\" src=\"https:\/\/findvit.com\/wp-content\/uploads\/2021\/09\/ratukas.svg\" class=\"attachment-full size-full wp-image-1777\" alt=\"Ratukas nuo klausimyno iki vitamino\" \/>\t\t\t\t\t\t\t\t\t\t\t\t\t\t\t<\/div>\n\t\t\t\t<\/div>\n\t\t\t\t\t<\/div>\n\t\t<\/div>\n\t\t\t\t\t<\/div>\n\t\t<\/section>\n\t\t\t\t<section class=\"elementor-section elementor-top-section elementor-element elementor-element-52bf8f0 elementor-section-boxed elementor-section-height-default elementor-section-height-default\" data-id=\"52bf8f0\" data-element_type=\"section\" data-e-type=\"section\">\n\t\t\t\t\t\t<div class=\"elementor-container elementor-column-gap-no\">\n\t\t\t\t\t<div class=\"elementor-column elementor-col-50 elementor-top-column elementor-element elementor-element-3868bba\" data-id=\"3868bba\" data-element_type=\"column\" data-e-type=\"column\">\n\t\t\t<div class=\"elementor-widget-wrap elementor-element-populated\">\n\t\t\t\t\t\t<div class=\"elementor-element elementor-element-76de2e3 elementor-widget elementor-widget-heading\" data-id=\"76de2e3\" data-element_type=\"widget\" data-e-type=\"widget\" data-widget_type=\"heading.default\">\n\t\t\t\t<div class=\"elementor-widget-container\">\n\t\t\t\t\t<h2 class=\"elementor-heading-title elementor-size-default\">Kalcio \/ Magnio \/ Cinko komplesas<\/h2>\t\t\t\t<\/div>\n\t\t\t\t<\/div>\n\t\t\t\t<div class=\"elementor-element elementor-element-506b823 elementor-widget elementor-widget-text-editor\" data-id=\"506b823\" data-element_type=\"widget\" data-e-type=\"widget\" data-widget_type=\"text-editor.default\">\n\t\t\t\t<div class=\"elementor-widget-container\">\n\t\t\t\t\t\t\t\t\t<p>\u0160is papildas yra unikalus, nes jis yra skystoje formoje\u00a0 ir sudarytas i\u0161 trij\u0173 svarbi\u0173 mineral\u0173 &#8211; kalcio, magnio ir cinko.<\/p><p>Be to, \u0161is papildas yra <strong>praturtintas 72 mikroelementais<\/strong>, kurie padeda pagerinti mineral\u0173 absorbcij\u0105 ir organizmo balans\u0105.<\/p><h3><strong>Kod\u0117l svarbu<\/strong><\/h3><p>Jei norite pagerinti savo sveikat\u0105 ir gerov\u0119, jums reikia tinkamo kiekio kalcio, magnio ir cinko. \u0160ie mineralai yra b\u016btini kaul\u0173, dant\u0173, raumen\u0173 ir nerv\u0173 sistemos funkcijai.<\/p><p>Trace Minerals Liquid Cal\/Mag\/Zinc <strong>yra unikalus mineral\u0173 \u0161altinis<\/strong>, kuris ne tik palaiko, bet ir stiprina j\u016bs\u0173 k\u016bn\u0105 i\u0161 vidaus. \u0160is produktas yra sukurtas, siekiant u\u017etikrinti, kad gautume maksimali\u0105 naud\u0105 i\u0161 kiekvieno la\u0161o.<\/p><h3><strong>Mineral\u0173 Galia<\/strong><\/h3><p>Kalcis, magnis ir cinkas yra esminiai mineralai, <strong>reikalingi daugeliui k\u016bno funkcij\u0173<\/strong>, \u012fskaitant kaul\u0173 ir raumen\u0173 sveikat\u0105, nerv\u0173 sistemos funkcij\u0105 ir energijos gamyb\u0105. \u0160is produktas ne tik tiekia \u0161iuos svarbius mineralus, bet ir u\u017etikrina j\u0173 kiek\u012f.<\/p><h3><strong>Joniniai Mikroelementai:<\/strong><\/h3><p>Unikalus Jonini\u0173 Mikroelement\u0173 prid\u0117jimas gerai vertinamas sveikatos specialist\u0173. Taip pat teikia papildom\u0173 mikroelement\u0173, kurie yra visapusi\u0161kai svarb\u016bs.<\/p><h3><strong>Vitaminas D<\/strong><\/h3><p>Vitaminas D yra svarbus kaul\u0173 sveikatai, padeda absorbuoti kalc\u012f ir palaiko imunin\u0119 sistem\u0105. \u0160is vitaminas yra svarbus vis\u0173 am\u017eiaus grupi\u0173 \u017emon\u0117ms.<\/p><h3><strong>Visapusi\u0161ka Prie\u017ei\u016bra<\/strong><\/h3><p>&#8222;Liquid Cal\/Mag\/Zinc&#8221; yra ne tik mineral\u0173 \u0161altinis, bet ir visapusi\u0161kas produktas, skirtas palaikyti j\u016bs\u0173 vis\u0105 k\u016bn\u0105. Nuo kaul\u0173 iki raumen\u0173, nuo \u0161irdies iki nerv\u0173 sistemos &#8211; \u0161is papildas yra sukurtas, siekiant palaikyti jus aktyvius ir sveikus.<\/p><h3><strong>Lengva naudoti<\/strong><\/h3><p>\u0160is produktas yra skystoje formoje, o ne table\u010di\u0173 ar kapsuli\u0173 formoje. Tai rei\u0161kia, kad j\u016bs galite lengvai dozuoti ir naudoti \u0161\u012f produkt\u0105 pagal savo poreik\u012f. J\u016bs galite naudoti \u0161\u012f produkt\u0105 kaip g\u0117rim\u0105 arba prid\u0117ti j\u012f prie savo m\u0117gstamo sultinio ar kokteilio.<\/p><h3><strong>Sertifikavimas ir Kokyb\u0117<\/strong><\/h3><p>Mes \u012fsipareigojame teikti auk\u0161\u010diausios kokyb\u0117s produktus. M\u016bs\u0173 produktai yra gaminti pagal grie\u017e\u010diausius standartus ir yra sertifikuoti, siekiant u\u017etikrinti jums saugum\u0105 ir efektyvum\u0105.<\/p>\t\t\t\t\t\t\t\t<\/div>\n\t\t\t\t<\/div>\n\t\t\t\t\t<\/div>\n\t\t<\/div>\n\t\t\t\t<div class=\"elementor-column elementor-col-50 elementor-top-column elementor-element elementor-element-47a042c\" data-id=\"47a042c\" data-element_type=\"column\" data-e-type=\"column\">\n\t\t\t<div class=\"elementor-widget-wrap elementor-element-populated\">\n\t\t\t\t\t\t<div class=\"elementor-element elementor-element-7c5f4cd elementor-widget elementor-widget-image\" data-id=\"7c5f4cd\" data-element_type=\"widget\" data-e-type=\"widget\" data-widget_type=\"image.default\">\n\t\t\t\t<div class=\"elementor-widget-container\">\n\t\t\t\t\t\t\t\t\t\t\t\t\t\t\t<img loading=\"lazy\" loading=\"lazy\" decoding=\"async\" width=\"900\" height=\"900\" src=\"https:\/\/findvit.com\/wp-content\/uploads\/2021\/10\/Ko-3-900x900.jpg\" class=\"attachment-large size-large wp-image-2469\" alt=\"sportas sveikata koliazas\" srcset=\"https:\/\/findvit.com\/wp-content\/uploads\/2021\/10\/Ko-3-900x900.jpg 900w, https:\/\/findvit.com\/wp-content\/uploads\/2021\/10\/Ko-3-600x600.jpg 600w, https:\/\/findvit.com\/wp-content\/uploads\/2021\/10\/Ko-3-150x150.jpg 150w, https:\/\/findvit.com\/wp-content\/uploads\/2021\/10\/Ko-3-768x768.jpg 768w, https:\/\/findvit.com\/wp-content\/uploads\/2021\/10\/Ko-3-1x1.jpg 1w, https:\/\/findvit.com\/wp-content\/uploads\/2021\/10\/Ko-3-10x10.jpg 10w, https:\/\/findvit.com\/wp-content\/uploads\/2021\/10\/Ko-3-100x100.jpg 100w, https:\/\/findvit.com\/wp-content\/uploads\/2021\/10\/Ko-3.jpg 1000w\" sizes=\"auto, (max-width: 900px) 100vw, 900px\" \/>\t\t\t\t\t\t\t\t\t\t\t\t\t\t\t<\/div>\n\t\t\t\t<\/div>\n\t\t\t\t\t<\/div>\n\t\t<\/div>\n\t\t\t\t\t<\/div>\n\t\t<\/section>\n\t\t\t\t<\/div>\n\t\t","protected":false},"excerpt":{"rendered":"<p>\u041c\u0438\u043a\u0440\u043e\u044d\u043b\u0435\u043c\u0435\u043d\u0442\u044b \u041a\u0430\u043b\u044c\u0446\u0438\u0439 \u041c\u0430\u0433\u043d\u0438\u0439 \u0426\u0438\u043d\u043a \u0441 \u0432\u0438\u0442\u0430\u043c\u0438\u043d\u043e\u043c D3 \u2014 \u044d\u0442\u043e \u043d\u0435 \u043f\u0440\u043e\u0441\u0442\u043e \u0438\u0441\u0442\u043e\u0447\u043d\u0438\u043a \u043c\u0438\u043d\u0435\u0440\u0430\u043b\u043e\u0432. \u042d\u0442\u0430 \u0436\u0438\u0434\u043a\u0430\u044f \u0434\u043e\u0431\u0430\u0432\u043a\u0430 \u043f\u0440\u0435\u0434\u043d\u0430\u0437\u043d\u0430\u0447\u0435\u043d\u0430 \u0434\u043b\u044f <strong>\u043d\u0430 \u043e\u0441\u043d\u043e\u0432\u0435 \u0438\u0441\u0441\u043b\u0435\u0434\u043e\u0432\u0430\u043d\u0438\u0439<\/strong> \u0438 \u0441\u0431\u0430\u043b\u0430\u043d\u0441\u0438\u0440\u043e\u0432\u0430\u043d, \u0447\u0442\u043e\u0431\u044b \u0434\u0430\u0442\u044c \u0432\u0430\u0448\u0435\u043c\u0443 \u0442\u0435\u043b\u0443 \u0442\u043e, \u0447\u0442\u043e \u043e\u043d\u043e \u0438\u0449\u0435\u0442. \u0411\u043b\u0430\u0433\u043e\u0434\u0430\u0440\u044f \u0432\u043a\u043b\u044e\u0447\u0435\u043d\u0438\u044e \u0432 \u0444\u043e\u0440\u043c\u0443\u043b\u0443 \u0438\u043e\u043d\u043d\u044b\u0445 \u043c\u0438\u043a\u0440\u043e\u044d\u043b\u0435\u043c\u0435\u043d\u0442\u043e\u0432 \u0438 \u0432\u0438\u0442\u0430\u043c\u0438\u043d\u0430 D32 \u044d\u0442\u043e\u0442 \u043f\u0440\u043e\u0434\u0443\u043a\u0442 \u0441\u0442\u0430\u043d\u043e\u0432\u0438\u0442\u0441\u044f \u043d\u0435\u043e\u0442\u044a\u0435\u043c\u043b\u0435\u043c\u043e\u0439 \u0447\u0430\u0441\u0442\u044c\u044e \u0432\u0430\u0448\u0438\u0445 \u043a\u043e\u0441\u0442\u0435\u0439, \u043c\u044b\u0448\u0446 \u0438 \u0441\u043e\u0435\u0434\u0438\u043d\u0438\u0442\u0435\u043b\u044c\u043d\u043e\u0439 \u0442\u043a\u0430\u043d\u0438. <strong>\u0412\u044b\u0431\u0438\u0440\u0430\u0439\u0442\u0435 \u043a\u0430\u0447\u0435\u0441\u0442\u0432\u043e \u0438 \u043d\u0430\u0443\u043a\u0443<\/strong> \u0441 \u00ab\u041c\u0438\u043a\u0440\u043e\u043c\u0438\u043d\u0435\u0440\u0430\u043b\u0430\u043c\u0438\u00bb \u041f\u0440\u0438\u044f\u0442\u043d\u044b\u0439 \u0432\u043a\u0443\u0441. 946 \u043c\u043b.<\/p>","protected":false},"featured_media":2714,"comment_status":"open","ping_status":"closed","template":"","meta":{"_acf_changed":false,"inline_featured_image":false},"etheme_brands":[{"term_id":38,"name":"Trace Minerals","slug":"trace-minerals","term_group":0,"term_taxonomy_id":38,"taxonomy":"brand","description":"<h2><strong>Trace minerals<\/strong><\/h2>\r\n\"Trace Minerals\" yra \u017einomas jonini\u0173 mineralini\u0173 papild\u0173 prek\u0117s \u017eenklas, kuriuo pasitikima beveik 50 met\u0173.\r\n\r\n<strong>Gamintojo misija<\/strong>\r\n\r\n\"Trace Minerals\" mato pasaul\u012f, kuriame \u017emon\u0117s yra\r\natsakingi u\u017e savo sveikat\u0105. Laikas, kai visi \u017emon\u0117s yra nori ir gali\r\ngyventi sveikiau. Joniniai mineralai yra pasiekiami visiems norintiems. Daugiau nei 50 met\u0173 \"Trace Minerals\" prek\u0117s \u017eenklo\r\nproduktai visame pasaulyje buvo pripa\u017einti jonini\u0173 produkt\u0173 pradininkais.\r\n\r\nVisus 50 met\u0173 Trace Minerals vertyb\u0117s yra:\r\n\r\n1. Bekompromis\u0117 kokyb\u0117, nuo kurios priklauso \u017emoni\u0173 savijauta.\r\n2. Neprilygstama aptarnavimas, kuris leid\u017eia klientams \u0161ypsotis.\r\n3. Nuolatinis pajam\u0173 augimas diegiant inovacijas ir kuriant produktus.\r\n4. Ugdomieji u\u017esi\u0117mimai.\r\n5. Lyderyst\u0117 savo srities pramon\u0117je.\r\n6. Lojalumas ir s\u0105\u017einingumas patikimiems darbuotojams ir verslo partneriams.\r\n<h3><strong>Garantija<\/strong><\/h3>\r\nGamintojas tiki, kad maisto papildai tur\u0117t\u0173 atne\u0161ti pastebimus\r\nrezultatus. Trace minerals \u012fsipareigojimas siekti pastebim\u0173 rezultat\u0173 yra\r\n\"Trace Minerals research\" filosofija.\r\n\r\nBeveik penkis de\u0161imtme\u010dius \"Trace Minerals\" prek\u0117s \u017eenklo produktai pad\u0117jo \u017emon\u0117ms priimti pagr\u012fstus sprendimus pasirenkant tinkamus produktus. Trce Minerals t\u0119stinis \u012fsipareigojimas yra paprastas: gaminti auk\u0161\u010diausios kokyb\u0117s produktus, paremtus moksliniais tyrimais, pagamintus u\u017e teising\u0105 kain\u0105 ir garantuojama, kad bus\r\npagerinti gyvenimai t\u0173, kurie vartoja kokybi\u0161kus produktus. Trace minerals visada tai dar\u0117 ir toliau t\u0105 darys.\r\n\r\nhttps:\/\/youtu.be\/hbeINVcx5FY?t=77\r\n<h3><strong>Mokslas ir tyrimai<\/strong><\/h3>\r\nGamintojas gavo \u0161e\u0161i\u0173 m\u0117nesi\u0173 klinikinio tyrimo \"ConcenTrace\u00ae\" rezultatus. \"Trace Mineral Drops\", jo pavyzdinis jonini\u0173 mineralinis papildas, kuriame yra visas spektras nat\u016braliai atsirandan\u010di\u0173 mikroelement\u0173.\r\n\r\nDalyviams buvo skiriama po 40 la\u0161\u0173 ConcenTrace\u00ae arba placebo per par\u0105\r\n24 savaites. Tyrime teigiama, kad \"veiksmingum\u0105 objektyviai patvirtino\r\n\u012fvertinti s\u0105nari\u0173 kremzl\u0117s storio, s\u0105nario erdv\u0117s plo\u010dio poky\u010dius\r\nir sinovinio skys\u010dio sud\u0117tis\". 24 savai\u010di\u0173 rezultatai rodo, kad \"ultrasonografija ir sinovinio skys\u010dio tyrimas atskleid\u0117 kremzl\u0117s\r\nstrukt\u016bros pager\u0117jim\u0105\".\r\n\r\n\u0160is preliminarus tyrimas parodo, kad ConcenTrace\u00ae pagerina s\u0105nari\u0173 sveikat\u0105.\r\n<h3><strong>Sertifikatai<\/strong><\/h3>\r\nKokyb\u0117 visada buvo svarbiausias <a href=\"https:\/\/www.traceminerals.com\/\" target=\"_blank\" rel=\"noopener\">\"Trace Minerals\"<\/a> prioritetas. Per daugel\u012f met\u0173\u00a0 akylai tobulino gamybos procesus. Tikima, kad geriausi procesai padeda gaminti geriausius ir sveikiausius produktus. Tai yra pagrindin\u0117 prie\u017eastis, kod\u0117l grie\u017etai kontroliuojama produkt\u0173 kokyb\u0117 ir kod\u0117l turima daugyb\u0117 sertifikat\u0173.\r\n<ul>\r\n \t<li><a href=\"https:\/\/grmalliance.org\/\" target=\"_blank\" rel=\"noopener\">GRMA\/UL GMP Certified<\/a><\/li>\r\n \t<li>GRAS Certified<\/li>\r\n \t<li>BPA Free<\/li>\r\n \t<li>Kosher<\/li>\r\n \t<li>Halal<\/li>\r\n \t<li>Non-GMO Verified<\/li>\r\n \t<li>Transparency<\/li>\r\n<\/ul>","parent":0,"count":19,"filter":"raw"}],"product_brand":[],"product_cat":[63],"product_tag":[90,96,98,121],"class_list":{"0":"post-1706","1":"product","2":"type-product","3":"status-publish","4":"has-post-thumbnail","6":"brand-trace-minerals","7":"product_cat-mineralai","8":"product_tag-fizinei-istvermei","9":"product_tag-raumenims","10":"product_tag-tvirtiems-kaulams","11":"product_tag-zvilgantiems-plaukams","13":"first","14":"outofstock","15":"taxable","16":"shipping-taxable","17":"purchasable","18":"product-type-simple"},"acf":[],"_links":{"self":[{"href":"https:\/\/findvit.com\/ru\/wp-json\/wp\/v2\/product\/1706","targetHints":{"allow":["GET"]}}],"collection":[{"href":"https:\/\/findvit.com\/ru\/wp-json\/wp\/v2\/product"}],"about":[{"href":"https:\/\/findvit.com\/ru\/wp-json\/wp\/v2\/types\/product"}],"replies":[{"embeddable":true,"href":"https:\/\/findvit.com\/ru\/wp-json\/wp\/v2\/comments?post=1706"}],"version-history":[{"count":20,"href":"https:\/\/findvit.com\/ru\/wp-json\/wp\/v2\/product\/1706\/revisions"}],"predecessor-version":[{"id":15084,"href":"https:\/\/findvit.com\/ru\/wp-json\/wp\/v2\/product\/1706\/revisions\/15084"}],"wp:featuredmedia":[{"embeddable":true,"href":"https:\/\/findvit.com\/ru\/wp-json\/wp\/v2\/media\/2714"}],"wp:attachment":[{"href":"https:\/\/findvit.com\/ru\/wp-json\/wp\/v2\/media?parent=1706"}],"wp:term":[{"taxonomy":"brand","embeddable":true,"href":"https:\/\/findvit.com\/ru\/wp-json\/wp\/v2\/etheme_brands?post=1706"},{"taxonomy":"product_brand","embeddable":true,"href":"https:\/\/findvit.com\/ru\/wp-json\/wp\/v2\/product_brand?post=1706"},{"taxonomy":"product_cat","embeddable":true,"href":"https:\/\/findvit.com\/ru\/wp-json\/wp\/v2\/product_cat?post=1706"},{"taxonomy":"product_tag","embeddable":true,"href":"https:\/\/findvit.com\/ru\/wp-json\/wp\/v2\/product_tag?post=1706"}],"curies":[{"name":"wp","href":"https:\/\/api.w.org\/{rel}","templated":true}]}}