{"id":21387,"date":"2025-03-13T12:31:58","date_gmt":"2025-03-13T10:31:58","guid":{"rendered":"https:\/\/findvit.com\/?post_type=product&#038;p=21387"},"modified":"2026-03-02T16:30:22","modified_gmt":"2026-03-02T14:30:22","slug":"r1-womens-active-vitaminai-moterims-kompleksas-energijai-ir-hormonams-60-tableciu","status":"publish","type":"product","link":"https:\/\/findvit.com\/ru\/produktas\/r1-womens-active-vitaminai-moterims-kompleksas-energijai-ir-hormonams-60-tableciu\/","title":{"rendered":"R1 Women&#8217;s active Vitaminai Moterims &#8211; hormoninei sistemai ir energijai, 60 table\u010di\u0173"},"content":{"rendered":"<div data-elementor-type=\"product-post\" data-elementor-id=\"21387\" class=\"elementor elementor-21387\" data-elementor-post-type=\"product\">\n\t\t\t\t\t\t<section class=\"elementor-section elementor-top-section elementor-element elementor-element-cf383a7 elementor-section-boxed elementor-section-height-default elementor-section-height-default\" data-id=\"cf383a7\" data-element_type=\"section\">\n\t\t\t\t\t\t<div class=\"elementor-container elementor-column-gap-default\">\n\t\t\t\t\t<div class=\"elementor-column elementor-col-100 elementor-top-column elementor-element elementor-element-01fee3c\" data-id=\"01fee3c\" data-element_type=\"column\">\n\t\t\t<div class=\"elementor-widget-wrap elementor-element-populated\">\n\t\t\t\t\t\t<div class=\"elementor-element elementor-element-31a961f elementor-absolute elementor-hidden-mobile elementor-invisible elementor-widget elementor-widget-image\" data-id=\"31a961f\" data-element_type=\"widget\" data-settings=\"{&quot;motion_fx_motion_fx_scrolling&quot;:&quot;yes&quot;,&quot;motion_fx_rotateZ_effect&quot;:&quot;yes&quot;,&quot;motion_fx_rotateZ_speed&quot;:{&quot;unit&quot;:&quot;px&quot;,&quot;size&quot;:5,&quot;sizes&quot;:[]},&quot;motion_fx_range&quot;:&quot;viewport&quot;,&quot;_animation&quot;:&quot;fadeIn&quot;,&quot;_position&quot;:&quot;absolute&quot;,&quot;motion_fx_rotateZ_affectedRange&quot;:{&quot;unit&quot;:&quot;%&quot;,&quot;size&quot;:&quot;&quot;,&quot;sizes&quot;:{&quot;start&quot;:0,&quot;end&quot;:100}},&quot;motion_fx_devices&quot;:[&quot;desktop&quot;,&quot;tablet&quot;,&quot;mobile&quot;]}\" data-widget_type=\"image.default\">\n\t\t\t\t<div class=\"elementor-widget-container\">\n\t\t\t\t\t\t\t\t\t\t\t\t\t\t\t<img loading=\"lazy\" decoding=\"async\" width=\"200\" height=\"200\" src=\"https:\/\/findvit.com\/wp-content\/uploads\/2021\/09\/ratukas.svg\" class=\"attachment-full size-full wp-image-1777\" alt=\"\u041a\u043e\u043b\u0435\u0441\u043e \u043e\u0442 \u0430\u043d\u043a\u0435\u0442\u044b \u043a \u0432\u0438\u0442\u0430\u043c\u0438\u043d\u0443\" \/>\t\t\t\t\t\t\t\t\t\t\t\t\t\t\t<\/div>\n\t\t\t\t<\/div>\n\t\t\t\t\t<\/div>\n\t\t<\/div>\n\t\t\t\t\t<\/div>\n\t\t<\/section>\n\t\t\t\t<section class=\"elementor-section elementor-top-section elementor-element elementor-element-4429778 elementor-section-boxed elementor-section-height-default elementor-section-height-default\" data-id=\"4429778\" data-element_type=\"section\">\n\t\t\t\t\t\t<div class=\"elementor-container elementor-column-gap-no\">\n\t\t\t\t\t<div class=\"elementor-column elementor-col-50 elementor-top-column elementor-element elementor-element-e6ad1e2\" data-id=\"e6ad1e2\" data-element_type=\"column\">\n\t\t\t<div class=\"elementor-widget-wrap elementor-element-populated\">\n\t\t\t\t\t\t<div class=\"elementor-element elementor-element-08402b5 elementor-widget elementor-widget-heading\" data-id=\"08402b5\" data-element_type=\"widget\" data-widget_type=\"heading.default\">\n\t\t\t\t<div class=\"elementor-widget-container\">\n\t\t\t\t\t<h2 class=\"elementor-heading-title elementor-size-default\">R1 Women's active Vitaminai Moterims- supermaistas su probiotikais<\/h2>\t\t\t\t<\/div>\n\t\t\t\t<\/div>\n\t\t\t\t<div class=\"elementor-element elementor-element-4a02cf4 elementor-widget elementor-widget-text-editor\" data-id=\"4a02cf4\" data-element_type=\"widget\" data-widget_type=\"text-editor.default\">\n\t\t\t\t<div class=\"elementor-widget-container\">\n\t\t\t\t\t\t\t\t\t<p>\u00a0R1 Women&#8217;s Active lifestyle &#8211; specialist\u0173\u00a0 subalansuotos\u00a0 veikliosios med\u017eiagos stiprintan\u010dios moter\u012f ir suteikian\u010dios pasitik\u0117jimo.<\/p><h3><strong>Kod\u0117l R1 Women&#8217;s Active Lifestyle Supermaistas?<\/strong><\/h3><ul><li><p><strong>Subalansuoti b\u016btent moterims vitamin\u0173 kompleksas<\/strong>: Unikalioje formul\u0117je\u00a0 svarbiausi vitaminai moter\u0173\u00a0 savijautai.<\/p><\/li><li><p><strong>\u041c\u0438\u043d\u0435\u0440\u0430\u043b\u044b<\/strong>:\u00a0 kalcis, magnis, cinkas ir gele\u017eis- padeda palaikyti stiprius kaulus, sveik\u0105 imunin\u0119 sistem\u0105 ir optimali\u0105 energijos gamyb\u0105.<\/p><\/li><li><p><strong>\u041d\u0430\u0442\u0443\u0440\u0430\u043b\u044c\u043d\u044b\u0435 \u044d\u043a\u0441\u0442\u0440\u0430\u043a\u0442\u044b:<\/strong><\/p><ul><li>\u041f\u043e\u0440\u043e\u0448\u043e\u043a \u043a\u043e\u0440\u043d\u044f \u0414\u043e\u043d\u0433 \u041a\u0432\u0430\u0439, \u044d\u043a\u0441\u0442\u0440\u0430\u043a\u0442 \u043f\u043b\u043e\u0434\u043e\u0432 \u0446\u0435\u043b\u043e\u043c\u0443\u0434\u0440\u0435\u043d\u043d\u043e\u0433\u043e \u0434\u0435\u0440\u0435\u0432\u0430, \u043f\u043e\u0440\u043e\u0448\u043e\u043a \u043f\u043b\u043e\u0434\u043e\u0432 \u043a\u043b\u044e\u043a\u0432\u044b \u2013 <strong>\u041f\u043e\u0434\u0434\u0435\u0440\u0436\u0438\u0432\u0430\u0435\u0442 \u0433\u043e\u0440\u043c\u043e\u043d\u0430\u043b\u044c\u043d\u044b\u0439 \u0431\u0430\u043b\u0430\u043d\u0441 \u0438 \u0436\u0435\u043d\u0441\u043a\u043e\u0435 \u0437\u0434\u043e\u0440\u043e\u0432\u044c\u0435. <\/strong><\/li><li>\u00a0ka\u0161tono s\u0117kl\u0173 ekstraktas, \u0161luotel\u0117s \u0161akn\u0173 ekstraktas \u2013 <b>\u041f\u043e\u0434\u0434\u0435\u0440\u0436\u0438\u0432\u0430\u0435\u0442 \u043a\u0440\u043e\u0432\u043e\u043e\u0431\u0440\u0430\u0449\u0435\u043d\u0438\u0435 \u0438 \u0443\u043c\u0435\u043d\u044c\u0448\u0430\u0435\u0442 \u0442\u044f\u0436\u0435\u0441\u0442\u044c \u043d\u043e\u0433.<\/b><\/li><\/ul><p><strong>\u0410\u043d\u0442\u0438\u043e\u043a\u0441\u0438\u0434\u0430\u043d\u0442\u044b:<\/strong><\/p><ul><li>\u0410\u043b\u044c\u0444\u0430-\u043b\u0438\u043f\u043e\u0435\u0432\u0430\u044f \u043a\u0438\u0441\u043b\u043e\u0442\u0430, \u044d\u043a\u0441\u0442\u0440\u0430\u043a\u0442 \u0432\u0438\u043d\u043e\u0433\u0440\u0430\u0434\u043d\u044b\u0445 \u043a\u043e\u0441\u0442\u043e\u0447\u0435\u043a, \u043b\u044e\u0442\u0435\u0438\u043d, \u0437\u0435\u0430\u043a\u0441\u0430\u043d\u0442\u0438\u043d - <b>\u041f\u043e\u043c\u043e\u0433\u0430\u0435\u0442 \u0437\u0430\u0449\u0438\u0442\u0438\u0442\u044c \u043a\u043b\u0435\u0442\u043a\u0438 \u043e\u0442 \u043f\u043e\u0432\u0440\u0435\u0436\u0434\u0435\u043d\u0438\u0439 \u0438 \u043f\u043e\u0434\u0434\u0435\u0440\u0436\u0438\u0432\u0430\u0435\u0442 \u0437\u0434\u043e\u0440\u043e\u0432\u044c\u0435 \u0433\u043b\u0430\u0437.<\/b><\/li><\/ul><\/li><\/ul><ul class=\"m-0 py-1 pl-4 pr-0 list-disc\"><li><strong>\u041d\u0435\u0442 \u043a\u0430\u043b\u043e\u0440\u0438\u0439<\/strong><\/li><li><strong>\u0411\u0435\u0437 \u0441\u0430\u0445\u0430\u0440\u0430<\/strong><\/li><li><strong>\u041d\u0438\u043a\u0430\u043a\u0438\u0445 \u0437\u0430\u043f\u0440\u0435\u0449\u0435\u043d\u043d\u044b\u0445 \u0432\u0435\u0449\u0435\u0441\u0442\u0432<\/strong><\/li><\/ul><h4><strong>\u0420\u0430\u043d\u043d\u0435\u0435 \u0443\u0442\u0440\u043e<\/strong><\/h4><p>Ryt\u0105 j\u016bs\u0173 k\u016bnas reikalauja maisting\u0173j\u0173 med\u017eiag\u0173, kad prad\u0117tum\u0117te dien\u0105 energingai. R1 Women&#8217;s active lifestyle vitaminas B12, gele\u017eis ir folio r\u016bg\u0161tis, padeda kovoti su nuovargiu ir palaiko j\u016bs\u0173 energijos lyg\u012f.<\/p><h4><strong>\u041f\u043e\u043b\u0443\u0434\u0435\u043d\u043d\u0430\u044f \u044d\u043d\u0435\u0440\u0433\u0438\u044f<\/strong><\/h4><p>Vidurdien\u012f da\u017enai pradedame jausti nuovarg\u012f, ta\u010diau \u0161ie vitaminai padeda i\u0161laikyti auk\u0161t\u0105 energijos lyg\u012f vis\u0105 dien\u0105. Vitaminas C ir cinkas stiprina imunin\u0119 sistem\u0105, o vitaminai B6 ir niacinas u\u017etikrina nuolatin\u012f energijos tiekim\u0105.<\/p><h4><strong>\u041f\u043e\u0441\u043b\u0435\u043e\u0431\u0435\u0434\u0435\u043d\u043d\u043e\u0435 \u0432\u043e\u0441\u0441\u0442\u0430\u043d\u043e\u0432\u043b\u0435\u043d\u0438\u0435<\/strong><\/h4><p>\u0412\u043e \u0432\u0442\u043e\u0440\u043e\u0439 \u043f\u043e\u043b\u043e\u0432\u0438\u043d\u0435 \u0434\u043d\u044f \u043c\u044b \u0447\u0430\u0441\u0442\u043e \u0447\u0443\u0432\u0441\u0442\u0432\u0443\u0435\u043c \u0443\u0441\u0442\u0430\u043b\u043e\u0441\u0442\u044c \u0438 \u0441\u043d\u0438\u0436\u0435\u043d\u0438\u0435 \u0443\u0440\u043e\u0432\u043d\u044f \u0432\u043d\u0438\u043c\u0430\u043d\u0438\u044f. \u041c\u0430\u0433\u043d\u0438\u0439 \u0438 \u043a\u0430\u043b\u044c\u0446\u0438\u0439 \u043f\u043e\u043c\u043e\u0433\u0430\u044e\u0442 \u043f\u043e\u0434\u0434\u0435\u0440\u0436\u0438\u0432\u0430\u0442\u044c \u0437\u0434\u043e\u0440\u043e\u0432\u044c\u0435 \u043a\u043e\u0441\u0442\u0435\u0439 \u0438 \u043c\u044b\u0448\u0446, \u043f\u043e\u0437\u0432\u043e\u043b\u044f\u044f \u0432\u0430\u043c \u043e\u0441\u0442\u0430\u0432\u0430\u0442\u044c\u0441\u044f \u0430\u043a\u0442\u0438\u0432\u043d\u044b\u043c\u0438 \u0438 \u0431\u043e\u0434\u0440\u044b\u043c\u0438.<\/p><h4><strong>\u0412\u0435\u0447\u0435\u0440\u043d\u0435\u0435 \u0441\u043f\u043e\u043a\u043e\u0439\u0441\u0442\u0432\u0438\u0435<\/strong><\/h4><p>\u0421 \u043d\u0430\u0441\u0442\u0443\u043f\u043b\u0435\u043d\u0438\u0435\u043c \u0432\u0435\u0447\u0435\u0440\u0430 \u0432\u0430\u0448\u0435\u043c\u0443 \u0442\u0435\u043b\u0443 \u043d\u0435\u043e\u0431\u0445\u043e\u0434\u0438\u043c\u043e \u0440\u0430\u0441\u0441\u043b\u0430\u0431\u0438\u0442\u044c\u0441\u044f \u0438 \u0432\u043e\u0441\u0441\u0442\u0430\u043d\u043e\u0432\u0438\u0442\u044c\u0441\u044f. \u0418\u043d\u043e\u0437\u0438\u0442\u043e\u043b \u0438 \u0438\u0437\u043e\u0444\u043b\u0430\u0432\u043e\u043d\u044b \u0441\u043e\u0438 \u043f\u043e\u043c\u043e\u0433\u0430\u044e\u0442 \u0441\u043d\u0438\u0437\u0438\u0442\u044c \u0441\u0442\u0440\u0435\u0441\u0441 \u0438 \u0443\u043b\u0443\u0447\u0448\u0438\u0442\u044c \u0441\u043e\u043d, \u0434\u0430\u0432\u0430\u044f \u0432\u0430\u043c \u043e\u0449\u0443\u0449\u0435\u043d\u0438\u0435 \u0441\u043f\u043e\u043a\u043e\u0439\u0441\u0442\u0432\u0438\u044f \u0438 \u0440\u0430\u0441\u0441\u043b\u0430\u0431\u043b\u0435\u043d\u0438\u044f \u043f\u0435\u0440\u0435\u0434 \u0441\u043d\u043e\u043c.<\/p><h3><strong>Pagrindiniai vitaminai ir mineralai:<\/strong><\/h3><ul><li><p><strong>\u0412\u0438\u0442\u0430\u043c\u0438\u043d \u0410 (\u0440\u0435\u0442\u0438\u043d\u0438\u043b\u0430\u0446\u0435\u0442\u0430\u0442)<\/strong>: 1000 \u043c\u043a\u0433 - \u041f\u043e\u043c\u043e\u0433\u0430\u0435\u0442 \u043f\u043e\u0434\u0434\u0435\u0440\u0436\u0438\u0432\u0430\u0442\u044c \u0437\u0434\u043e\u0440\u043e\u0432\u044c\u0435 \u043a\u043e\u0436\u0438, \u0433\u043b\u0430\u0437 \u0438 \u0438\u043c\u043c\u0443\u043d\u043d\u043e\u0439 \u0441\u0438\u0441\u0442\u0435\u043c\u044b.<\/p><\/li><li><p><strong>\u0412\u0438\u0442\u0430\u043c\u0438\u043d \u0421 (\u0430\u0441\u043a\u043e\u0440\u0431\u0438\u043d\u043e\u0432\u0430\u044f \u043a\u0438\u0441\u043b\u043e\u0442\u0430)<\/strong>: 300 \u043c\u0433 \u2013 \u041c\u043e\u0449\u043d\u044b\u0439 \u0430\u043d\u0442\u0438\u043e\u043a\u0441\u0438\u0434\u0430\u043d\u0442, \u043a\u043e\u0442\u043e\u0440\u044b\u0439 \u043f\u043e\u043c\u043e\u0433\u0430\u0435\u0442 \u0431\u043e\u0440\u043e\u0442\u044c\u0441\u044f \u0441\u043e \u0441\u0432\u043e\u0431\u043e\u0434\u043d\u044b\u043c\u0438 \u0440\u0430\u0434\u0438\u043a\u0430\u043b\u0430\u043c\u0438 \u0438 \u043f\u043e\u0434\u0434\u0435\u0440\u0436\u0438\u0432\u0430\u0435\u0442 \u0438\u043c\u043c\u0443\u043d\u043d\u0443\u044e \u0441\u0438\u0441\u0442\u0435\u043c\u0443.<\/p><\/li><li><p><strong>\u0412\u0438\u0442\u0430\u043c\u0438\u043d D (\u0445\u043e\u043b\u0435\u043a\u0430\u043b\u044c\u0446\u0438\u0444\u0435\u0440\u043e\u043b)<\/strong>: 40 \u043c\u043a\u0433 \u2013 \u0432\u0430\u0436\u0435\u043d \u0434\u043b\u044f \u0437\u0434\u043e\u0440\u043e\u0432\u044c\u044f \u043a\u043e\u0441\u0442\u0435\u0439 \u0438 \u0443\u0441\u0432\u043e\u0435\u043d\u0438\u044f \u043a\u0430\u043b\u044c\u0446\u0438\u044f.<\/p><\/li><li><p><strong>\u0412\u0438\u0442\u0430\u043c\u0438\u043d \u0415 (D-\u0430\u043b\u044c\u0444\u0430-\u0442\u043e\u043a\u043e\u0444\u0435\u0440\u0438\u043b\u0441\u0443\u043a\u0446\u0438\u043d\u0430\u0442)<\/strong>: 100 \u043c\u0433 \u2013 \u0417\u0430\u0449\u0438\u0449\u0430\u0435\u0442 \u043a\u043b\u0435\u0442\u043a\u0438 \u043e\u0442 \u043e\u043a\u0438\u0441\u043b\u0438\u0442\u0435\u043b\u044c\u043d\u043e\u0433\u043e \u0441\u0442\u0440\u0435\u0441\u0441\u0430.<\/p><\/li><li><p><strong>\u0412\u0438\u0442\u0430\u043c\u0438\u043d \u041a (\u0444\u0438\u0442\u043e\u043d\u0430\u0434\u0438\u043e\u043d)<\/strong>: 120 \u043c\u043a\u0433 \u2013 \u0432\u0430\u0436\u0435\u043d \u0434\u043b\u044f \u0441\u0432\u0435\u0440\u0442\u044b\u0432\u0430\u043d\u0438\u044f \u043a\u0440\u043e\u0432\u0438 \u0438 \u0437\u0434\u043e\u0440\u043e\u0432\u044c\u044f \u043a\u043e\u0441\u0442\u0435\u0439.<\/p><\/li><li><p><strong>\u0412\u0438\u0442\u0430\u043c\u0438\u043d\u044b \u0433\u0440\u0443\u043f\u043f\u044b B (B1, B2, B6, B12, \u043d\u0438\u0430\u0446\u0438\u043d\u0430\u043c\u0438\u0434, \u043f\u0430\u043d\u0442\u043e\u0442\u0435\u043d\u043e\u0432\u0430\u044f \u043a\u0438\u0441\u043b\u043e\u0442\u0430, \u0444\u043e\u043b\u0430\u0442)<\/strong>: \u041f\u043e\u043c\u043e\u0433\u0430\u0435\u0442 \u043f\u043e\u0434\u0434\u0435\u0440\u0436\u0438\u0432\u0430\u0442\u044c \u0443\u0440\u043e\u0432\u0435\u043d\u044c \u044d\u043d\u0435\u0440\u0433\u0438\u0438, \u043d\u0435\u0440\u0432\u043d\u0443\u044e \u0441\u0438\u0441\u0442\u0435\u043c\u0443 \u0438 \u0432\u044b\u0440\u0430\u0431\u043e\u0442\u043a\u0443 \u044d\u0440\u0438\u0442\u0440\u043e\u0446\u0438\u0442\u043e\u0432.<\/p><\/li><li><p><strong>\u041c\u0438\u043d\u0435\u0440\u0430\u043b\u044b<\/strong>:<\/p><ul><li><strong>\u041a\u0430\u043b\u044c\u0446\u0438\u0439 (\u043a\u0430\u0440\u0431\u043e\u043d\u0430\u0442 \u043a\u0430\u043b\u044c\u0446\u0438\u044f)<\/strong>: 150 \u043c\u0433 \u2013 \u041f\u043e\u0434\u0434\u0435\u0440\u0436\u0438\u0432\u0430\u0435\u0442 \u043a\u0440\u0435\u043f\u043a\u0438\u0435 \u043a\u043e\u0441\u0442\u0438 \u0438 \u0437\u0443\u0431\u044b.<\/li><li><strong>\u0416\u0435\u043b\u0435\u0437\u043e (\u0424\u0443\u043c\u0430\u0440\u0430\u0442 \u0436\u0435\u043b\u0435\u0437\u0430)<\/strong>: 18 \u043c\u0433 \u2013 \u041f\u043e\u043c\u043e\u0433\u0430\u0435\u0442 \u0431\u043e\u0440\u043e\u0442\u044c\u0441\u044f \u0441 \u0443\u0441\u0442\u0430\u043b\u043e\u0441\u0442\u044c\u044e.<\/li><li><strong>\u0426\u0438\u043d\u043a (\u043e\u043a\u0441\u0438\u0434 \u0446\u0438\u043d\u043a\u0430)<\/strong>: 15 \u043c\u0433 \u2013 \u041f\u043e\u0434\u0434\u0435\u0440\u0436\u0438\u0432\u0430\u0435\u0442 \u0437\u0434\u043e\u0440\u043e\u0432\u0443\u044e \u0438\u043c\u043c\u0443\u043d\u043d\u0443\u044e \u0441\u0438\u0441\u0442\u0435\u043c\u0443.<\/li><li><strong>\u041c\u0430\u0440\u0433\u0430\u043d\u0435\u0446, \u0421\u0435\u043b\u0435\u043d, \u041c\u0435\u0434\u044c<\/strong> \u0438 <strong>\u041c\u043e\u043b\u0438\u0431\u0434\u0435\u043d<\/strong> - \u041a\u0430\u0436\u0434\u044b\u0439 \u0438\u0437 \u043d\u0438\u0445 \u0438\u043c\u0435\u0435\u0442 \u0443\u043d\u0438\u043a\u0430\u043b\u044c\u043d\u044b\u0435 \u043f\u0440\u0435\u0438\u043c\u0443\u0449\u0435\u0441\u0442\u0432\u0430 \u0434\u043b\u044f \u0432\u0430\u0448\u0435\u0433\u043e \u0437\u0434\u043e\u0440\u043e\u0432\u044c\u044f.<\/li><\/ul><\/li><\/ul>\t\t\t\t\t\t\t\t<\/div>\n\t\t\t\t<\/div>\n\t\t\t\t\t<\/div>\n\t\t<\/div>\n\t\t\t\t<div class=\"elementor-column elementor-col-50 elementor-top-column elementor-element elementor-element-b79009e\" data-id=\"b79009e\" data-element_type=\"column\">\n\t\t\t<div class=\"elementor-widget-wrap elementor-element-populated\">\n\t\t\t\t\t\t<div class=\"elementor-element elementor-element-5a38e94 elementor-widget elementor-widget-image\" data-id=\"5a38e94\" data-element_type=\"widget\" data-widget_type=\"image.default\">\n\t\t\t\t<div class=\"elementor-widget-container\">\n\t\t\t\t\t\t\t\t\t\t\t\t\t\t\t<img loading=\"lazy\" decoding=\"async\" width=\"900\" height=\"720\" src=\"https:\/\/findvit.com\/wp-content\/uploads\/2025\/03\/Womens-active2-900x720.png\" class=\"attachment-large size-large wp-image-21452\" alt=\"\" srcset=\"https:\/\/findvit.com\/wp-content\/uploads\/2025\/03\/Womens-active2-900x720.png 900w, https:\/\/findvit.com\/wp-content\/uploads\/2025\/03\/Womens-active2-600x480.png 600w, https:\/\/findvit.com\/wp-content\/uploads\/2025\/03\/Womens-active2-768x614.png 768w, https:\/\/findvit.com\/wp-content\/uploads\/2025\/03\/Womens-active2-15x12.png 15w, https:\/\/findvit.com\/wp-content\/uploads\/2025\/03\/Womens-active2-1x1.png 1w, https:\/\/findvit.com\/wp-content\/uploads\/2025\/03\/Womens-active2-10x8.png 10w, https:\/\/findvit.com\/wp-content\/uploads\/2025\/03\/Womens-active2.png 1000w\" sizes=\"auto, (max-width: 900px) 100vw, 900px\">\t\t\t\t\t\t\t\t\t\t\t\t\t\t\t<\/div>\n\t\t\t\t<\/div>\n\t\t\t\t\t<\/div>\n\t\t<\/div>\n\t\t\t\t\t<\/div>\n\t\t<\/section>\n\t\t\t\t<\/div>","protected":false},"excerpt":{"rendered":"<p>R1 Women&#8217;s Multi vitaminai Active Lifestyle \u2013 specialist\u0173 suk\u016brtas pilnaverti\u0161kas kompleksas moteriai. Daug dirban\u010diai, sportuojan\u010diai ir aktyviai moteriai labai svarbu u\u017etikrinti j\u0105 balansuojan\u010di\u0173 maistini\u0173 med\u017eiag\u0173 poreik\u012f. Jame 25 svarbiausi vitaminai, mineralai, elektrolitai.\u00a0 40\u00a0 aktyvi\u0173 med\u017eiag\u0173, antioksidant\u0173, augalini\u0173 adaptogen\u0173, botanini\u0173 ekstrakt\u0173. <b>Viskas ko reikia Moters balansui ir aktyviam gyenimo b\u016bdui!<\/b><\/p>","protected":false},"featured_media":23330,"comment_status":"open","ping_status":"closed","template":"","meta":{"_acf_changed":false,"inline_featured_image":false},"etheme_brands":[{"term_id":647,"name":"Rule One","slug":"rule-one","term_group":0,"term_taxonomy_id":647,"taxonomy":"brand","description":"","parent":0,"count":3,"filter":"raw"}],"product_brand":[],"product_cat":[646,651,124],"product_tag":[659],"class_list":{"0":"post-21387","1":"product","2":"type-product","3":"status-publish","4":"has-post-thumbnail","6":"brand-rule-one","7":"product_cat-papildai-moterims","8":"product_cat-vitaminai-ir-papildai-ziemai","9":"product_cat-siamsezonui","10":"product_tag-istvermei-groziui-is-vidaus-moterims","12":"first","13":"instock","14":"sale","15":"featured","16":"taxable","17":"shipping-taxable","18":"purchasable","19":"product-type-simple"},"acf":[],"_links":{"self":[{"href":"https:\/\/findvit.com\/ru\/wp-json\/wp\/v2\/product\/21387","targetHints":{"allow":["GET"]}}],"collection":[{"href":"https:\/\/findvit.com\/ru\/wp-json\/wp\/v2\/product"}],"about":[{"href":"https:\/\/findvit.com\/ru\/wp-json\/wp\/v2\/types\/product"}],"replies":[{"embeddable":true,"href":"https:\/\/findvit.com\/ru\/wp-json\/wp\/v2\/comments?post=21387"}],"version-history":[{"count":21,"href":"https:\/\/findvit.com\/ru\/wp-json\/wp\/v2\/product\/21387\/revisions"}],"predecessor-version":[{"id":22465,"href":"https:\/\/findvit.com\/ru\/wp-json\/wp\/v2\/product\/21387\/revisions\/22465"}],"wp:featuredmedia":[{"embeddable":true,"href":"https:\/\/findvit.com\/ru\/wp-json\/wp\/v2\/media\/23330"}],"wp:attachment":[{"href":"https:\/\/findvit.com\/ru\/wp-json\/wp\/v2\/media?parent=21387"}],"wp:term":[{"taxonomy":"brand","embeddable":true,"href":"https:\/\/findvit.com\/ru\/wp-json\/wp\/v2\/etheme_brands?post=21387"},{"taxonomy":"product_brand","embeddable":true,"href":"https:\/\/findvit.com\/ru\/wp-json\/wp\/v2\/product_brand?post=21387"},{"taxonomy":"product_cat","embeddable":true,"href":"https:\/\/findvit.com\/ru\/wp-json\/wp\/v2\/product_cat?post=21387"},{"taxonomy":"product_tag","embeddable":true,"href":"https:\/\/findvit.com\/ru\/wp-json\/wp\/v2\/product_tag?post=21387"}],"curies":[{"name":"wp","href":"https:\/\/api.w.org\/{rel}","templated":true}]}}