{"id":21417,"date":"2025-03-18T12:07:27","date_gmt":"2025-03-18T10:07:27","guid":{"rendered":"https:\/\/findvit.com\/?post_type=product&#038;p=21417"},"modified":"2026-02-27T16:06:27","modified_gmt":"2026-02-27T14:06:27","slug":"mens-multi-vitaminai-vyrams-energijai-ir-potencijai-90-tableciu","status":"publish","type":"product","link":"https:\/\/findvit.com\/ru\/produktas\/mens-multi-vitaminai-vyrams-energijai-ir-potencijai-90-tableciu\/","title":{"rendered":"Men&#8217;s Multi vitaminai Vyrams- potencijai ir stipriems nervams, 90 table\u010di\u0173"},"content":{"rendered":"<div data-elementor-type=\"product-post\" data-elementor-id=\"21417\" class=\"elementor elementor-21417\" data-elementor-post-type=\"product\">\n\t\t\t\t\t\t<section class=\"elementor-section elementor-top-section elementor-element elementor-element-cf383a7 elementor-section-boxed elementor-section-height-default elementor-section-height-default\" data-id=\"cf383a7\" data-element_type=\"section\">\n\t\t\t\t\t\t<div class=\"elementor-container elementor-column-gap-default\">\n\t\t\t\t\t<div class=\"elementor-column elementor-col-100 elementor-top-column elementor-element elementor-element-01fee3c\" data-id=\"01fee3c\" data-element_type=\"column\">\n\t\t\t<div class=\"elementor-widget-wrap elementor-element-populated\">\n\t\t\t\t\t\t<div class=\"elementor-element elementor-element-31a961f elementor-absolute elementor-hidden-mobile elementor-invisible elementor-widget elementor-widget-image\" data-id=\"31a961f\" data-element_type=\"widget\" data-settings=\"{&quot;motion_fx_motion_fx_scrolling&quot;:&quot;yes&quot;,&quot;motion_fx_rotateZ_effect&quot;:&quot;yes&quot;,&quot;motion_fx_rotateZ_speed&quot;:{&quot;unit&quot;:&quot;px&quot;,&quot;size&quot;:5,&quot;sizes&quot;:[]},&quot;motion_fx_range&quot;:&quot;viewport&quot;,&quot;_animation&quot;:&quot;fadeIn&quot;,&quot;_position&quot;:&quot;absolute&quot;,&quot;motion_fx_rotateZ_affectedRange&quot;:{&quot;unit&quot;:&quot;%&quot;,&quot;size&quot;:&quot;&quot;,&quot;sizes&quot;:{&quot;start&quot;:0,&quot;end&quot;:100}},&quot;motion_fx_devices&quot;:[&quot;desktop&quot;,&quot;tablet&quot;,&quot;mobile&quot;]}\" data-widget_type=\"image.default\">\n\t\t\t\t<div class=\"elementor-widget-container\">\n\t\t\t\t\t\t\t\t\t\t\t\t\t\t\t<img loading=\"lazy\" decoding=\"async\" width=\"200\" height=\"200\" src=\"https:\/\/findvit.com\/wp-content\/uploads\/2021\/09\/ratukas.svg\" class=\"attachment-full size-full wp-image-1777\" alt=\"\u041a\u043e\u043b\u0435\u0441\u043e \u043e\u0442 \u0430\u043d\u043a\u0435\u0442\u044b \u043a \u0432\u0438\u0442\u0430\u043c\u0438\u043d\u0443\" \/>\t\t\t\t\t\t\t\t\t\t\t\t\t\t\t<\/div>\n\t\t\t\t<\/div>\n\t\t\t\t\t<\/div>\n\t\t<\/div>\n\t\t\t\t\t<\/div>\n\t\t<\/section>\n\t\t\t\t<section class=\"elementor-section elementor-top-section elementor-element elementor-element-4429778 elementor-section-boxed elementor-section-height-default elementor-section-height-default\" data-id=\"4429778\" data-element_type=\"section\">\n\t\t\t\t\t\t<div class=\"elementor-container elementor-column-gap-no\">\n\t\t\t\t\t<div class=\"elementor-column elementor-col-50 elementor-top-column elementor-element elementor-element-e6ad1e2\" data-id=\"e6ad1e2\" data-element_type=\"column\">\n\t\t\t<div class=\"elementor-widget-wrap elementor-element-populated\">\n\t\t\t\t\t\t<div class=\"elementor-element elementor-element-08402b5 elementor-widget elementor-widget-heading\" data-id=\"08402b5\" data-element_type=\"widget\" data-widget_type=\"heading.default\">\n\t\t\t\t<div class=\"elementor-widget-container\">\n\t\t\t\t\t<h2 class=\"elementor-heading-title elementor-size-default\">Men's multi active lifestyle -  vitaminai aktyviam gyvenimo b\u016bdui ir vyri\u0161kumui<\/h2>\t\t\t\t<\/div>\n\t\t\t\t<\/div>\n\t\t\t\t<div class=\"elementor-element elementor-element-4a02cf4 elementor-widget elementor-widget-text-editor\" data-id=\"4a02cf4\" data-element_type=\"widget\" data-widget_type=\"text-editor.default\">\n\t\t\t\t<div class=\"elementor-widget-container\">\n\t\t\t\t\t\t\t\t\t<p>Rule One Mens Multi Vitamins yra specialiai sukurti u\u017etikrinti vyro organizmo poreikius \u012fvairiose gyvenimo situacijose. \u0160i\u0173 vitamin\u0173 formul\u0117 apima gerai subalansuot\u0105 vitamin\u0173, mineral\u0173 ir augalini\u0173 ekstrakt\u0173 derin\u012f, kuris padeda palaikyti tiek fizin\u0119, tiek psichologin\u0119 sveikat\u0105.<\/p><p><strong>Kuo naudingi \u0161ie vitaminai vyrams:<\/strong><\/p><ol><li><strong>Energetinis palaikymas:<\/strong> B grup\u0117s vitaminai, tokie kaip B6, B12 ir niacinas padeda transformuoti maist\u0105 \u012f energij\u0105 ir suteikia papildomos i\u0161tverm\u0117s ir galios Padeda organizmui \u012fsisavinti maistines med\u017eiagas &#8211; taip u\u017etikrinant \u017evalum\u0105 ir suma\u017einant nuovargio poj\u016bt\u012f.<\/li><li><strong>Imuniteto stipriminui<\/strong>: Vitaminas C, vitaminas D ypa\u010d svarbu vyrams intensyviau sportuojant ar dirbant stresin\u0117se aplinkose.Padeda organizmui grei\u010diau atsistatyti po fizinio kr\u016bvio ir suteikia papildom\u0105 apsaug\u0105 per sezoninius per\u0161alimus.<\/li><li><strong>Raumims:<\/strong> Vitaminai E ir selenas atlieka svarb\u0173 vaidmen\u012f apsaugant l\u0105steles nuo oksidacijos. Ma\u017einant oksidacin\u012f stres\u0105, \u0161ie vitaminai padeda palaikyti raumen\u0173 sveikat\u0105 ir skatina raumen\u0173 atsistatym\u0105 po treniruo\u010di\u0173.<\/li><li><strong>Hormon\u0173 balansui<\/strong>: Vyrams svarbiausi mineralai \u2013 tai cinkas ir magnis, d\u0117l j\u0173 poveikio testosterono gamybai. Testosteronas yra svarbus ne tik vyri\u0161kumui, bet ir raumen\u0173 mas\u0117s augimui bei energijai.<\/li><\/ol><p><strong>Dienos rutinai:<\/strong><\/p><ul><li><strong>Ryte<\/strong>: \u00a0Prad\u0117kite dien\u0105 su Rule One Mens Multi Vitamins, kad u\u017etikrintum\u0117te energij\u0105 ir \u017evalum\u0105. Vitaminai B, C, ir mineralai, kaip cinkas, padeda organizmui &#8222;atsibusti&#8221; ir pasiruo\u0161ti dienos i\u0161\u0161\u016bkiams.<\/li><li><strong>Po piet\u0173<\/strong>: \u0160iuo metu j\u016bs\u0173 energijos lygiai gali ma\u017e\u0117ti. Vitaminai D ir C, kuriuos galima rasti \u0161iuose multivitaminuose, pad\u0117s pasir\u016bpinti imunitetu ir suma\u017einti nuovarg\u012f, leid\u017eiant jums i\u0161likti aktyviam ir susitelkusiam.<\/li><li><strong>Vakare<\/strong>: Hormono testosterono gamyba ir atsigavimas po dienos u\u017esi\u0117mim\u0173 yra svarb\u016bs. Mineralai kaip magnis palaiko kokybi\u0161k\u0105 mieg\u0105 ir harmoning\u0105 organizmo veikl\u0105, kas yra b\u016btina vyro sveikatai.<\/li><\/ul><p><strong>Vyr\u0173 Gyvenimo B\u016bdas<\/strong><\/p><p>Vyrams, siekiantiems geresni\u0173 rezultat\u0173 savo gyvenime, \u0161ie vitaminai &#8211; idealus sprendimas. \u00a0Tai padeda i\u0161laikyti puiki\u0105 fizin\u0119 b\u016bkl\u0119, stiprinti imunin\u0119 sistem\u0105 ir palaikyti vyri\u0161kum\u0105 kiekviename \u017eingsnyje.<\/p><p>\u00a0<\/p><p>\u00a0<\/p>\t\t\t\t\t\t\t\t<\/div>\n\t\t\t\t<\/div>\n\t\t\t\t\t<\/div>\n\t\t<\/div>\n\t\t\t\t<div class=\"elementor-column elementor-col-50 elementor-top-column elementor-element elementor-element-b79009e\" data-id=\"b79009e\" data-element_type=\"column\">\n\t\t\t<div class=\"elementor-widget-wrap elementor-element-populated\">\n\t\t\t\t\t\t<div class=\"elementor-element elementor-element-5a38e94 elementor-widget elementor-widget-image\" data-id=\"5a38e94\" data-element_type=\"widget\" data-widget_type=\"image.default\">\n\t\t\t\t<div class=\"elementor-widget-container\">\n\t\t\t\t\t\t\t\t\t\t\t\t\t\t\t<img loading=\"lazy\" decoding=\"async\" width=\"900\" height=\"741\" src=\"https:\/\/findvit.com\/wp-content\/uploads\/2025\/03\/Vyru-vitaminai-900x741.png\" class=\"attachment-large size-large wp-image-21424\" alt=\"\" srcset=\"https:\/\/findvit.com\/wp-content\/uploads\/2025\/03\/Vyru-vitaminai-900x741.png 900w, https:\/\/findvit.com\/wp-content\/uploads\/2025\/03\/Vyru-vitaminai-600x494.png 600w, https:\/\/findvit.com\/wp-content\/uploads\/2025\/03\/Vyru-vitaminai-768x632.png 768w, https:\/\/findvit.com\/wp-content\/uploads\/2025\/03\/Vyru-vitaminai-15x12.png 15w, https:\/\/findvit.com\/wp-content\/uploads\/2025\/03\/Vyru-vitaminai-1x1.png 1w, https:\/\/findvit.com\/wp-content\/uploads\/2025\/03\/Vyru-vitaminai-10x8.png 10w, https:\/\/findvit.com\/wp-content\/uploads\/2025\/03\/Vyru-vitaminai.png 972w\" sizes=\"auto, (max-width: 900px) 100vw, 900px\">\t\t\t\t\t\t\t\t\t\t\t\t\t\t\t<\/div>\n\t\t\t\t<\/div>\n\t\t\t\t\t<\/div>\n\t\t<\/div>\n\t\t\t\t\t<\/div>\n\t\t<\/section>\n\t\t\t\t<\/div>","protected":false},"excerpt":{"rendered":"<p>R1 Men&#8217;s Multi vitaminai Active Lifestyle &#8211; vitaminai sukurti vyrams, patenkinti vyri\u0161ko gyvenimo b\u016bdo poreikius. Daugiau nei 50 ingredient\u0173, 24 vitaminai ir mineralai, gerokai pranoksta \u012fprastus\u00a0 multivitaminus. Padeda u\u017etikrnti reikaling\u0105 energijos ir gyvybingumo lyg\u012f bei vyri\u0161kum\u0105.<\/p>","protected":false},"featured_media":22958,"comment_status":"open","ping_status":"closed","template":"","meta":{"_acf_changed":false,"inline_featured_image":false},"etheme_brands":[{"term_id":647,"name":"Rule One","slug":"rule-one","term_group":0,"term_taxonomy_id":647,"taxonomy":"brand","description":"","parent":0,"count":3,"filter":"raw"}],"product_brand":[],"product_cat":[645,63,124],"product_tag":[125,91,120],"class_list":{"0":"post-21417","1":"product","2":"type-product","3":"status-publish","4":"has-post-thumbnail","6":"brand-rule-one","7":"product_cat-geriausi-papildai-vyrams","8":"product_cat-mineralai","9":"product_cat-siamsezonui","10":"product_tag-energijai","11":"product_tag-imunitetui","12":"product_tag-organizmo-stiprinimui","14":"first","15":"instock","16":"sale","17":"taxable","18":"shipping-taxable","19":"purchasable","20":"product-type-simple"},"acf":[],"_links":{"self":[{"href":"https:\/\/findvit.com\/ru\/wp-json\/wp\/v2\/product\/21417","targetHints":{"allow":["GET"]}}],"collection":[{"href":"https:\/\/findvit.com\/ru\/wp-json\/wp\/v2\/product"}],"about":[{"href":"https:\/\/findvit.com\/ru\/wp-json\/wp\/v2\/types\/product"}],"replies":[{"embeddable":true,"href":"https:\/\/findvit.com\/ru\/wp-json\/wp\/v2\/comments?post=21417"}],"version-history":[{"count":8,"href":"https:\/\/findvit.com\/ru\/wp-json\/wp\/v2\/product\/21417\/revisions"}],"predecessor-version":[{"id":22464,"href":"https:\/\/findvit.com\/ru\/wp-json\/wp\/v2\/product\/21417\/revisions\/22464"}],"wp:featuredmedia":[{"embeddable":true,"href":"https:\/\/findvit.com\/ru\/wp-json\/wp\/v2\/media\/22958"}],"wp:attachment":[{"href":"https:\/\/findvit.com\/ru\/wp-json\/wp\/v2\/media?parent=21417"}],"wp:term":[{"taxonomy":"brand","embeddable":true,"href":"https:\/\/findvit.com\/ru\/wp-json\/wp\/v2\/etheme_brands?post=21417"},{"taxonomy":"product_brand","embeddable":true,"href":"https:\/\/findvit.com\/ru\/wp-json\/wp\/v2\/product_brand?post=21417"},{"taxonomy":"product_cat","embeddable":true,"href":"https:\/\/findvit.com\/ru\/wp-json\/wp\/v2\/product_cat?post=21417"},{"taxonomy":"product_tag","embeddable":true,"href":"https:\/\/findvit.com\/ru\/wp-json\/wp\/v2\/product_tag?post=21417"}],"curies":[{"name":"wp","href":"https:\/\/api.w.org\/{rel}","templated":true}]}}