{"id":22505,"date":"2025-09-12T16:44:18","date_gmt":"2025-09-12T13:44:18","guid":{"rendered":"https:\/\/findvit.com\/?post_type=product&#038;p=22505"},"modified":"2026-02-27T16:04:39","modified_gmt":"2026-02-27T14:04:39","slug":"relax-calm-papildai-nervu-sistemai","status":"publish","type":"product","link":"https:\/\/findvit.com\/ru\/produktas\/relax-calm-papildai-nervu-sistemai\/","title":{"rendered":"Relax &#038; Calm &#8211; papildai nerv\u0173 sistemai su a\u0161waganda, 60 kapsuli\u0173"},"content":{"rendered":"<div data-elementor-type=\"product-post\" data-elementor-id=\"22505\" class=\"elementor elementor-22505\" data-elementor-post-type=\"product\">\n\t\t\t\t\t\t<section class=\"elementor-section elementor-top-section elementor-element elementor-element-4429778 elementor-section-boxed elementor-section-height-default elementor-section-height-default\" data-id=\"4429778\" data-element_type=\"section\" data-e-type=\"section\">\n\t\t\t\t\t\t<div class=\"elementor-container elementor-column-gap-no\">\n\t\t\t\t\t<div class=\"elementor-column elementor-col-50 elementor-top-column elementor-element elementor-element-e6ad1e2\" data-id=\"e6ad1e2\" data-element_type=\"column\" data-e-type=\"column\">\n\t\t\t<div class=\"elementor-widget-wrap elementor-element-populated\">\n\t\t\t\t\t\t<div class=\"elementor-element elementor-element-4a02cf4 elementor-widget elementor-widget-text-editor\" data-id=\"4a02cf4\" data-element_type=\"widget\" data-e-type=\"widget\" data-widget_type=\"text-editor.default\">\n\t\t\t\t<div class=\"elementor-widget-container\">\n\t\t\t\t\t\t\t\t\t<h2 data-start=\"194\" data-end=\"219\">Menopause Complex<\/h2><p data-start=\"220\" data-end=\"517\">Menopauz\u0117 \u2013 nat\u016bralus\u00a0 etapas moters gyvenime, kuris gali vykti skland\u017eiai ir ramiai ar atne\u0161ti ir i\u0161\u0161\u016bki\u0173: energijos tr\u016bkum\u0105, miego sutrikimus, nuotaik\u0173 kait\u0105 ar kar\u0161\u010dio bangas. <strong data-start=\"371\" data-end=\"392\">Menopause Complex<\/strong> sukurtas pad\u0117ti moteriai \u0161iuo laikotarpiu jaustis ramesniai ir stipresnei, labiau subalansuotai ir i\u0161laikyti vidin\u0119 harmonij\u0105.<\/p><p data-start=\"519\" data-end=\"705\">Tai unikalus kompleksas su moters organizmui reikalingais vitaminais, mineralais ir augal\u0173 ekstraktias.\u00a0 Veikdami kartu stiprina moters nerv\u0173 sistem\u0105, hormon\u0173 pusiausvyr\u0105 ir imunitet\u0105. Atsiranda daugiau ramyb\u0117s, padid\u0117ja darbingumas, ger\u0117ja bendra savijauta ir nuotaika.<\/p><h4><strong>\u0420\u0430\u043d\u043d\u0435\u0435 \u0443\u0442\u0440\u043e<\/strong><\/h4><p>Ryt\u0105 j\u016bs\u0173 k\u016bnas reikalauja maisting\u0173j\u0173 med\u017eiag\u0173, kad prad\u0117tum\u0117te dien\u0105 energingai. B grup\u0117s vitaminai ir gele\u017eis, gele\u017eis\u00a0 didina darbingum\u0105 ir suteikia energijos.\u00a0<\/p><h4><strong>\u041f\u043e\u043b\u0443\u0434\u0435\u043d\u043d\u0430\u044f \u044d\u043d\u0435\u0440\u0433\u0438\u044f<\/strong><\/h4><p>Vidurdien\u012f da\u017enai pradedame jausti nuovarg\u012f, ta\u010diau \u0161ie vitaminai padeda i\u0161laikyti auk\u0161t\u0105 energijos lyg\u012f vis\u0105 dien\u0105. Vitaminas Dir cinkas stiprina imunin\u0119 sistem\u0105, o vitaminai B6 ir niacinas u\u017etikrina nuolatin\u012f energijos tiekim\u0105.<\/p><h4><strong>\u0412\u0435\u0447\u0435\u0440\u043d\u0435\u0435 \u0441\u043f\u043e\u043a\u043e\u0439\u0441\u0442\u0432\u0438\u0435<\/strong><\/h4><p>Vakarui at\u0117jus, j\u016bs\u0173 k\u016bnui reikia atsipalaiduoti\u00a0 ir pasiruo\u0161ti nakties poilsiui. Magnis ir\u00a0 aswaganda pad\u0117s grei\u010diau u\u017emigti.<\/p>\t\t\t\t\t\t\t\t<\/div>\n\t\t\t\t<\/div>\n\t\t\t\t\t<\/div>\n\t\t<\/div>\n\t\t\t\t<div class=\"elementor-column elementor-col-50 elementor-top-column elementor-element elementor-element-b79009e\" data-id=\"b79009e\" data-element_type=\"column\" data-e-type=\"column\">\n\t\t\t<div class=\"elementor-widget-wrap elementor-element-populated\">\n\t\t\t\t\t\t<div class=\"elementor-element elementor-element-5a38e94 elementor-widget elementor-widget-image\" data-id=\"5a38e94\" data-element_type=\"widget\" data-e-type=\"widget\" data-widget_type=\"image.default\">\n\t\t\t\t<div class=\"elementor-widget-container\">\n\t\t\t\t\t\t\t\t\t\t\t\t\t\t\t<img loading=\"lazy\" decoding=\"async\" width=\"900\" height=\"720\" src=\"https:\/\/findvit.com\/wp-content\/uploads\/2025\/03\/Womens-active2-900x720.png\" class=\"attachment-large size-large wp-image-21452\" alt=\"\" srcset=\"https:\/\/findvit.com\/wp-content\/uploads\/2025\/03\/Womens-active2-900x720.png 900w, https:\/\/findvit.com\/wp-content\/uploads\/2025\/03\/Womens-active2-600x480.png 600w, https:\/\/findvit.com\/wp-content\/uploads\/2025\/03\/Womens-active2-768x614.png 768w, https:\/\/findvit.com\/wp-content\/uploads\/2025\/03\/Womens-active2-15x12.png 15w, https:\/\/findvit.com\/wp-content\/uploads\/2025\/03\/Womens-active2-1x1.png 1w, https:\/\/findvit.com\/wp-content\/uploads\/2025\/03\/Womens-active2-10x8.png 10w, https:\/\/findvit.com\/wp-content\/uploads\/2025\/03\/Womens-active2.png 1000w\" sizes=\"auto, (max-width: 900px) 100vw, 900px\">\t\t\t\t\t\t\t\t\t\t\t\t\t\t\t<\/div>\n\t\t\t\t<\/div>\n\t\t\t\t\t<\/div>\n\t\t<\/div>\n\t\t\t\t\t<\/div>\n\t\t<\/section>\n\t\t\t\t<\/div>","protected":false},"excerpt":{"rendered":"<p>Relax &amp; Calm- papildai moter\u0173 ir vyr\u0173 nerv\u0173 sistemos stiprinimui. Moksli\u0161kai subalansuotos vitamin\u0173 ir mineral\u0173 doz\u0117s kartu su adaptogenais ir funkciniais grybais. Ma\u017eina nerim\u0105, ramina streso metu, ma\u017eina mieguitumo poj\u016bt\u012f.<\/p>\n<p><strong>Pagrindin\u0117s naudos organizmui:<\/strong><\/p>\n<ul>\n<li><strong>\u0421\u043d\u0438\u0436\u0435\u043d\u0438\u0435 \u0441\u0442\u0440\u0435\u0441\u0441\u0430:<\/strong> Padeda su\u0161velninti \u012ftamp\u0105 ir nerim\u0105 intensyvaus gyvenimo ritmo metu.<\/li>\n<li><strong>Geresn\u0117 nuotaika:<\/strong> Sud\u0117tyje esan\u010dios med\u017eiagos skatina \u201elaim\u0117s hormon\u0173\u201c gamyb\u0105, palaikydamos pozityv\u0173 nusiteikim\u0105.<\/li>\n<li><strong>Kognityvin\u0117 sveikata:<\/strong> Palaiko protin\u012f ai\u0161kum\u0105, neleisdamas stresui drumsti d\u0117mesio koncentracijos.<\/li>\n<li><strong>Greitas \u012fsisavinimas:<\/strong> Augalin\u0117s kapsul\u0117s sukurtos taip, kad organizmas veikli\u0105sias med\u017eiagas pasisavint\u0173 efektyviai ir greitai.<\/li>\n<\/ul>","protected":false},"featured_media":23278,"comment_status":"open","ping_status":"closed","template":"","meta":{"_acf_changed":false,"inline_featured_image":false},"etheme_brands":[{"term_id":644,"name":"Applied Nutrition","slug":"applied-nutrition","term_group":0,"term_taxonomy_id":644,"taxonomy":"brand","description":"","parent":0,"count":3,"filter":"raw"}],"product_brand":[],"product_cat":[648,646,645,15],"product_tag":[661,662],"class_list":{"0":"post-22505","1":"product","2":"type-product","3":"status-publish","4":"has-post-thumbnail","6":"brand-applied-nutrition","7":"product_cat-naujienos","8":"product_cat-papildai-moterims","9":"product_cat-geriausi-papildai-vyrams","10":"product_cat-produktai","11":"product_tag-hormonams","12":"product_tag-nervams-ir-miegui","14":"first","15":"instock","16":"sale","17":"taxable","18":"shipping-taxable","19":"purchasable","20":"product-type-simple"},"acf":[],"_links":{"self":[{"href":"https:\/\/findvit.com\/ru\/wp-json\/wp\/v2\/product\/22505","targetHints":{"allow":["GET"]}}],"collection":[{"href":"https:\/\/findvit.com\/ru\/wp-json\/wp\/v2\/product"}],"about":[{"href":"https:\/\/findvit.com\/ru\/wp-json\/wp\/v2\/types\/product"}],"replies":[{"embeddable":true,"href":"https:\/\/findvit.com\/ru\/wp-json\/wp\/v2\/comments?post=22505"}],"version-history":[{"count":22,"href":"https:\/\/findvit.com\/ru\/wp-json\/wp\/v2\/product\/22505\/revisions"}],"predecessor-version":[{"id":23253,"href":"https:\/\/findvit.com\/ru\/wp-json\/wp\/v2\/product\/22505\/revisions\/23253"}],"wp:featuredmedia":[{"embeddable":true,"href":"https:\/\/findvit.com\/ru\/wp-json\/wp\/v2\/media\/23278"}],"wp:attachment":[{"href":"https:\/\/findvit.com\/ru\/wp-json\/wp\/v2\/media?parent=22505"}],"wp:term":[{"taxonomy":"brand","embeddable":true,"href":"https:\/\/findvit.com\/ru\/wp-json\/wp\/v2\/etheme_brands?post=22505"},{"taxonomy":"product_brand","embeddable":true,"href":"https:\/\/findvit.com\/ru\/wp-json\/wp\/v2\/product_brand?post=22505"},{"taxonomy":"product_cat","embeddable":true,"href":"https:\/\/findvit.com\/ru\/wp-json\/wp\/v2\/product_cat?post=22505"},{"taxonomy":"product_tag","embeddable":true,"href":"https:\/\/findvit.com\/ru\/wp-json\/wp\/v2\/product_tag?post=22505"}],"curies":[{"name":"wp","href":"https:\/\/api.w.org\/{rel}","templated":true}]}}