{"id":2361,"date":"2021-10-08T21:01:24","date_gmt":"2021-10-08T18:01:24","guid":{"rendered":"https:\/\/findvit.com\/?post_type=product&#038;p=2361"},"modified":"2026-04-27T15:39:27","modified_gmt":"2026-04-27T12:39:27","slug":"garden-of-life-vitamin-code-raw-vitamin-c-vitaminas-c-kompleksas120-veganisku-kapsuliu","status":"publish","type":"product","link":"https:\/\/findvit.com\/ru\/produktas\/garden-of-life-vitamin-code-raw-vitamin-c-vitaminas-c-kompleksas120-veganisku-kapsuliu\/","title":{"rendered":"Garden of Life \u041a\u043e\u0434 \u0432\u0438\u0442\u0430\u043c\u0438\u043d\u0430 \u0421\u042b\u0420\u041e\u0419 \u0412\u0418\u0422\u0410\u041c\u0418\u041d \u0421 \u2013 \u0432\u0438\u0442\u0430\u043c\u0438\u043d \u0421, \u0441\u043e\u0434\u0435\u0440\u0436\u0430\u0449\u0438\u0439 \u0430\u043d\u0442\u0438\u043e\u043a\u0441\u0438\u0434\u0430\u043d\u0442\u044b, \u043f\u0440\u043e\u0431\u0438\u043e\u0442\u0438\u043a\u0438 \u0438 \u0444\u0435\u0440\u043c\u0435\u043d\u0442\u044b. \u0411\u0438\u043e\u0430\u043a\u0442\u0438\u0432\u043d\u044b\u0439 \u043a\u043e\u043c\u043f\u043b\u0435\u043a\u0441, 120 \u0440\u0430\u0441\u0442\u0438\u0442\u0435\u043b\u044c\u043d\u044b\u0445 \u043a\u0430\u043f\u0441\u0443\u043b"},"content":{"rendered":"\t\t<div data-elementor-type=\"product-post\" data-elementor-id=\"2361\" class=\"elementor elementor-2361\" data-elementor-post-type=\"product\">\n\t\t\t\t\t\t<section class=\"elementor-section elementor-top-section elementor-element elementor-element-befc80d elementor-section-boxed elementor-section-height-default elementor-section-height-default\" data-id=\"befc80d\" data-element_type=\"section\" data-e-type=\"section\">\n\t\t\t\t\t\t<div class=\"elementor-container elementor-column-gap-default\">\n\t\t\t\t\t<div class=\"elementor-column elementor-col-100 elementor-top-column elementor-element elementor-element-11194a8\" data-id=\"11194a8\" data-element_type=\"column\" data-e-type=\"column\">\n\t\t\t<div class=\"elementor-widget-wrap elementor-element-populated\">\n\t\t\t\t\t\t<div class=\"elementor-element elementor-element-0d003b4 elementor-absolute elementor-hidden-mobile elementor-invisible elementor-widget elementor-widget-image\" data-id=\"0d003b4\" data-element_type=\"widget\" data-e-type=\"widget\" data-settings=\"{&quot;motion_fx_motion_fx_scrolling&quot;:&quot;yes&quot;,&quot;motion_fx_rotateZ_effect&quot;:&quot;yes&quot;,&quot;motion_fx_rotateZ_speed&quot;:{&quot;unit&quot;:&quot;px&quot;,&quot;size&quot;:5,&quot;sizes&quot;:[]},&quot;motion_fx_range&quot;:&quot;viewport&quot;,&quot;_animation&quot;:&quot;fadeIn&quot;,&quot;_position&quot;:&quot;absolute&quot;,&quot;motion_fx_rotateZ_affectedRange&quot;:{&quot;unit&quot;:&quot;%&quot;,&quot;size&quot;:&quot;&quot;,&quot;sizes&quot;:{&quot;start&quot;:0,&quot;end&quot;:100}},&quot;motion_fx_devices&quot;:[&quot;desktop&quot;,&quot;tablet&quot;,&quot;mobile&quot;]}\" data-widget_type=\"image.default\">\n\t\t\t\t<div class=\"elementor-widget-container\">\n\t\t\t\t\t\t\t\t\t\t\t\t\t\t\t<img loading=\"lazy\" loading=\"lazy\" decoding=\"async\" width=\"200\" height=\"200\" src=\"https:\/\/findvit.com\/wp-content\/uploads\/2021\/09\/ratukas.svg\" class=\"attachment-full size-full wp-image-1777\" alt=\"Ratukas nuo klausimyno iki vitamino\" \/>\t\t\t\t\t\t\t\t\t\t\t\t\t\t\t<\/div>\n\t\t\t\t<\/div>\n\t\t\t\t\t<\/div>\n\t\t<\/div>\n\t\t\t\t\t<\/div>\n\t\t<\/section>\n\t\t\t\t<section class=\"elementor-section elementor-top-section elementor-element elementor-element-f4a9431 elementor-section-boxed elementor-section-height-default elementor-section-height-default\" data-id=\"f4a9431\" data-element_type=\"section\" data-e-type=\"section\">\n\t\t\t\t\t\t<div class=\"elementor-container elementor-column-gap-no\">\n\t\t\t\t\t<div class=\"elementor-column elementor-col-50 elementor-top-column elementor-element elementor-element-eeb7dec\" data-id=\"eeb7dec\" data-element_type=\"column\" data-e-type=\"column\">\n\t\t\t<div class=\"elementor-widget-wrap elementor-element-populated\">\n\t\t\t\t\t\t<div class=\"elementor-element elementor-element-ad26916 elementor-widget elementor-widget-heading\" data-id=\"ad26916\" data-element_type=\"widget\" data-e-type=\"widget\" data-widget_type=\"heading.default\">\n\t\t\t\t<div class=\"elementor-widget-container\">\n\t\t\t\t\t<h2 class=\"elementor-heading-title elementor-size-medium\">Vitamin Code RAW Vitamin C - Nat\u016bralus, Vitaminas C<\/h2>\t\t\t\t<\/div>\n\t\t\t\t<\/div>\n\t\t\t\t<div class=\"elementor-element elementor-element-7587da6 elementor-widget elementor-widget-text-editor\" data-id=\"7587da6\" data-element_type=\"widget\" data-e-type=\"widget\" data-widget_type=\"text-editor.default\">\n\t\t\t\t<div class=\"elementor-widget-container\">\n\t\t\t\t\t\t\t\t\t<p>Vitamin Code RAW Vitamin C yra ne tik vitaminas C, bet ir <strong>visas kompleksas kit\u0173 maistini\u0173 med\u017eiag\u0173<\/strong>, kurios padeda sustiprinti vitamino C veikim\u0105 ir palaikyti J\u016bs\u0173 poreikius.<\/p><p>\u0160is vitaminas C yra <strong>gautas i\u0161 23 ekologi\u0161k\u0173 vaisi\u0173 ir dar\u017eovi\u0173<\/strong>, toki\u0173 kaip acerola vy\u0161nios, greipfrutai, citrinos, papajos, brokoliai, \u0161pinatai ir kt., kurie suteikia nat\u016brali\u0105 vitamino C form\u0105.<\/p><p><span style=\"font-weight: 400;\">\u0160iame komplekse yra net\u00a0 <strong>500 mg <\/strong>visaver\u010dio vitamino C.<\/span><\/p><h3><strong>DAR DAUGIAU<\/strong><\/h3><p>Be to, \u0161is vitaminas C yra <strong>praturtintas bioflavonoidais<\/strong> &#8211; augalini\u0173 pigment\u0173 grup\u0117s med\u017eiagomis, kurios padeda vitaminui C.<\/p><p>Bioflavonoid\u0173 nauda yra pla\u010diai aptariama ir vertinama sveikatos specialist\u0173.<\/p><h3><strong>GAUSIAI PAPILDYTAS<\/strong><\/h3><p>Vitamin Code RAW Vitamin C taip pat yra sudarytas i\u0161 <strong>probiotik\u0173 ir ferment\u0173<\/strong>, kurie yra b\u016btini normaliam vir\u0161kinimo ir imunin\u0117s sistemos veikimui.<\/p><p>Probiotikai yra naudingos bakterijos, kurios gyvena \u017earnyne ir atlieka savo svarb\u0173 vaidmen\u012f organizme.\u00a0<\/p><p>Fermentai yra baltymai, kurie katalizuoja biochemines reakcijas organizme ir padeda skaidyti angliavandenius, riebalus ir baltymus \u012f paprastesnes molekules, kurios gali b\u016bti naudojamos kaip energijos \u0161altinis arba statybin\u0117 med\u017eiaga l\u0105stel\u0117ms.<\/p><h3><strong>NAT\u016aRALU<\/strong><\/h3><p><span style=\"font-weight: 400;\"><strong>\u00a0<\/strong><\/span><span style=\"font-weight: 400;\">VITAMIN CODE maisto papildai gaminami i\u0161\u00a0 individualiai u\u017eaugint\u0173 <strong>visaver\u010di\u0173 vaisi\u0173 ir dar\u017eovi\u0173, pasitelkiant ger\u0173j\u0173 bakterij\u0173\u00a0<\/strong><\/span><strong>kultivavim\u0105.\u00a0<\/strong><\/p><p><span style=\"font-weight: 400;\">Tai nat\u016bral\u016bs maisto papildai,\u00a0 gaminami \u017eemesn\u0117je nei 46\u00ba C temperat\u016broje. Savo sud\u0117tyje turi <strong>nat\u016brali\u0173 kofaktori\u0173, gyv\u0173 probiotik\u0173 ir ferment\u0173<\/strong> \u2013 visai kaip nat\u016bralus ir neapdorotas maistas! <\/span><\/p><p><span style=\"font-weight: 400;\">Jame <strong>n\u0117ra sintetini\u0173 ri\u0161am\u0173j\u0173 med\u017eiag\u0173 ar u\u017epild\u0173, <\/strong>kaip ir dirbtini\u0173 kvapi\u0173j\u0173 med\u017eiag\u0173, saldikli\u0173, da\u017eikli\u0173 ar pried\u0173.<\/span><\/p><h3><strong>PATOGU VARTOTI<\/strong><\/h3><p>Pateikiami, kaip nat\u016bral\u016bs milteliai kapsul\u0117se, kurias galima atidaryti i\u0161berti. <strong>Tamsaus stiklo pakuot\u0117je.<\/strong> <strong>U\u017etenka nuo 60-120 dien\u0173. <\/strong><span style=\"font-weight: 400;\">Tinka vegetarams ir veganams.<br \/><\/span><\/p><h3><strong>\u012eVERTINTA NAUDA<\/strong><\/h3><p>Vitaminas C svarb\u016bs ir padeda palaikyti normaliai \u0161i\u0173 sistem\u0173 b\u016bklei ir funkcijai:<\/p><ul><li>normaliam <strong>kolageno formavimui<\/strong><\/li><li>normaliai <strong>kraujagysli\u0173 funkcijai<\/strong><\/li><li><strong>Imunin\u0117s sistemos<\/strong> veiklai palaikyti<\/li><li>energini\u0173 med\u017eiag\u0173<br \/><strong>apykaitai<\/strong><\/li><li><strong>psichologinei b\u016bklei<\/strong> <br \/>palaikyti<\/li><li>imunin\u0117s sistemos veiklai<\/li><li><strong>padeda apsaugoti l\u0105steles<\/strong> nuo oksidacin\u0117s <br \/>pa\u017eaido<\/li><li><strong>padeda<\/strong> ma\u017einti <br \/>pavargimo jausm\u0105 ir <br \/>nuovargio<\/li><li><strong>gerina<\/strong> gele\u017eies <br \/>absorbcij\u0105<\/li><\/ul><div>Jei nesi tikra\/s kurie dar\u00a0 vitaminai ar kiti papildai\u00a0<strong>tinkamiausi \u0161iuo metu<\/strong>, atlik test\u0105\u00a0<a style=\"background-color: #ffffff; color: #25bf4e;\" href=\"https:\/\/findvit.com\/testas\/\"><strong>\u201cTavo diena\u201d<\/strong><\/a>\u00a0ir su\u017einok\u00a0\u00a0<strong>asmenin\u0119<\/strong>\u00a0rekomendacij\u0105!<b><br \/><\/b><\/div>\t\t\t\t\t\t\t\t<\/div>\n\t\t\t\t<\/div>\n\t\t\t\t\t<\/div>\n\t\t<\/div>\n\t\t\t\t<div class=\"elementor-column elementor-col-50 elementor-top-column elementor-element elementor-element-fbc17a4\" data-id=\"fbc17a4\" data-element_type=\"column\" data-e-type=\"column\">\n\t\t\t<div class=\"elementor-widget-wrap elementor-element-populated\">\n\t\t\t\t\t\t<div class=\"elementor-element elementor-element-c9cdac8 elementor-widget elementor-widget-image\" data-id=\"c9cdac8\" data-element_type=\"widget\" data-e-type=\"widget\" data-widget_type=\"image.default\">\n\t\t\t\t<div class=\"elementor-widget-container\">\n\t\t\t\t\t\t\t\t\t\t\t\t\t\t\t<img loading=\"lazy\" loading=\"lazy\" decoding=\"async\" width=\"900\" height=\"900\" src=\"https:\/\/findvit.com\/wp-content\/uploads\/2021\/10\/Ko-13-900x900.jpg\" class=\"attachment-large size-large wp-image-2498\" alt=\"Fermentai Moteriai. Moteris atlieka jogos pratimus\" srcset=\"https:\/\/findvit.com\/wp-content\/uploads\/2021\/10\/Ko-13-900x900.jpg 900w, https:\/\/findvit.com\/wp-content\/uploads\/2021\/10\/Ko-13-600x600.jpg 600w, https:\/\/findvit.com\/wp-content\/uploads\/2021\/10\/Ko-13-150x150.jpg 150w, https:\/\/findvit.com\/wp-content\/uploads\/2021\/10\/Ko-13-768x768.jpg 768w, https:\/\/findvit.com\/wp-content\/uploads\/2021\/10\/Ko-13-1x1.jpg 1w, https:\/\/findvit.com\/wp-content\/uploads\/2021\/10\/Ko-13-10x10.jpg 10w, https:\/\/findvit.com\/wp-content\/uploads\/2021\/10\/Ko-13-100x100.jpg 100w, https:\/\/findvit.com\/wp-content\/uploads\/2021\/10\/Ko-13.jpg 1000w\" sizes=\"auto, (max-width: 900px) 100vw, 900px\" \/>\t\t\t\t\t\t\t\t\t\t\t\t\t\t\t<\/div>\n\t\t\t\t<\/div>\n\t\t\t\t\t<\/div>\n\t\t<\/div>\n\t\t\t\t\t<\/div>\n\t\t<\/section>\n\t\t\t\t<\/div>\n\t\t","protected":false},"excerpt":{"rendered":"<p>\u0412\u0438\u0442\u0430\u043c\u0438\u043d \u0421 \u2013 \u0435\u0441\u043b\u0438 \u0432\u044b \u0435\u0433\u043e \u0438\u0449\u0435\u0442\u0435 <strong>\u043d\u0430\u0442\u0443\u0440\u0430\u043b\u044c\u043d\u043e\u0433\u043e \u0438 \u043d\u0430\u0441\u0442\u043e\u044f\u0449\u0435\u0433\u043e \u0432\u0438\u0442\u0430\u043c\u0438\u043d\u0430 \u0421<\/strong> \u0414\u043e\u0441\u0442\u0443\u043f\u0435\u043d \u0438\u0441\u0442\u043e\u0447\u043d\u0438\u043a, \u0441\u043e\u043e\u0442\u0432\u0435\u0442\u0441\u0442\u0432\u0443\u044e\u0449\u0438\u0439 \u0432\u0430\u0448\u0438\u043c \u043f\u043e\u0442\u0440\u0435\u0431\u043d\u043e\u0441\u0442\u044f\u043c. \u041a\u043e\u0434 \u0432\u0438\u0442\u0430\u043c\u0438\u043d\u0430 RAW. \u0412\u0438\u0442\u0430\u043c\u0438\u043d \u0421 \u0434\u043e\u0441\u0442\u0443\u043f\u0435\u043d.<strong> \u043e\u0442\u043b\u0438\u0447\u043d\u044b\u0439 \u0432\u044b\u0431\u043e\u0440.<\/strong> \u042d\u0442\u043e\u0442 \u0432\u0438\u0442\u0430\u043c\u0438\u043d \u0421 \u043f\u043e\u043b\u0443\u0447\u0430\u044e\u0442 \u0438\u0437 \u043e\u0440\u0433\u0430\u043d\u0438\u0447\u0435\u0441\u043a\u0438\u0445 \u0444\u0440\u0443\u043a\u0442\u043e\u0432 \u0438 \u043e\u0432\u043e\u0449\u0435\u0439, \u043a\u043e\u0442\u043e\u0440\u044b\u0435 \u044f\u0432\u043b\u044f\u044e\u0442\u0441\u044f \u0441\u044b\u0440\u044b\u043c\u0438 \u0438 \u043d\u0435 \u0441\u043e\u0434\u0435\u0440\u0436\u0430\u0442 \u0438\u0441\u043a\u0443\u0441\u0441\u0442\u0432\u0435\u043d\u043d\u044b\u0445 \u0434\u043e\u0431\u0430\u0432\u043e\u043a \u0438 \u043a\u043e\u043d\u0441\u0435\u0440\u0432\u0430\u043d\u0442\u043e\u0432. \u041e\u0440\u0433\u0430\u043d\u0438\u0437\u043c \u0441\u043a\u0430\u0436\u0435\u0442 \u0432\u0430\u043c \u0441\u043f\u0430\u0441\u0438\u0431\u043e, \u043f\u043e\u0442\u043e\u043c\u0443 \u0447\u0442\u043e \u0434\u043e\u0431\u0430\u0432\u043a\u0430 \u0441\u043e\u0441\u0442\u043e\u0438\u0442 \u0438\u0437 \u0436\u0438\u0432\u044b\u0445 \u043f\u0440\u043e\u0431\u0438\u043e\u0442\u0438\u043a\u043e\u0432 \u0438 \u0444\u0435\u0440\u043c\u0435\u043d\u0442\u043e\u0432, \u043a\u043e\u0442\u043e\u0440\u044b\u0435 \u0432\u044b\u0441\u043e\u043a\u043e \u0446\u0435\u043d\u044f\u0442\u0441\u044f. \u0412\u0438\u0442\u0430\u043c\u0438\u043d\u043d\u044b\u0439 \u043a\u043e\u0434 RAW \u0412\u0438\u0442\u0430\u043c\u0438\u043d C \u0442\u0430\u043a\u0436\u0435 \u0434\u043e\u0441\u0442\u0443\u043f\u0435\u043d. <strong>\u0431\u043e\u0433\u0430\u0442 \u0430\u043d\u0442\u0438\u043e\u043a\u0441\u0438\u0434\u0430\u043d\u0442\u0430\u043c\u0438<\/strong>, \u043a\u043e\u0442\u043e\u0440\u044b\u0435 \u043e\u0446\u0435\u043d\u0435\u043d\u044b \u0438 \u0440\u0435\u043a\u043e\u043c\u0435\u043d\u0434\u043e\u0432\u0430\u043d\u044b.<\/p>","protected":false},"featured_media":23329,"comment_status":"open","ping_status":"closed","template":"","meta":{"_acf_changed":false,"inline_featured_image":false},"etheme_brands":[{"term_id":58,"name":"Garden of Life","slug":"garden-of-life","term_group":0,"term_taxonomy_id":58,"taxonomy":"brand","description":"<h2><strong><a href=\"https:\/\/www.gardenoflife.com\/why-gol\" target=\"_blank\" rel=\"noopener\">Garden of Life<\/a><\/strong><\/h2>\r\nJAV \u012fmon\u0117, kuri yra viena i\u0161 nedaugelio, gaminanti savo produktus 100% i\u0161 nat\u016brali\u0173 ingredient\u0173. Puikiai tinka \u017emon\u0117ms, kuriems labai svarbi produkt\u0173 sud\u0117tis. Visi produktai be GMO. Gamintojas apdovanotas daugeliu kokyb\u0117s sertifikat\u0173, toki\u0173 kaip USDA Organic, Certified Vegan, Certified Gluten-Free, U Kosher ir daugelis kit\u0173. Garden of life kompanija dal\u012f pajam\u0173, gaut\u0173 i\u0161 pardavim\u0173, skiria labdarai, pla\u010diau apra\u0161ytoms gamintojo svetain\u0117je.\r\n\"Garden of Life\" tikslas - suteikti \u017emon\u0117ms galimyb\u0119 tur\u0117ti auk\u0161tos kokyb\u0117s papildus, kurie yra reikalingi gerai sveikatai i\u0161laikyti. Sud\u0117tin\u0117s dalys yra organin\u0117s kilm\u0117s, klini\u0161kai i\u0161tirtos ir atsekamos kilm\u0117s. Gompanija savo gaminiuose nenaudoja sintetini\u0173 pried\u0173, dirbtini\u0173 skoni\u0173 ar da\u017eikli\u0173, ri\u0161ikli\u0173 ar u\u017epild\u0173.\r\nhttps:\/\/youtu.be\/2jbU_WkglKA?t=48\r\n<h3><strong>Neapdirbtas maistas<\/strong><\/h3>\r\n\u017dmogaus k\u016bnas buvo sukurtas valgyti, apdoroti ir gauti maistines med\u017eiagas i\u0161 maisto - tikro, sveiko maisto. Taigi, kai kuriami produktai, pradedama nuo \u017evilgnsio \u012f maist\u0105. Kokie yra \"geri dalykai\" auk\u0161\u010diausios kokyb\u0117s maiste, kurio mums tr\u016bksta m\u016bs\u0173 kasdien\u0117je mityboje? Kuris i\u0161 \u0161i\u0173 maisto produkt\u0173 turi did\u017eiausi\u0105 potencial\u0105 paveikti ir \u012fgalinti ger\u0105 sveikat\u0105?\r\n<h3><strong>Atsekamumas<\/strong><\/h3>\r\nAtsekamumas yra labai svarbus veiksnys, d\u0117l kurio \"Garden of Life\" produktai yra tokie ypatingi. Atsekamumas prasideda nuo \u017einojimo, i\u0161 kur kil\u0119s kiekvienas produkt\u0173 ingredientas, ir susipa\u017einimo su kiekviena kilme: kur jis auginamas; \u016bkininkavimo praktika; kaip elgiasi su \u016bkio darbuotojais \u2013 viskuo.\r\n<h3><strong>\u0160varu yra sveika<\/strong><\/h3>\r\nGarden of life stebi, kas yra \u012fdedama \u012f produktus \u2013 tikri, neapdirbti maisto ingredientai. Bet ties tuo nesustojama. Taip pat labai daug d\u0117mesio skiriama tam, kas i\u0161 \u0161i\u0173 produkt\u0173 i\u0161gaunama. Ir dar kart\u0105 renkamasi\u00a0 \u2013 tikras kokybi\u0161kas maistas. Kompanija naudoja tre\u010di\u0173j\u0173 \u0161ali\u0173\u00a0 sertifikatus, kad \u012frodyt\u0173, jog produktai yra \u0161var\u016bs ir kokybi\u0161ki!\r\n<h3><strong>CO2 neutralumas<\/strong><\/h3>\r\nGarden of life nepaprastai did\u017eiuojasi, kad pasiek\u0117 anglies dioksido neutralum\u0105 2021 m. Bir\u017eelio m\u0117n. CarbonFund.org sertifikuotas \"Carbonfree\u00ae\", \"Garden of Life\" nuo pat \u012fk\u016brimo buvo \u012fsipareigojusi tvarumui.","parent":0,"count":12,"filter":"raw"}],"product_brand":[],"product_cat":[645,63,646,15],"product_tag":[660,91,122,93,98],"class_list":{"0":"post-2361","1":"product","2":"type-product","3":"status-publish","4":"has-post-thumbnail","6":"brand-garden-of-life","7":"product_cat-geriausi-papildai-vyrams","8":"product_cat-mineralai","9":"product_cat-papildai-moterims","10":"product_cat-produktai","11":"product_tag-esminiai-vitaminai-moterims","12":"product_tag-imunitetui","13":"product_tag-jaunatviskai-odai","14":"product_tag-sveikai-sirdziai","15":"product_tag-tvirtiems-kaulams","17":"first","18":"instock","19":"sale","20":"taxable","21":"shipping-taxable","22":"purchasable","23":"product-type-simple"},"acf":[],"_links":{"self":[{"href":"https:\/\/findvit.com\/ru\/wp-json\/wp\/v2\/product\/2361","targetHints":{"allow":["GET"]}}],"collection":[{"href":"https:\/\/findvit.com\/ru\/wp-json\/wp\/v2\/product"}],"about":[{"href":"https:\/\/findvit.com\/ru\/wp-json\/wp\/v2\/types\/product"}],"replies":[{"embeddable":true,"href":"https:\/\/findvit.com\/ru\/wp-json\/wp\/v2\/comments?post=2361"}],"version-history":[{"count":13,"href":"https:\/\/findvit.com\/ru\/wp-json\/wp\/v2\/product\/2361\/revisions"}],"predecessor-version":[{"id":19267,"href":"https:\/\/findvit.com\/ru\/wp-json\/wp\/v2\/product\/2361\/revisions\/19267"}],"wp:featuredmedia":[{"embeddable":true,"href":"https:\/\/findvit.com\/ru\/wp-json\/wp\/v2\/media\/23329"}],"wp:attachment":[{"href":"https:\/\/findvit.com\/ru\/wp-json\/wp\/v2\/media?parent=2361"}],"wp:term":[{"taxonomy":"brand","embeddable":true,"href":"https:\/\/findvit.com\/ru\/wp-json\/wp\/v2\/etheme_brands?post=2361"},{"taxonomy":"product_brand","embeddable":true,"href":"https:\/\/findvit.com\/ru\/wp-json\/wp\/v2\/product_brand?post=2361"},{"taxonomy":"product_cat","embeddable":true,"href":"https:\/\/findvit.com\/ru\/wp-json\/wp\/v2\/product_cat?post=2361"},{"taxonomy":"product_tag","embeddable":true,"href":"https:\/\/findvit.com\/ru\/wp-json\/wp\/v2\/product_tag?post=2361"}],"curies":[{"name":"wp","href":"https:\/\/api.w.org\/{rel}","templated":true}]}}