{"id":4542,"date":"2021-12-29T13:34:25","date_gmt":"2021-12-29T11:34:25","guid":{"rendered":"https:\/\/findvit.com\/?post_type=product&#038;p=4542"},"modified":"2026-03-02T15:49:47","modified_gmt":"2026-03-02T13:49:47","slug":"vitamin-code-raw-vitaminas-c-vitamino-c-kompleksas-60","status":"publish","type":"product","link":"https:\/\/findvit.com\/ru\/produktas\/vitamin-code-raw-vitaminas-c-vitamino-c-kompleksas-60\/","title":{"rendered":"Garden of life Vitamin Code RAW VITAMINAS C &#8211;  Vitaminas C  visavertis kompleksas su antioksidantais, probiotikais ir fermentais, 60 vegankapsuli\u0173"},"content":{"rendered":"\t\t<div data-elementor-type=\"product-post\" data-elementor-id=\"4542\" class=\"elementor elementor-4542\" data-elementor-post-type=\"product\">\n\t\t\t\t\t\t<section class=\"elementor-section elementor-top-section elementor-element elementor-element-befc80d elementor-section-boxed elementor-section-height-default elementor-section-height-default\" data-id=\"befc80d\" data-element_type=\"section\" data-e-type=\"section\">\n\t\t\t\t\t\t<div class=\"elementor-container elementor-column-gap-default\">\n\t\t\t\t\t<div class=\"elementor-column elementor-col-100 elementor-top-column elementor-element elementor-element-11194a8\" data-id=\"11194a8\" data-element_type=\"column\" data-e-type=\"column\">\n\t\t\t<div class=\"elementor-widget-wrap elementor-element-populated\">\n\t\t\t\t\t\t<div class=\"elementor-element elementor-element-0d003b4 elementor-absolute elementor-hidden-mobile elementor-invisible elementor-widget elementor-widget-image\" data-id=\"0d003b4\" data-element_type=\"widget\" data-e-type=\"widget\" data-settings=\"{&quot;motion_fx_motion_fx_scrolling&quot;:&quot;yes&quot;,&quot;motion_fx_rotateZ_effect&quot;:&quot;yes&quot;,&quot;motion_fx_rotateZ_speed&quot;:{&quot;unit&quot;:&quot;px&quot;,&quot;size&quot;:5,&quot;sizes&quot;:[]},&quot;motion_fx_range&quot;:&quot;viewport&quot;,&quot;_animation&quot;:&quot;fadeIn&quot;,&quot;_position&quot;:&quot;absolute&quot;,&quot;motion_fx_rotateZ_affectedRange&quot;:{&quot;unit&quot;:&quot;%&quot;,&quot;size&quot;:&quot;&quot;,&quot;sizes&quot;:{&quot;start&quot;:0,&quot;end&quot;:100}},&quot;motion_fx_devices&quot;:[&quot;desktop&quot;,&quot;tablet&quot;,&quot;mobile&quot;]}\" data-widget_type=\"image.default\">\n\t\t\t\t<div class=\"elementor-widget-container\">\n\t\t\t\t\t\t\t\t\t\t\t\t\t\t\t<img loading=\"lazy\" loading=\"lazy\" decoding=\"async\" width=\"200\" height=\"200\" src=\"https:\/\/findvit.com\/wp-content\/uploads\/2021\/09\/ratukas.svg\" class=\"attachment-full size-full wp-image-1777\" alt=\"Ratukas nuo klausimyno iki vitamino\" \/>\t\t\t\t\t\t\t\t\t\t\t\t\t\t\t<\/div>\n\t\t\t\t<\/div>\n\t\t\t\t\t<\/div>\n\t\t<\/div>\n\t\t\t\t\t<\/div>\n\t\t<\/section>\n\t\t\t\t<section class=\"elementor-section elementor-top-section elementor-element elementor-element-f4a9431 elementor-section-boxed elementor-section-height-default elementor-section-height-default\" data-id=\"f4a9431\" data-element_type=\"section\" data-e-type=\"section\">\n\t\t\t\t\t\t<div class=\"elementor-container elementor-column-gap-no\">\n\t\t\t\t\t<div class=\"elementor-column elementor-col-50 elementor-top-column elementor-element elementor-element-eeb7dec\" data-id=\"eeb7dec\" data-element_type=\"column\" data-e-type=\"column\">\n\t\t\t<div class=\"elementor-widget-wrap elementor-element-populated\">\n\t\t\t\t\t\t<div class=\"elementor-element elementor-element-ad26916 elementor-widget elementor-widget-heading\" data-id=\"ad26916\" data-element_type=\"widget\" data-e-type=\"widget\" data-widget_type=\"heading.default\">\n\t\t\t\t<div class=\"elementor-widget-container\">\n\t\t\t\t\t<h2 class=\"elementor-heading-title elementor-size-medium\">Vitamin Code Raw Vitamin C yra nat\u016bralus maisto papildas, skirtas suteikti 500 mg vitamino C , 60 kapsuli\u0173.<\/h2>\t\t\t\t<\/div>\n\t\t\t\t<\/div>\n\t\t\t\t<div class=\"elementor-element elementor-element-7587da6 elementor-widget elementor-widget-text-editor\" data-id=\"7587da6\" data-element_type=\"widget\" data-e-type=\"widget\" data-widget_type=\"text-editor.default\">\n\t\t\t\t<div class=\"elementor-widget-container\">\n\t\t\t\t\t\t\t\t\t<p>Jei ie\u0161kote <strong>nat\u016bralaus<\/strong> ir <strong>kokybi\u0161ko<\/strong> vitamino C \u0161altinio, Vitamin Code Raw Vitamin C yra <strong>puikus pasirinkimas<\/strong>.<\/p><p>\u0160is nat\u016bralus vitaminas C yra pagamintas i\u0161 maisto produkt\u0173, kurie suteikia net <strong>500 mg<\/strong> vitamino C ir <strong>daugiau nei 20<\/strong> ekologi\u0161kai auginam\u0173 vaisi\u0173 ir dar\u017eovi\u0173.<\/p><p>Vitamin Code Raw Vitaminas C yra labai <strong>vertinamas<\/strong> ir <strong>pripa\u017eintas<\/strong> daugelio nes:<\/p><ul><li>Vitaminas C svarbus normaliai <strong>imunin\u0117s sistemos veiklai<\/strong> <br \/>palaikyti intensyvaus fizinio <br \/>kr\u016bvio metu ir po jo<\/li><li>Vitaminas C svarbus normaliai <strong>nerv\u0173<\/strong> sistemos <strong>veiklai<\/strong><\/li><li>Vitaminas C <strong>padeda ma\u017einti <\/strong><br \/><strong>pavargimo jausm\u0105<\/strong> ir <br \/>nuovarg\u012f<\/li><li>Vitaminas C <strong>gerina gele\u017eies <\/strong><br \/><strong>absorbcij\u0105<\/strong><\/li><\/ul><p>\u0160is stiprus papildas taip pat <strong>turi<\/strong> gyv\u0173 <strong>probiotik\u0173<\/strong> ir <strong>ferment\u0173<\/strong>, kurie dar labiau praturtina ir suteikia tai ko ie\u0161kome.<\/p><p>Vitamin Code Raw Vitamin C yra ne tik paprastas vitaminas C. Tai yra visas spektras naudos. Specialiai suformuluota suteikti 500 mg vitamino C kartu <strong>su<\/strong> nat\u016braliai pasitaikan\u010diais <strong>bioflavonoidais<\/strong>.<\/p><p>Bioflavonoidai yra augalin\u0117s med\u017eiagos, kurios padeda ir praturtina.<\/p><p>Vitamin Code Raw Vitamin C n\u0117ra pagamintas i\u0161 sintetini\u0173 ar izoliuot\u0173 med\u017eiag\u0173. Jis yra <strong>pagamintas i\u0161 sveik\u0173 maisto produkt\u0173<\/strong>, kurie suteikia vitamino C ir kitus nat\u016bralius komponentus, kurie padeda.<\/p><p><strong>Gausiai praturtintas<\/strong>. Kapsul\u0117je esantys komponentai <strong>apima 23 ekologi\u0161kai auginamus vaisius ir dar\u017eoves<\/strong>, kurie prideda palaikan\u010di\u0173 antioksidant\u0173, vitamin\u0173 ir maisting\u0173j\u0173 med\u017eiag\u0173.<\/p><p>\u0160ie vaisiai ir dar\u017eov\u0117s apima citrusinius vaisius, paprikas, brokolius, \u0161pinatus, petra\u017eoles ir daugel\u012f kit\u0173 labai gerai vertinam\u0173 produkt\u0173.<\/p><p>Vitamin Code Raw Vitamin C taip pat <strong>turi<\/strong> gyv\u0173 <strong>probiotik\u0173<\/strong> ir <strong>ferment\u0173<\/strong>,<\/p><p>Vitamin Code Raw Vitaminas C yra pagamintas nenaudojant auk\u0161t\u0173 temperat\u016br\u0173 ar cheminio apdorojimo, tod\u0117l jame i\u0161lieka <strong>visos nat\u016bralios med\u017eiagos<\/strong> ir aktyvumas.<\/p><p>Vitamin Code Raw Vitamin C yra puikus maisto papildas, skirtas <strong>tiems, kurie nori gauti daugiau<\/strong> vitamino C ir kit\u0173 nauding\u0173 med\u017eiag\u0173 i\u0161 nat\u016brali\u0173 ir ekologi\u0161k\u0173 \u0161altini\u0173.<\/p><p>Vitaminas C yra \u017einomas antioksidantas, kuris suteikia ne\u012fkainojam\u0105 vert\u0119 mums.<\/p><p>Vitamin Code Raw Vitamin C yra lengvai vir\u0161kinamas.<\/p><p>Labai<strong> patogus vartoti<\/strong>, nes yra sud\u0117ta \u012f optimalaus dyd\u017eio kapsules.\u00a0<\/p><p>Jis yra <strong>be-GMO<\/strong>, <strong>be glitimo. <\/strong>Puikiai tinka <strong>veganams.<\/strong> Jis neturi joki\u0173 dirbtini\u0173 pried\u0173, da\u017eikli\u0173, saldikli\u0173 ar u\u017epild\u0173, kuriuos da\u017enai naudoja tablet\u0117se.<\/p><p>Maistin\u0117s med\u017eiagos yra pateikiamos patogiose augalin\u0117se kapsul\u0117se, kurias galima vartoti kasdien arba atidaryti ir prid\u0117ti vitamino C miltelius \u012f vanden\u012f ar sultis.<\/p><p>Jei ie\u0161kote nat\u016bralaus ir kokybi\u0161ko vitamino C \u0161altinio, Vitamin Code Raw Vitamin C yra puikus pasirinkimas.<\/p><p><strong>Nat\u016bralus vitaminas C ir jo teikiama nauda<\/strong> yra gerai \u017einoma ir vertinama sveikatos specialist\u0173.\u00a0<\/p><p><strong>Apsauganti Tamsaus stiklo pakuot\u0117.<\/strong><\/p><p><strong>U\u017etenka iki 60 dien\u0173.\u00a0<\/strong><\/p><p>Jei nesi tikra\/s kurie vitaminai ar kiti papildai <strong>tinkamiausi \u0161iuo metu<\/strong>, atlik test\u0105 <a href=\"https:\/\/findvit.com\/testas\/\"><strong>&#8222;Tavo diena&#8221;<\/strong><\/a> ir su\u017einok\u00a0 <strong>asmenin\u0119<\/strong> rekomendacij\u0105!<\/p><p><a href=\"https:\/\/www.gardenoflife.com\/\" target=\"_blank\" rel=\"noopener\"><strong>&#8222;Gardend of life&#8221;<\/strong><\/a> gamintojas.<\/p>\t\t\t\t\t\t\t\t<\/div>\n\t\t\t\t<\/div>\n\t\t\t\t\t<\/div>\n\t\t<\/div>\n\t\t\t\t<div class=\"elementor-column elementor-col-50 elementor-top-column elementor-element elementor-element-fbc17a4\" data-id=\"fbc17a4\" data-element_type=\"column\" data-e-type=\"column\">\n\t\t\t<div class=\"elementor-widget-wrap elementor-element-populated\">\n\t\t\t\t\t\t<div class=\"elementor-element elementor-element-c9cdac8 elementor-widget elementor-widget-image\" data-id=\"c9cdac8\" data-element_type=\"widget\" data-e-type=\"widget\" data-widget_type=\"image.default\">\n\t\t\t\t<div class=\"elementor-widget-container\">\n\t\t\t\t\t\t\t\t\t\t\t\t\t\t\t<img loading=\"lazy\" loading=\"lazy\" decoding=\"async\" width=\"900\" height=\"900\" src=\"https:\/\/findvit.com\/wp-content\/uploads\/2021\/10\/Ko-13-900x900.jpg\" class=\"attachment-large size-large wp-image-2498\" alt=\"Fermentai Moteriai. Moteris atlieka jogos pratimus\" srcset=\"https:\/\/findvit.com\/wp-content\/uploads\/2021\/10\/Ko-13-900x900.jpg 900w, https:\/\/findvit.com\/wp-content\/uploads\/2021\/10\/Ko-13-600x600.jpg 600w, https:\/\/findvit.com\/wp-content\/uploads\/2021\/10\/Ko-13-150x150.jpg 150w, https:\/\/findvit.com\/wp-content\/uploads\/2021\/10\/Ko-13-768x768.jpg 768w, https:\/\/findvit.com\/wp-content\/uploads\/2021\/10\/Ko-13-1x1.jpg 1w, https:\/\/findvit.com\/wp-content\/uploads\/2021\/10\/Ko-13-10x10.jpg 10w, https:\/\/findvit.com\/wp-content\/uploads\/2021\/10\/Ko-13-100x100.jpg 100w, https:\/\/findvit.com\/wp-content\/uploads\/2021\/10\/Ko-13.jpg 1000w\" sizes=\"auto, (max-width: 900px) 100vw, 900px\" \/>\t\t\t\t\t\t\t\t\t\t\t\t\t\t\t<\/div>\n\t\t\t\t<\/div>\n\t\t\t\t\t<\/div>\n\t\t<\/div>\n\t\t\t\t\t<\/div>\n\t\t<\/section>\n\t\t\t\t<\/div>\n\t\t","protected":false},"excerpt":{"rendered":"<p>\u0412\u0438\u0442\u0430\u043c\u0438\u043d\u043d\u044b\u0439 \u043a\u043e\u0434 Raw Vitamin C \u2013 \u044d\u0442\u043e \u0443\u043d\u0438\u043a\u0430\u043b\u044c\u043d\u0430\u044f \u043f\u0438\u0449\u0435\u0432\u0430\u044f \u0434\u043e\u0431\u0430\u0432\u043a\u0430, \u043e\u0442\u043b\u0438\u0447\u0430\u044e\u0449\u0430\u044f\u0441\u044f \u0432\u044b\u0441\u043e\u0447\u0430\u0439\u0448\u0438\u043c \u043a\u0430\u0447\u0435\u0441\u0442\u0432\u043e\u043c \u0438 \u043a\u043e\u043c\u043f\u043b\u0435\u043a\u0441\u043d\u043e\u0441\u0442\u044c\u044e. \u042d\u0442\u043e\u0442 \u0443\u0434\u0438\u0432\u0438\u0442\u0435\u043b\u044c\u043d\u044b\u0439 \u043f\u0440\u043e\u0434\u0443\u043a\u0442 \u0438\u0437\u0433\u043e\u0442\u043e\u0432\u043b\u0435\u043d \u0438\u0437 \u043e\u0440\u0433\u0430\u043d\u0438\u0447\u0435\u0441\u043a\u0438 \u0432\u044b\u0440\u0430\u0449\u0435\u043d\u043d\u044b\u0445 \u0444\u0440\u0443\u043a\u0442\u043e\u0432 \u0438 \u043e\u0432\u043e\u0449\u0435\u0439 \u0441 \u0442\u0449\u0430\u0442\u0435\u043b\u044c\u043d\u044b\u043c \u0441\u043e\u0431\u043b\u044e\u0434\u0435\u043d\u0438\u0435\u043c \u0442\u0435\u0445\u043d\u043e\u043b\u043e\u0433\u0438\u0447\u0435\u0441\u043a\u043e\u0433\u043e \u043f\u0440\u043e\u0446\u0435\u0441\u0441\u0430, \u0447\u0442\u043e\u0431\u044b \u0441\u043e\u0445\u0440\u0430\u043d\u0438\u0442\u044c \u043d\u0430\u0442\u0443\u0440\u0430\u043b\u044c\u043d\u044b\u0435 \u043a\u043e\u0444\u0435\u0440\u043c\u0435\u043d\u0442\u044b. \u041e\u043d \u043d\u0435 \u0441\u043e\u0434\u0435\u0440\u0436\u0438\u0442 \u0413\u041c\u041e, \u0433\u043b\u044e\u0442\u0435\u043d\u0430 \u0438 \u0441\u0435\u0440\u0442\u0438\u0444\u0438\u0446\u0438\u0440\u043e\u0432\u0430\u043d \u0432\u0435\u0433\u0430\u043d\u0441\u043a\u0438\u043c. \u0414\u043e\u0441\u0442\u0430\u0442\u043e\u0447\u043d\u043e 30-60 \u0434\u043d\u0435\u0439.<\/p>","protected":false},"featured_media":23328,"comment_status":"open","ping_status":"closed","template":"","meta":{"_acf_changed":false,"inline_featured_image":false},"etheme_brands":[{"term_id":58,"name":"Garden of Life","slug":"garden-of-life","term_group":0,"term_taxonomy_id":58,"taxonomy":"brand","description":"<h2><strong><a href=\"https:\/\/www.gardenoflife.com\/why-gol\" target=\"_blank\" rel=\"noopener\">Garden of Life<\/a><\/strong><\/h2>\r\nJAV \u012fmon\u0117, kuri yra viena i\u0161 nedaugelio, gaminanti savo produktus 100% i\u0161 nat\u016brali\u0173 ingredient\u0173. Puikiai tinka \u017emon\u0117ms, kuriems labai svarbi produkt\u0173 sud\u0117tis. Visi produktai be GMO. Gamintojas apdovanotas daugeliu kokyb\u0117s sertifikat\u0173, toki\u0173 kaip USDA Organic, Certified Vegan, Certified Gluten-Free, U Kosher ir daugelis kit\u0173. Garden of life kompanija dal\u012f pajam\u0173, gaut\u0173 i\u0161 pardavim\u0173, skiria labdarai, pla\u010diau apra\u0161ytoms gamintojo svetain\u0117je.\r\n\"Garden of Life\" tikslas - suteikti \u017emon\u0117ms galimyb\u0119 tur\u0117ti auk\u0161tos kokyb\u0117s papildus, kurie yra reikalingi gerai sveikatai i\u0161laikyti. Sud\u0117tin\u0117s dalys yra organin\u0117s kilm\u0117s, klini\u0161kai i\u0161tirtos ir atsekamos kilm\u0117s. Gompanija savo gaminiuose nenaudoja sintetini\u0173 pried\u0173, dirbtini\u0173 skoni\u0173 ar da\u017eikli\u0173, ri\u0161ikli\u0173 ar u\u017epild\u0173.\r\nhttps:\/\/youtu.be\/2jbU_WkglKA?t=48\r\n<h3><strong>Neapdirbtas maistas<\/strong><\/h3>\r\n\u017dmogaus k\u016bnas buvo sukurtas valgyti, apdoroti ir gauti maistines med\u017eiagas i\u0161 maisto - tikro, sveiko maisto. Taigi, kai kuriami produktai, pradedama nuo \u017evilgnsio \u012f maist\u0105. Kokie yra \"geri dalykai\" auk\u0161\u010diausios kokyb\u0117s maiste, kurio mums tr\u016bksta m\u016bs\u0173 kasdien\u0117je mityboje? Kuris i\u0161 \u0161i\u0173 maisto produkt\u0173 turi did\u017eiausi\u0105 potencial\u0105 paveikti ir \u012fgalinti ger\u0105 sveikat\u0105?\r\n<h3><strong>Atsekamumas<\/strong><\/h3>\r\nAtsekamumas yra labai svarbus veiksnys, d\u0117l kurio \"Garden of Life\" produktai yra tokie ypatingi. Atsekamumas prasideda nuo \u017einojimo, i\u0161 kur kil\u0119s kiekvienas produkt\u0173 ingredientas, ir susipa\u017einimo su kiekviena kilme: kur jis auginamas; \u016bkininkavimo praktika; kaip elgiasi su \u016bkio darbuotojais \u2013 viskuo.\r\n<h3><strong>\u0160varu yra sveika<\/strong><\/h3>\r\nGarden of life stebi, kas yra \u012fdedama \u012f produktus \u2013 tikri, neapdirbti maisto ingredientai. Bet ties tuo nesustojama. Taip pat labai daug d\u0117mesio skiriama tam, kas i\u0161 \u0161i\u0173 produkt\u0173 i\u0161gaunama. Ir dar kart\u0105 renkamasi\u00a0 \u2013 tikras kokybi\u0161kas maistas. Kompanija naudoja tre\u010di\u0173j\u0173 \u0161ali\u0173\u00a0 sertifikatus, kad \u012frodyt\u0173, jog produktai yra \u0161var\u016bs ir kokybi\u0161ki!\r\n<h3><strong>CO2 neutralumas<\/strong><\/h3>\r\nGarden of life nepaprastai did\u017eiuojasi, kad pasiek\u0117 anglies dioksido neutralum\u0105 2021 m. Bir\u017eelio m\u0117n. CarbonFund.org sertifikuotas \"Carbonfree\u00ae\", \"Garden of Life\" nuo pat \u012fk\u016brimo buvo \u012fsipareigojusi tvarumui.","parent":0,"count":12,"filter":"raw"}],"product_brand":[],"product_cat":[63,646,645,15],"product_tag":[660,91,122,93,98],"class_list":{"0":"post-4542","1":"product","2":"type-product","3":"status-publish","4":"has-post-thumbnail","6":"brand-garden-of-life","7":"product_cat-mineralai","8":"product_cat-papildai-moterims","9":"product_cat-geriausi-papildai-vyrams","10":"product_cat-produktai","11":"product_tag-esminiai-vitaminai-moterims","12":"product_tag-imunitetui","13":"product_tag-jaunatviskai-odai","14":"product_tag-sveikai-sirdziai","15":"product_tag-tvirtiems-kaulams","17":"first","18":"instock","19":"sale","20":"taxable","21":"shipping-taxable","22":"purchasable","23":"product-type-simple"},"acf":[],"_links":{"self":[{"href":"https:\/\/findvit.com\/ru\/wp-json\/wp\/v2\/product\/4542","targetHints":{"allow":["GET"]}}],"collection":[{"href":"https:\/\/findvit.com\/ru\/wp-json\/wp\/v2\/product"}],"about":[{"href":"https:\/\/findvit.com\/ru\/wp-json\/wp\/v2\/types\/product"}],"replies":[{"embeddable":true,"href":"https:\/\/findvit.com\/ru\/wp-json\/wp\/v2\/comments?post=4542"}],"version-history":[{"count":31,"href":"https:\/\/findvit.com\/ru\/wp-json\/wp\/v2\/product\/4542\/revisions"}],"predecessor-version":[{"id":21247,"href":"https:\/\/findvit.com\/ru\/wp-json\/wp\/v2\/product\/4542\/revisions\/21247"}],"wp:featuredmedia":[{"embeddable":true,"href":"https:\/\/findvit.com\/ru\/wp-json\/wp\/v2\/media\/23328"}],"wp:attachment":[{"href":"https:\/\/findvit.com\/ru\/wp-json\/wp\/v2\/media?parent=4542"}],"wp:term":[{"taxonomy":"brand","embeddable":true,"href":"https:\/\/findvit.com\/ru\/wp-json\/wp\/v2\/etheme_brands?post=4542"},{"taxonomy":"product_brand","embeddable":true,"href":"https:\/\/findvit.com\/ru\/wp-json\/wp\/v2\/product_brand?post=4542"},{"taxonomy":"product_cat","embeddable":true,"href":"https:\/\/findvit.com\/ru\/wp-json\/wp\/v2\/product_cat?post=4542"},{"taxonomy":"product_tag","embeddable":true,"href":"https:\/\/findvit.com\/ru\/wp-json\/wp\/v2\/product_tag?post=4542"}],"curies":[{"name":"wp","href":"https:\/\/api.w.org\/{rel}","templated":true}]}}