{"id":7956,"date":"2022-06-29T08:38:24","date_gmt":"2022-06-29T05:38:24","guid":{"rendered":"https:\/\/findvit.com\/?post_type=product&#038;p=7956"},"modified":"2026-03-06T17:31:08","modified_gmt":"2026-03-06T15:31:08","slug":"kiki-psyllium-skaidulos-milteliai","status":"publish","type":"product","link":"https:\/\/findvit.com\/ru\/produktas\/kiki-psyllium-skaidulos-milteliai\/","title":{"rendered":"KIKI HEALTH Organic PSYLLIUM HUSKS \u2013 \u0431\u0438\u043e\u0430\u043a\u0442\u0438\u0432\u043d\u044b\u0435 \u0432\u043e\u043b\u043e\u043a\u043d\u0430, \u043f\u043e\u0440\u043e\u0448\u043e\u043a 275 \u0433\u0440."},"content":{"rendered":"\t\t<div data-elementor-type=\"product-post\" data-elementor-id=\"7956\" class=\"elementor elementor-7956\" data-elementor-post-type=\"product\">\n\t\t\t\t\t\t<section class=\"elementor-section elementor-top-section elementor-element elementor-element-697b9d0e elementor-section-boxed elementor-section-height-default elementor-section-height-default\" data-id=\"697b9d0e\" data-element_type=\"section\" data-e-type=\"section\">\n\t\t\t\t\t\t<div class=\"elementor-container elementor-column-gap-default\">\n\t\t\t\t\t<div class=\"elementor-column elementor-col-100 elementor-top-column elementor-element elementor-element-20e74427\" data-id=\"20e74427\" data-element_type=\"column\" data-e-type=\"column\">\n\t\t\t<div class=\"elementor-widget-wrap elementor-element-populated\">\n\t\t\t\t\t\t<div class=\"elementor-element elementor-element-5fb87e4e elementor-absolute elementor-hidden-mobile elementor-invisible elementor-widget elementor-widget-image\" data-id=\"5fb87e4e\" data-element_type=\"widget\" data-e-type=\"widget\" data-settings=\"{&quot;motion_fx_motion_fx_scrolling&quot;:&quot;yes&quot;,&quot;motion_fx_rotateZ_effect&quot;:&quot;yes&quot;,&quot;motion_fx_rotateZ_speed&quot;:{&quot;unit&quot;:&quot;px&quot;,&quot;size&quot;:5,&quot;sizes&quot;:[]},&quot;motion_fx_range&quot;:&quot;viewport&quot;,&quot;_animation&quot;:&quot;fadeIn&quot;,&quot;_position&quot;:&quot;absolute&quot;,&quot;motion_fx_rotateZ_affectedRange&quot;:{&quot;unit&quot;:&quot;%&quot;,&quot;size&quot;:&quot;&quot;,&quot;sizes&quot;:{&quot;start&quot;:0,&quot;end&quot;:100}},&quot;motion_fx_devices&quot;:[&quot;desktop&quot;,&quot;tablet&quot;,&quot;mobile&quot;]}\" data-widget_type=\"image.default\">\n\t\t\t\t<div class=\"elementor-widget-container\">\n\t\t\t\t\t\t\t\t\t\t\t\t\t\t\t<img loading=\"lazy\" loading=\"lazy\" decoding=\"async\" width=\"200\" height=\"200\" src=\"https:\/\/findvit.com\/wp-content\/uploads\/2021\/09\/ratukas.svg\" class=\"attachment-full size-full wp-image-1777\" alt=\"Ratukas nuo klausimyno iki vitamino\" \/>\t\t\t\t\t\t\t\t\t\t\t\t\t\t\t<\/div>\n\t\t\t\t<\/div>\n\t\t\t\t\t<\/div>\n\t\t<\/div>\n\t\t\t\t\t<\/div>\n\t\t<\/section>\n\t\t\t\t<section class=\"elementor-section elementor-top-section elementor-element elementor-element-600cef05 elementor-section-boxed elementor-section-height-default elementor-section-height-default\" data-id=\"600cef05\" data-element_type=\"section\" data-e-type=\"section\">\n\t\t\t\t\t\t<div class=\"elementor-container elementor-column-gap-no\">\n\t\t\t\t\t<div class=\"elementor-column elementor-col-50 elementor-top-column elementor-element elementor-element-48f92489\" data-id=\"48f92489\" data-element_type=\"column\" data-e-type=\"column\">\n\t\t\t<div class=\"elementor-widget-wrap elementor-element-populated\">\n\t\t\t\t\t\t<div class=\"elementor-element elementor-element-705cac9d elementor-widget elementor-widget-heading\" data-id=\"705cac9d\" data-element_type=\"widget\" data-e-type=\"widget\" data-widget_type=\"heading.default\">\n\t\t\t\t<div class=\"elementor-widget-container\">\n\t\t\t\t\t<h2 class=\"elementor-heading-title elementor-size-default\">KIKI Psyllium skaidul\u0173 milteliai 275 g<\/h2>\t\t\t\t<\/div>\n\t\t\t\t<\/div>\n\t\t\t\t<div class=\"elementor-element elementor-element-40981e23 elementor-widget elementor-widget-text-editor\" data-id=\"40981e23\" data-element_type=\"widget\" data-e-type=\"widget\" data-widget_type=\"text-editor.default\">\n\t\t\t\t<div class=\"elementor-widget-container\">\n\t\t\t\t\t\t\t\t\t<p>Vienos pa\u010di\u0173 vertingiausi\u0173 skaidul\u0173- tai\u00a0<strong>balk\u0161v\u0173j\u0173 gyslo\u010di\u0173 luobeli\u0173<\/strong> (lot.Plantago ovata). Pasaulyje pripa\u017eintos ir u\u017esitarnavusios nuostabi\u0105 reputacij\u0105.<\/p><p><strong>Neturi\u00a0 kalorij\u0173.<\/strong>\u00a0<\/p><p>Tai puikus pasirinkimas tiems, kurie nori vengti glitimo ir kvie\u010di\u0173, nes Psyllium Husks yra glitimo ir kvie\u010di\u0173 neturintis produktas.<\/p><p>\u0160is produktas yra turtingas tiaminu, skaidulomis, niacinu, riboflavinu ir vitaminu B6. Be to, jis neturi joki\u0173 u\u017epild\u0173, da\u017eikli\u0173 ar pried\u0173, tod\u0117l tai yra puikus pasirinkimas tiems, kurie ie\u0161ko nat\u016brali\u0173 ir sveik\u0173 maisto papild\u0173.<\/p><p>KIKI HEALTH Organic PSYLLIUM HUSKS yra lengvai vir\u0161kinamas ir yra puikus \u0161altinis tiek skaiduloms, tiek mineralams. \u0160is produktas yra labai tirpstantis, tod\u0117l jis yra <strong>puikus pasirinkimas<\/strong> tiems, kurie nori praturtinti savo mityb\u0105 skaidulomis ir mineralais.<\/p><p>Vartojimo rekomendacija: suaugusiesiems rekomenduojama gerti po vien\u0105 piln\u0105 arbatin\u012f \u0161auk\u0161tel\u012f per dien\u0105, u\u017egeriant stikline vandens. Svarbu gerti daug vandens vartojant Psyllium Husks ir per vis\u0105 dien\u0105 po to.<\/p><p>Korpuso kapsul\u0117: hipromelioz\u0117, padeda\u00a0<strong>apsaugoti<\/strong>\u00a0produkto sudedam\u0105sias dalis nuo\u00a0<strong>\u017ealingo skrand\u017eio r\u016bg\u0161ties poveikio.<\/strong><\/p><p><br \/>Be druskos, cukraus, mieli\u0173,\u00a0<strong>dirbtini\u0173 da\u017eikli\u0173, konservant\u0173, chemini\u0173 tirpikli\u0173, dirbtini\u0173 pried\u0173<\/strong>\u00a0ar bet koki\u0173 u\u017epild\u0173.<\/p><p><br \/>Tinka vegetarams ir veganams. Nat\u016bralus sveikatos papildas<strong>\u00a0be glitimo ir kvie\u010di\u0173. Be GMO, be toksin\u0173, be chemikal\u0173.<\/strong>\u00a0U\u017etenka iki\u00a0<strong>120\u00a0dien\u0173.<\/strong>\u00a0<\/p><p><strong>Apsauganti Tamsaus stiklo pakuot\u0117je.<\/strong><\/p><p><strong>Gamintojas KIKI HEALTH<\/strong>\u00a0yra novatori\u0161ka kompanija, kurianti tik sveikus produktus gro\u017eiui puosel\u0117ti ir organizmui stiprinti. Jie tiki, kad tik\u00a0<strong>patys gryniausi ingredientai turi pat\u012f efektyviausi\u0105 poveik\u012f<\/strong>.<\/p><p>Visi ingredientai, \u012feinantys \u012f produkt\u0173 sud\u0117t\u012f, yra kruop\u0161\u010diai parinkti ir eti\u0161kai apdoroti, siekiant i\u0161saugoti ir maksimaliai padidinti efektyvum\u0105 ir naud\u0105, taip pat u\u017etikrinant ir nepriekai\u0161ting\u0105 biologin\u012f \u012fsisavinim\u0105.<\/p><p><span lang=\"lt\"><strong>KIKI HEALTH pa\u017eadas<\/strong><br \/><\/span><\/p><ul><li><span lang=\"lt\">Auk\u0161\u010diausios kokyb\u0117s augaliniai organiniai ingredientai<\/span><\/li><li><span lang=\"lt\">Etika, vientisumas ir grynumas gamybos procese<\/span><\/li><li><span lang=\"lt\">Sertifikuoti organiniai ar i\u0161 laukin\u0117s gamtos ingredientai<\/span><\/li><li><span lang=\"lt\">Joki\u0173 kompromis\u0173 d\u0117l sintetini\u0173 pried\u0173, ri\u0161ikli\u0173, u\u017epild\u0173 ar kit\u0173 kenksming\u0173 med\u017eiag\u0173.<\/span><\/li><li><span lang=\"lt\">Be GMO, glitimo, kvie\u010di\u0173.<br \/><\/span><\/li><\/ul><div>Jei nesi tikra\/s kurie dar\u00a0 vitaminai ar kiti papildai\u00a0<strong>tinkamiausi \u0161iuo metu<\/strong>, atlik test\u0105\u00a0<a href=\"https:\/\/findvit.com\/testas\/\"><strong>\u201cTavo diena\u201d<\/strong><\/a>\u00a0ir su\u017einok\u00a0\u00a0<strong>asmenin\u0119<\/strong>\u00a0rekomendacij\u0105!<\/div>\t\t\t\t\t\t\t\t<\/div>\n\t\t\t\t<\/div>\n\t\t\t\t\t<\/div>\n\t\t<\/div>\n\t\t\t\t<div class=\"elementor-column elementor-col-50 elementor-top-column elementor-element elementor-element-4dd6c130\" data-id=\"4dd6c130\" data-element_type=\"column\" data-e-type=\"column\">\n\t\t\t<div class=\"elementor-widget-wrap elementor-element-populated\">\n\t\t\t\t\t\t<div class=\"elementor-element elementor-element-7314983a elementor-widget elementor-widget-image\" data-id=\"7314983a\" data-element_type=\"widget\" data-e-type=\"widget\" data-widget_type=\"image.default\">\n\t\t\t\t<div class=\"elementor-widget-container\">\n\t\t\t\t\t\t\t\t\t\t\t\t\t\t\t<img loading=\"lazy\" loading=\"lazy\" decoding=\"async\" width=\"900\" height=\"900\" src=\"https:\/\/findvit.com\/wp-content\/uploads\/2021\/10\/koliazai-15-900x900.jpg\" class=\"attachment-large size-large wp-image-3816\" alt=\"Kolia\u017eas, Gra\u017ei moters oda\" srcset=\"https:\/\/findvit.com\/wp-content\/uploads\/2021\/10\/koliazai-15-900x900.jpg 900w, https:\/\/findvit.com\/wp-content\/uploads\/2021\/10\/koliazai-15-600x600.jpg 600w, https:\/\/findvit.com\/wp-content\/uploads\/2021\/10\/koliazai-15-150x150.jpg 150w, https:\/\/findvit.com\/wp-content\/uploads\/2021\/10\/koliazai-15-768x768.jpg 768w, https:\/\/findvit.com\/wp-content\/uploads\/2021\/10\/koliazai-15-1x1.jpg 1w, https:\/\/findvit.com\/wp-content\/uploads\/2021\/10\/koliazai-15-10x10.jpg 10w, https:\/\/findvit.com\/wp-content\/uploads\/2021\/10\/koliazai-15-100x100.jpg 100w, https:\/\/findvit.com\/wp-content\/uploads\/2021\/10\/koliazai-15-e1637411871223.jpg 1001w\" sizes=\"auto, (max-width: 900px) 100vw, 900px\" \/>\t\t\t\t\t\t\t\t\t\t\t\t\t\t\t<\/div>\n\t\t\t\t<\/div>\n\t\t\t\t\t<\/div>\n\t\t<\/div>\n\t\t\t\t\t<\/div>\n\t\t<\/section>\n\t\t\t\t<\/div>\n\t\t","protected":false},"excerpt":{"rendered":"<p><strong>\u042d\u0442\u043e 100% \u043d\u0430\u0442\u0443\u0440\u0430\u043b\u044c\u043d\u044b\u0435.<\/strong>, \u0431\u0435\u0437 \u0413\u041c\u041e <strong>\u0431\u0438\u043e\u0430\u043a\u0442\u0438\u0432\u043d\u044b\u0435 \u0432\u043e\u043b\u043e\u043a\u043d\u0430<\/strong>, \u043f\u0443\u0434\u0440\u0430. \u042d\u0442\u043e\u0442 \u043f\u0440\u043e\u0434\u0443\u043a\u0442 \u0438\u0437\u0433\u043e\u0442\u043e\u0432\u043b\u0435\u043d \u0438\u0437 \u0441\u0435\u043c\u044f\u043d \u0440\u0430\u0441\u0442\u0435\u043d\u0438\u044f Plantago Ovata, \u043a\u043e\u0442\u043e\u0440\u043e\u0435 \u0432\u044b\u0440\u0430\u0449\u0438\u0432\u0430\u044e\u0442 \u0432 \u0418\u043d\u0434\u0438\u0438. \u042d\u0442\u043e\u0442 \u043f\u0440\u043e\u0434\u0443\u043a\u0442 \u043d\u0435 \u0431\u044b\u043b \u0433\u0435\u043d\u0435\u0442\u0438\u0447\u0435\u0441\u043a\u0438 \u043c\u043e\u0434\u0438\u0444\u0438\u0446\u0438\u0440\u043e\u0432\u0430\u043d, \u0445\u0438\u043c\u0438\u0447\u0435\u0441\u043a\u0438 \u043e\u0431\u0440\u0430\u0431\u043e\u0442\u0430\u043d \u0438\u043b\u0438 \u043c\u043e\u0434\u0438\u0444\u0438\u0446\u0438\u0440\u043e\u0432\u0430\u043d.<\/p>\n<p>&nbsp;<\/p>","protected":false},"featured_media":9358,"comment_status":"open","ping_status":"closed","template":"","meta":{"_acf_changed":false,"inline_featured_image":false},"etheme_brands":[{"term_id":28,"name":"Kiki Health","slug":"kiki-health","term_group":0,"term_taxonomy_id":28,"taxonomy":"brand","description":"<h2><a href=\"https:\/\/kiki-health.com\/about-us\/\" target=\"_blank\" rel=\"noopener\"><strong>KIKI Health<\/strong><\/a><\/h2>\r\nKIKI yra prek\u0117s \u017eenklas, kuriantis novatori\u0161kus maisto papildus.\r\n\r\nKIKI yra pripa\u017eintas ir gerbiamas, kaip sveikos gyvensenos produkt\u0173 ir individualumo bei meistri\u0161kumo standartas.\r\n\r\nKIKI gim\u0117 i\u0161 noro skatinti optimali\u0105 sveikat\u0105 ir gerov\u0119, m\u016bs\u0173 tikslas ir aistra yra \u012fsigyti auk\u0161\u010diausios kokyb\u0117s, grynumo produktus i\u0161 viso pasaulio, kurie pad\u0117t\u0173 gro\u017eiui ir sveikatai.\r\n\r\nNuo pat prad\u017ei\u0173 ir iki \u0161iol KIKI Health niekada nedaro kompromis\u0173 ir nededa pried\u0173 bei naudoja prastesni\u0173 ingredient\u0173 - tik nat\u016bralios 100% veikliosios med\u017eiagos.\r\n\r\nhttps:\/\/youtu.be\/irT0ZUOzBac?t=45\r\n<h3><strong>Nat\u016braliai turtingi <\/strong><strong>vitaminais, mineralais ir b\u016btinomis\u00a0 veikliosiomis med\u017eiagomis<\/strong><\/h3>\r\nDaugelis \"KIKI Health\" produkt\u0173 turintys augalini\u0173 ir maistini\u0173 med\u017eiag\u0173\u00a0 yra sertifikuoti, kaip ekologi\u0161ki.\r\n\r\nI\u0161naudodami stiprias augalin\u0117s kilm\u0117s, nat\u016brali\u0173 ingredient\u0173 galias, kupinas esmini\u0173 augal\u0173 veikli\u0173j\u0173 med\u017eiag\u0173, vitamin\u0173 ir mineral\u0173, kad suteikt\u0173 smegenims, odai ir k\u016bnui neprilygstam\u0105 pagalb\u0105.\r\n\r\nKIKI Health tikslas yra u\u017etikrinti, kad mi\u0161iniuose neb\u016bt\u0173 sintetikos, konservant\u0173, u\u017epild\u0173 ir ri\u0161ikli\u0173, u\u017etikrinant, kad ir toliau gamint\u0173 veiksmingus, \u0161varius ir saugius papildus.\r\n\r\nPagaminta Jungtin\u0117je Karalyst\u0117je i\u0161 \u0161vari\u0173 ir tvari\u0173 ingredient\u0173.\r\n<h3><strong>Atsakingumas<\/strong><\/h3>\r\nU\u017etikrindami, kad produktai b\u016bt\u0173 atsakingai u\u017eauginti, ne tik r\u016bpinamasi aplinka, bet ir garantuojama produkto kokyb\u0119. KIKI Healt specialistai keliauja po pasaul\u012f ie\u0161kodami ekologi\u0161k\u0173, eti\u0161kai gaut\u0173 ingredient\u0173, pasi\u017eymin\u010di\u0173 geresne maistine verte, kartu pad\u0117dami vietos bendruomen\u0117ms klest\u0117ti. Maisto gamybos b\u016bdas yra labai svarbus daugeliui vartotoj\u0173, ir tai kelia susir\u016bpinim\u0105, kur\u012f mes dalijam\u0117s.\r\n<h3><strong>Minimalus apdorojimas<\/strong><\/h3>\r\nNor\u0117dami pasiekti optimal\u0173 biologin\u012f prieinamum\u0105, stengiamasi, kad ingredientai b\u016bt\u0173 kuo ar\u010diau j\u0173 nat\u016bralios b\u016bkl\u0117s. Laikomasi minimalaus perdirbimo ir kontroliuojama temperat\u016bros, i\u0161kart po derliaus nu\u0117mimo, kad b\u016bt\u0173 i\u0161laikoma visa nauda sveikatai ir gyvybi\u0161kai svarbios maistin\u0117s med\u017eiagos.\r\n\r\n<strong>Produktuose n\u0117ra<\/strong>: sintetikos, dirbtini\u0173 da\u017eikli\u0173 ir kvapi\u0173j\u0173 med\u017eiag\u0173, u\u017epild\u0173, ri\u0161ikli\u0173, dengimo med\u017eiag\u0173, lipnum\u0105 reguliuojan\u010di\u0173 med\u017eiag\u0173, cukr\u0173, glitimo, GMO, laktoz\u0117s, konservant\u0173, pagalbini\u0173 med\u017eiag\u0173.\r\n\r\nVisi ingredientai ir galutiniai produktai yra reguliariai tikrinami tre\u010diosios \u0161alies laboratorijoje. U\u017etikrinama, kad kiekviena partija b\u016bt\u0173 i\u0161bandyta d\u0117l sunki\u0173j\u0173 metal\u0173, mikroorganizm\u0173 ir pesticid\u0173 laikantis grie\u017et\u0173 kokyb\u0117s kontrol\u0117s s\u0105lyg\u0173, o rezultatai atitikt\u0173 ES ir JK ribinius reglamentus, \u012fskaitant ekologinio \u016bkininkavimo standartus.","parent":0,"count":28,"filter":"raw"}],"product_brand":[],"product_cat":[115,124,15],"product_tag":[126,95,97],"class_list":{"0":"post-7956","1":"product","2":"type-product","3":"status-publish","4":"has-post-thumbnail","6":"brand-kiki-health","7":"product_cat-skaidulos","8":"product_cat-siamsezonui","9":"product_cat-produktai","10":"product_tag-greitam-virskinimui-ir-salinimui","11":"product_tag-puikiai-isvaizdai","12":"product_tag-svorio-kontrolei","14":"first","15":"instock","16":"taxable","17":"shipping-taxable","18":"purchasable","19":"product-type-simple"},"acf":[],"_links":{"self":[{"href":"https:\/\/findvit.com\/ru\/wp-json\/wp\/v2\/product\/7956","targetHints":{"allow":["GET"]}}],"collection":[{"href":"https:\/\/findvit.com\/ru\/wp-json\/wp\/v2\/product"}],"about":[{"href":"https:\/\/findvit.com\/ru\/wp-json\/wp\/v2\/types\/product"}],"replies":[{"embeddable":true,"href":"https:\/\/findvit.com\/ru\/wp-json\/wp\/v2\/comments?post=7956"}],"version-history":[{"count":16,"href":"https:\/\/findvit.com\/ru\/wp-json\/wp\/v2\/product\/7956\/revisions"}],"predecessor-version":[{"id":15890,"href":"https:\/\/findvit.com\/ru\/wp-json\/wp\/v2\/product\/7956\/revisions\/15890"}],"wp:featuredmedia":[{"embeddable":true,"href":"https:\/\/findvit.com\/ru\/wp-json\/wp\/v2\/media\/9358"}],"wp:attachment":[{"href":"https:\/\/findvit.com\/ru\/wp-json\/wp\/v2\/media?parent=7956"}],"wp:term":[{"taxonomy":"brand","embeddable":true,"href":"https:\/\/findvit.com\/ru\/wp-json\/wp\/v2\/etheme_brands?post=7956"},{"taxonomy":"product_brand","embeddable":true,"href":"https:\/\/findvit.com\/ru\/wp-json\/wp\/v2\/product_brand?post=7956"},{"taxonomy":"product_cat","embeddable":true,"href":"https:\/\/findvit.com\/ru\/wp-json\/wp\/v2\/product_cat?post=7956"},{"taxonomy":"product_tag","embeddable":true,"href":"https:\/\/findvit.com\/ru\/wp-json\/wp\/v2\/product_tag?post=7956"}],"curies":[{"name":"wp","href":"https:\/\/api.w.org\/{rel}","templated":true}]}}